{"id":29959,"date":"2023-06-18T08:13:35","date_gmt":"2023-06-18T06:13:35","guid":{"rendered":"https:\/\/www.soleum.de\/shop\/nem-kategorizalt\/gozfejleszto-sol-steam-mini-5kw\/"},"modified":"2024-04-26T10:40:35","modified_gmt":"2024-04-26T08:40:35","slug":"gozfejleszto-sol-steam-mini-5kw","status":"publish","type":"product","link":"https:\/\/www.soleum.de\/hu\/shop\/gozfejlesztok\/gozfejleszto-sol-steam-mini-5kw\/","title":{"rendered":"G\u0151zfejleszt\u0151 SOL-Steam MINI 5kW"},"content":{"rendered":"<h2><span style=\"color: #ffcc00;\">G\u0151zfejleszt\u0151 SOL-Steam MINI 5kW = 6,6kg g\u0151ztermel\u00e9s<br \/>\n<\/span><\/h2>\n<div class=\"row\"  id=\"row-344863027\">\n\n\t<div id=\"col-1136158773\" class=\"col medium-8 small-12 large-8\"  >\n\t\t\t\t<div class=\"col-inner\"  >\n\t\t\t\n\t\t\t\n<p>A <strong>SOL-Steam MINI radi\u00e1toros g\u0151zfejleszt\u0151<\/strong> vonz\u00f3 kialak\u00edt\u00e1s\u00e1val, karcs\u00fa k\u00e9sz\u00fcl\u00e9km\u00e9reteivel \u00e9s 6,6 kg\/h teljes\u00edtm\u00e9ny\u00e9vel k\u00fcl\u00f6n\u00f6sen alkalmas a mag\u00e1n- \u00e9s lakoszt\u00e1lyf\u00fcrd\u0151kh\u00f6z. A SOL-Steam sorozatunk legkisebb g\u0151zfejleszt\u0151je.<\/p>\n<p>Az alkatr\u00e9szek optim\u00e1lis hozz\u00e1f\u00e9rhet\u0151s\u00e9ge id\u0151t takar\u00edt meg a telep\u00edt\u00e9s \u00e9s karbantart\u00e1s sor\u00e1n.<\/p>\n<p>A k\u00e9sz\u00fcl\u00e9kek teljesen demineraliz\u00e1lt, l\u00e1gy\u00edtott vagy csapv\u00edzzel \u00fczemeltethet\u0151k; teljesen demineraliz\u00e1lt v\u00edzzel \u00fczemeltetve szinte karbantart\u00e1smentesek. Az egys\u00e9gek k\u00f6rnyezetbar\u00e1tok, hat\u00e9konyak, higi\u00e9nikusak \u00e9s biztons\u00e1gosak. A termelt g\u0151z el\u0151seg\u00edti az eg\u00e9szs\u00e9get \u00e9s a j\u00f3 k\u00f6z\u00e9rzetet.<\/p>\n<p>A SOL-Steam <strong>MINI<\/strong> g\u0151zegys\u00e9g digit\u00e1lisan vez\u00e9relhet\u0151, kiolvashat\u00f3 \u00e9s param\u00e9terezhet\u0151 az integr\u00e1lt Modbus RTU kommunik\u00e1ci\u00f3s protokoll seg\u00edts\u00e9g\u00e9vel.<\/p>\n<p>A k\u00e9sz\u00fcl\u00e9kek VDE \u00e9s GS vizsg\u00e1lati jelekkel rendelkeznek, \u00e9s megfelelnek a CE \u00e9s EAC szabv\u00e1nyoknak.<\/p>\n<h2><span style=\"color: #ffcc00;\">M\u0171szaki adatok<\/span><\/h2>\n\t\t<\/div>\n\t\t\t\t\t<\/div>\n\n\t\n\n\t<div id=\"col-466059412\" class=\"col medium-4 small-12 large-4\"  >\n\t\t\t\t<div class=\"col-inner\"  >\n\t\t\t\n\t\t\t\n\t<div class=\"img has-hover x md-x lg-x y md-y lg-y\" id=\"image_989993833\">\n\t\t<a class=\"\" href=\"https:\/\/www.soleum.de\/wp-content\/uploads\/2023\/06\/SOLEUM-Dampfgenerator-Flexline-Broschuere.pdf\" target=\"_blank\" rel=\"noopener\" >\t\t\t\t\t\t<div class=\"img-inner dark\" >\n\t\t\t<img loading=\"lazy\" decoding=\"async\" width=\"227\" height=\"300\" src=\"https:\/\/www.soleum.de\/wp-content\/uploads\/2023\/06\/sol-steam-dampfbadgenerator-mini-Info.jpg\" class=\"attachment-original size-original\" alt=\"\" \/>\t\t\t\t\t\t\n\t\t\t\t\t<\/div>\n\t\t\t\t\t\t<\/a>\t\t\n<style>\n#image_989993833 {\n  width: 54%;\n}\n<\/style>\n\t<\/div>\n\t\n<p><a href=\"https:\/\/www.soleum.de\/wp-content\/uploads\/2023\/06\/SOLEUM-Dampfgenerator-Flexline-Broschuere.pdf\" target=\"_blank\" rel=\"noopener\">Bros\u00fara let\u00f6lt\u00e9se<\/a><\/p>\n\t\t<\/div>\n\t\t\t\t\t<\/div>\n\n\t\n<\/div>\n\t<div class=\"img has-hover x md-x lg-x y md-y lg-y\" id=\"image_1794786071\">\n\t\t<a class=\"image-lightbox lightbox-gallery\" title=\"\" href=\"https:\/\/www.soleum.de\/wp-content\/uploads\/2023\/06\/sol-steam-dampfgenerator-mini-technische-daten.jpg\">\t\t\t\t\t\t<div class=\"img-inner dark\" >\n\t\t\t<img loading=\"lazy\" decoding=\"async\" width=\"766\" height=\"492\" src=\"https:\/\/www.soleum.de\/wp-content\/uploads\/2023\/06\/sol-steam-dampfgenerator-mini-technische-daten.jpg\" class=\"attachment-original size-original\" alt=\"\" srcset=\"https:\/\/www.soleum.de\/wp-content\/uploads\/2023\/06\/sol-steam-dampfgenerator-mini-technische-daten.jpg 766w, https:\/\/www.soleum.de\/wp-content\/uploads\/2023\/06\/sol-steam-dampfgenerator-mini-technische-daten-623x400.jpg 623w, https:\/\/www.soleum.de\/wp-content\/uploads\/2023\/06\/sol-steam-dampfgenerator-mini-technische-daten-510x328.jpg 510w\" sizes=\"auto, (max-width: 766px) 100vw, 766px\" \/>\t\t\t\t\t\t\n\t\t\t\t\t<\/div>\n\t\t\t\t\t\t<\/a>\t\t\n<style>\n#image_1794786071 {\n  width: 65%;\n}\n<\/style>\n\t<\/div>\n\t\n\t<div class=\"img has-hover x md-x lg-x y md-y lg-y\" id=\"image_70406400\">\n\t\t<a class=\"image-lightbox lightbox-gallery\" title=\"\" href=\"https:\/\/www.soleum.de\/wp-content\/uploads\/2023\/06\/sol-steam-dampfbadgenerator-mini-abmessungen.jpg\">\t\t\t\t\t\t<div class=\"img-inner dark\" >\n\t\t\t<img loading=\"lazy\" decoding=\"async\" width=\"993\" height=\"800\" src=\"https:\/\/www.soleum.de\/wp-content\/uploads\/2023\/06\/sol-steam-dampfbadgenerator-mini-abmessungen-993x800.jpg\" class=\"attachment-large size-large\" alt=\"\" srcset=\"https:\/\/www.soleum.de\/wp-content\/uploads\/2023\/06\/sol-steam-dampfbadgenerator-mini-abmessungen-993x800.jpg 993w, https:\/\/www.soleum.de\/wp-content\/uploads\/2023\/06\/sol-steam-dampfbadgenerator-mini-abmessungen-496x400.jpg 496w, https:\/\/www.soleum.de\/wp-content\/uploads\/2023\/06\/sol-steam-dampfbadgenerator-mini-abmessungen-768x619.jpg 768w, https:\/\/www.soleum.de\/wp-content\/uploads\/2023\/06\/sol-steam-dampfbadgenerator-mini-abmessungen-510x411.jpg 510w, https:\/\/www.soleum.de\/wp-content\/uploads\/2023\/06\/sol-steam-dampfbadgenerator-mini-abmessungen.jpg 1000w\" sizes=\"auto, (max-width: 993px) 100vw, 993px\" \/>\t\t\t\t\t\t\n\t\t\t\t\t<\/div>\n\t\t\t\t\t\t<\/a>\t\t\n<style>\n#image_70406400 {\n  width: 73%;\n}\n<\/style>\n\t<\/div>\n\t\n<h3 class=\"uppercase\"><span style=\"color: #ffcc00;\">Magas biztons\u00e1g<\/span><\/h3>\n<div class=\"content_element textdefault c_256\" data-content-id=\"256\">\n<article class=\"text\">A v\u00edz felmeleg\u00edt\u00e9se a szigetelt rozsdamentes ac\u00e9lpalackban t\u00f6rt\u00e9nik a mer\u00fcl\u0151f\u0171t\u00e9s elve szerint. A HeaterSlim abszol\u00fat folyamatbiztons\u00e1got biztos\u00edt az \u00e9rz\u00e9kel\u0151 elektr\u00f3d\u00e1kkal v\u00e9gzett szintm\u00e9r\u00e9s r\u00e9v\u00e9n. A radi\u00e1torok mechanikus t\u00falmeleged\u00e9s elleni v\u00e9delme \u00e9s a szintszab\u00e1lyoz\u00e1s a lehet\u0151 legnagyobb \u00fczembiztons\u00e1got biztos\u00edtja.A h\u00e1z z\u00e1rhat\u00f3, \u00edgy v\u00e9dve az illet\u00e9ktelen hozz\u00e1f\u00e9r\u00e9s ellen.<\/article>\n<\/div>\n<div class=\"content_element textdefault c_257\" data-content-id=\"257\">\n<article class=\"text\">\n<div class=\"headline\">\n<h3 class=\"h\"><span style=\"color: #ffcc00;\">Higi\u00e9niailag hib\u00e1tlan.<\/span><\/h3>\n<\/div>\n<p>A SOL-Steam MINI g\u0151zfejleszt\u0151 \u00e1sv\u00e1nyi anyagmentes, higi\u00e9nikus g\u0151zt termel az \u00d6n <strong>j\u00f3l\u00e9te \u00e9s eg\u00e9szs\u00e9ge<\/strong> \u00e9rdek\u00e9ben.<\/p>\n<\/article>\n<\/div>\n<div class=\"content_element textdefault c_258\" data-content-id=\"258\">\n<article class=\"text\">\n<div class=\"headline\">\n<h3 class=\"h\"><span style=\"color: #ffcc00;\">Rugalmas csatlakoztat\u00e1s \u00e9s teljes\u00edtm\u00e9ny.<\/span><\/h3>\n<\/div>\n<p>A <strong>SOL-Steam MINI<\/strong> g\u0151zfejleszt\u0151 rugalmasan haszn\u00e1lhat\u00f3 a k\u00e9sz\u00fcl\u00e9kben rendelkez\u00e9sre \u00e1ll\u00f3 230 V-os \u00e9s 400 V-os csatlakoz\u00f3knak k\u00f6sz\u00f6nhet\u0151en. A k\u00f6nnyen cs\u00f6kkenthet\u0151 akt\u00edv sug\u00e1rz\u00f3k sz\u00e1m\u00e1nak k\u00f6sz\u00f6nhet\u0151en egy k\u00e9sz\u00fcl\u00e9km\u00e9retben k\u00e9t teljes\u00edtm\u00e9nyoszt\u00e1lyt k\u00edn\u00e1l.<\/p>\n<\/article>\n<\/div>\n<div class=\"is-divider divider clearfix\" style=\"max-width:1500px;\"><\/div>\n\t<div class=\"img has-hover x md-x lg-x y md-y lg-y\" id=\"image_1268559498\">\n\t\t\t\t\t\t\t\t<div class=\"img-inner dark\" >\n\t\t\t<img loading=\"lazy\" decoding=\"async\" width=\"732\" height=\"233\" src=\"https:\/\/www.soleum.de\/wp-content\/uploads\/2023\/06\/sol-steam-dampfgenerator-Anschluesse.jpg\" class=\"attachment-large size-large\" alt=\"\" srcset=\"https:\/\/www.soleum.de\/wp-content\/uploads\/2023\/06\/sol-steam-dampfgenerator-Anschluesse.jpg 732w, https:\/\/www.soleum.de\/wp-content\/uploads\/2023\/06\/sol-steam-dampfgenerator-Anschluesse-510x162.jpg 510w\" sizes=\"auto, (max-width: 732px) 100vw, 732px\" \/>\t\t\t\t\t\t\n\t\t\t\t\t<\/div>\n\t\t\t\t\t\t\t\t\n<style>\n#image_1268559498 {\n  width: 100%;\n}\n<\/style>\n\t<\/div>\n\t\n<div class=\"content_element textdefault c_259\" data-content-id=\"259\">\n<article class=\"text\">\n<div class=\"headline\">\n<h2 class=\"h\"><span style=\"color: #ffcc00;\">K\u00f6nny\u0171 karbantart\u00e1s &#8211; \u00fajrafelhaszn\u00e1l\u00e1s helyett csere.<\/span><\/h2>\n<\/div>\n<p>Ez a hi\u00e1nyp\u00f3tl\u00f3 g\u0151zfejleszt\u0151 ide\u00e1lis alkatr\u00e9sz-hozz\u00e1f\u00e9r\u00e9st biztos\u00edt. Karbantart\u00e1s c\u00e9lj\u00e1b\u00f3l a g\u0151zhenger k\u00f6nnyen, speci\u00e1lis szersz\u00e1mok n\u00e9lk\u00fcl elt\u00e1vol\u00edthat\u00f3. A radi\u00e1torok n\u00e9h\u00e1ny egyszer\u0171 l\u00e9p\u00e9sben elt\u00e1vol\u00edthat\u00f3k \u00e9s tiszt\u00edthat\u00f3k. Ha a radi\u00e1toros g\u0151zfejleszt\u0151t teljesen demineraliz\u00e1lt v\u00edzzel \u00fczemeltetik, szinte semmilyen lerak\u00f3d\u00e1s nem k\u00e9pz\u0151dik, \u00e9s a karbantart\u00e1si ig\u00e9ny minim\u00e1lis.<\/p>\n<\/article>\n<\/div>\n<div class=\"row\"  id=\"row-523211305\">\n\n\t<div id=\"col-1169990259\" class=\"col medium-4 small-12 large-4\"  >\n\t\t\t\t<div class=\"col-inner\"  >\n\t\t\t\n\t\t\t\n\t<div class=\"img has-hover x md-x lg-x y md-y lg-y\" id=\"image_486936906\">\n\t\t\t\t\t\t\t\t<div class=\"img-inner dark\" >\n\t\t\t<img loading=\"lazy\" decoding=\"async\" width=\"350\" height=\"242\" src=\"https:\/\/www.soleum.de\/wp-content\/uploads\/2023\/06\/sol-steam-dampfgenerator-Innen.jpg\" class=\"attachment-large size-large\" alt=\"\" \/>\t\t\t\t\t\t\n\t\t\t\t\t<\/div>\n\t\t\t\t\t\t\t\t\n<style>\n#image_486936906 {\n  width: 100%;\n}\n<\/style>\n\t<\/div>\n\t\n\t\t<\/div>\n\t\t\t\t\t<\/div>\n\n\t\n\n\t<div id=\"col-571283902\" class=\"col medium-4 small-12 large-4\"  >\n\t\t\t\t<div class=\"col-inner\"  >\n\t\t\t\n\t\t\t\n\t<div class=\"img has-hover x md-x lg-x y md-y lg-y\" id=\"image_512974071\">\n\t\t\t\t\t\t\t\t<div class=\"img-inner dark\" >\n\t\t\t<img loading=\"lazy\" decoding=\"async\" width=\"329\" height=\"193\" src=\"https:\/\/www.soleum.de\/wp-content\/uploads\/2023\/06\/sol-steam-dampfgenerator-Tank.jpg\" class=\"attachment-large size-large\" alt=\"\" \/>\t\t\t\t\t\t\n\t\t\t\t\t<\/div>\n\t\t\t\t\t\t\t\t\n<style>\n#image_512974071 {\n  width: 100%;\n}\n<\/style>\n\t<\/div>\n\t\n\t\t<\/div>\n\t\t\t\t\t<\/div>\n\n\t\n\n\t<div id=\"col-714279877\" class=\"col medium-4 small-12 large-4\"  >\n\t\t\t\t<div class=\"col-inner\"  >\n\t\t\t\n\t\t\t\n\t<div class=\"img has-hover x md-x lg-x y md-y lg-y\" id=\"image_157478889\">\n\t\t<a class=\"image-lightbox lightbox-gallery\" title=\"\" href=\"https:\/\/www.soleum.de\/wp-content\/uploads\/2023\/06\/sol-steam-dampfgenerator-MINI-Heizstab.jpg\">\t\t\t\t\t\t<div class=\"img-inner dark\" >\n\t\t\t<img loading=\"lazy\" decoding=\"async\" width=\"347\" height=\"216\" src=\"https:\/\/www.soleum.de\/wp-content\/uploads\/2023\/06\/sol-steam-dampfgenerator-MINI-Heizstab.jpg\" class=\"attachment-large size-large\" alt=\"\" \/>\t\t\t\t\t\t\n\t\t\t\t\t<\/div>\n\t\t\t\t\t\t<\/a>\t\t\n<style>\n#image_157478889 {\n  width: 100%;\n}\n<\/style>\n\t<\/div>\n\t\n\t\t<\/div>\n\t\t\t\t\t<\/div>\n\n\t\n<\/div>\n\t<div class=\"img has-hover x md-x lg-x y md-y lg-y\" id=\"image_1829631980\">\n\t\t\t\t\t\t\t\t<div class=\"img-inner dark\" >\n\t\t\t<img loading=\"lazy\" decoding=\"async\" width=\"610\" height=\"600\" src=\"https:\/\/www.soleum.de\/wp-content\/uploads\/2023\/06\/sol-steam-dampfgenerator-mini-offen.jpg\" class=\"attachment-original size-original\" alt=\"\" srcset=\"https:\/\/www.soleum.de\/wp-content\/uploads\/2023\/06\/sol-steam-dampfgenerator-mini-offen.jpg 610w, https:\/\/www.soleum.de\/wp-content\/uploads\/2023\/06\/sol-steam-dampfgenerator-mini-offen-407x400.jpg 407w, https:\/\/www.soleum.de\/wp-content\/uploads\/2023\/06\/sol-steam-dampfgenerator-mini-offen-510x502.jpg 510w\" sizes=\"auto, (max-width: 610px) 100vw, 610px\" \/>\t\t\t\t\t\t\n\t\t\t\t\t<\/div>\n\t\t\t\t\t\t\t\t\n<style>\n#image_1829631980 {\n  width: 64%;\n}\n<\/style>\n\t<\/div>\n\t\n<div class=\"row\"  id=\"row-1093663688\">\n\n\t<div id=\"col-164540946\" class=\"col medium-6 small-12 large-6\"  >\n\t\t\t\t<div class=\"col-inner\"  >\n\t\t\t\n\t\t\t\n<div class=\"content_element textdefault c_260\" data-content-id=\"260\">\n<article class=\"text\">\n<div class=\"headline\">\n<h2 class=\"h\"><span style=\"color: #ffcc00;\">K\u00f6nnyen haszn\u00e1lhat\u00f3 a Spa Touch Control seg\u00edts\u00e9g\u00e9vel. (opcion\u00e1lis)<\/span><\/h2>\n<\/div>\n<p>Ezt a kiv\u00e1l\u00f3 min\u0151s\u00e9g\u0171, v\u00e9kony MINI g\u0151zfejleszt\u0151t optim\u00e1lisan a Spa Touch Control k\u00e9sz\u00fcl\u00e9kkel val\u00f3 haszn\u00e1latra tervezt\u00e9k. A k\u00fcls\u0151, \u00e1lland\u00f3an be\u00e9p\u00edtett 5&#8243;-os \u00e9rint\u0151kijelz\u0151vel a g\u0151zf\u00fcrd\u0151 h\u0151m\u00e9rs\u00e9klete, illata \u00e9s f\u00e9nye egyszer\u0171en \u00e9s k\u00e9nyelmesen szab\u00e1lyozhat\u00f3.<\/p>\n<ul>\n<li>IP65* v\u00e9delmi oszt\u00e1ly\u00fa kijelz\u0151fel\u00fclet<\/li>\n<li>Rugalmas, kapacit\u00edv 5&#8243;-os \u00e9rint\u0151kijelz\u0151<\/li>\n<li>Felbont\u00e1s 800 x 480, 65k sz\u00edn<\/li>\n<li>A funkci\u00f3k k\u00f6re konfigur\u00e1lhat\u00f3 (be\u00e1ll\u00edtott h\u0151m\u00e9rs\u00e9klet, illat stb.)<\/li>\n<li>Val\u00f3s idej\u0171 \u00f3ra fut\u00e1si id\u0151vel \u00e9s id\u0151z\u00edt\u0151 programmal<\/li>\n<li>Nagyfok\u00fa \u00fczembiztons\u00e1g a g\u0151zfejleszt\u0151 karbantart\u00e1si \u00e9s hiba\u00fczeneteinek kijelz\u00e9se miatt.<\/li>\n<\/ul>\n<p>*A telep\u00edt\u00e9s IP65 v\u00e9delmi oszt\u00e1lya megfelel\u0151 helysz\u00edni fali t\u00f6m\u00edt\u00e9st ig\u00e9nyel.<\/p>\n<\/article>\n<\/div>\n\t\t<\/div>\n\t\t\t\t\t<\/div>\n\n\t\n\n\t<div id=\"col-1897848701\" class=\"col medium-6 small-12 large-6\"  >\n\t\t\t\t<div class=\"col-inner\"  >\n\t\t\t\n\t\t\t\n\t<div class=\"img has-hover x md-x lg-x y md-y lg-y\" id=\"image_1232634632\">\n\t\t<a class=\"\" href=\"https:\/\/www.soleum.de\/hu\/shop\/gozfejlesztok\/spa-vezerlopanel-gozfejlesztohoez\/\" >\t\t\t\t\t\t<div class=\"img-inner dark\" >\n\t\t\t<img loading=\"lazy\" decoding=\"async\" width=\"356\" height=\"259\" src=\"https:\/\/www.soleum.de\/wp-content\/uploads\/2023\/06\/sol-steam-dampfgenerator-MINI-SPA-Display.jpg\" class=\"attachment-large size-large\" alt=\"sol-steam-steam-steam-generator-MINI-SPA-Display\" \/>\t\t\t\t\t\t\n\t\t\t\t\t<\/div>\n\t\t\t\t\t\t<\/a>\t\t\n<style>\n#image_1232634632 {\n  width: 100%;\n}\n<\/style>\n\t<\/div>\n\t\n\t\t<\/div>\n\t\t\t\t\t<\/div>\n\n\t\n<\/div>\n\t<div id=\"gap-1745858732\" class=\"gap-element clearfix\" style=\"display:block; height:auto;\">\n\t\t\n<style>\n#gap-1745858732 {\n  padding-top: 80px;\n}\n<\/style>\n\t<\/div>\n\t\n<h3><span style=\"color: #ffcc00;\">Alkalmaz\u00e1si ter\u00fcletek<\/span><\/h3>\n<h4><span style=\"color: #ffcc00;\">Wellness sz\u00e1llod\u00e1k, SPA r\u00e9szlegek, priv\u00e1t g\u0151zf\u00fcrd\u0151k<\/span><\/h4>\n<p>A wellness-sz\u00e1llod\u00e1kban a hangs\u00faly a pihen\u00e9sen, a kikapcsol\u00f3d\u00e1son \u00e9s a vend\u00e9gek eg\u00e9szs\u00e9g\u00e9n van. A szab\u00e1lyozott h\u0151 \u00e9s a higi\u00e9nikus g\u0151z tiszt\u00edt\u00f3 \u00e9s nyugtat\u00f3 nedvess\u00e9get biztos\u00edt sz\u00e1mos wellness-kezel\u00e9shez.<\/p>\n<h4><span style=\"color: #ffcc00;\">Fitneszklubok \u00e9s sportst\u00fadi\u00f3k<\/span><\/h4>\n<p>A meger\u0151ltet\u0151 fitneszedz\u00e9s ut\u00e1ni pihen\u00e9s a wellnessr\u00e9szlegben visszahozza a testet az egyens\u00falyba. Ehhez d\u00f6nt\u0151en hozz\u00e1j\u00e1rulnak a k\u00fcl\u00f6nb\u00f6z\u0151 g\u0151zalkalmaz\u00e1sok, valamint az eg\u00e9szs\u00e9ges helyis\u00e9gkl\u00edma.<\/p>\n<blockquote><p>Rendelje meg a tartoz\u00e9kokat egyidej\u0171leg<\/p><\/blockquote>\n\t\n  \n    <div class=\"row large-columns-4 medium-columns-3 small-columns-2 row-small slider row-slider slider-nav-reveal slider-nav-push\"  data-flickity-options='{&quot;imagesLoaded&quot;: true, &quot;groupCells&quot;: &quot;100%&quot;, &quot;dragThreshold&quot; : 5, &quot;cellAlign&quot;: &quot;left&quot;,&quot;wrapAround&quot;: true,&quot;prevNextButtons&quot;: true,&quot;percentPosition&quot;: true,&quot;pageDots&quot;: false, &quot;rightToLeft&quot;: false, &quot;autoPlay&quot; : false}' >\n\n  \n\t     <div class=\"product-small col has-hover out-of-stock product type-product post-29837 status-publish first outofstock product_cat-gozfejlesztok product_tag-goztoemlo product_tag-gozvezetek product_tag-rugalmas-goztoemlo has-post-thumbnail taxable shipping-taxable purchasable product-type-simple\">\n\t<div class=\"col-inner\">\n\t\n<div class=\"badge-container absolute left top z-1\">\n\n<\/div>\n\t<div class=\"product-small box \">\n\t\t<div class=\"box-image\">\n\t\t\t<div class=\"image-fade_in_back\">\n\t\t\t\t<a href=\"https:\/\/www.soleum.de\/hu\/shop\/gozfejlesztok\/gozcso_gozcso_dn40\/\">\n\t\t\t\t\t<img loading=\"lazy\" decoding=\"async\" width=\"247\" height=\"300\" src=\"https:\/\/www.soleum.de\/wp-content\/uploads\/2023\/06\/Dampfschlauch-DN40-247x300.jpg\" class=\"attachment-woocommerce_thumbnail size-woocommerce_thumbnail\" alt=\"G\u0151zt\u00f6ml\u0151-DN40\" \/>\t\t\t\t<\/a>\n\t\t\t<\/div>\n\t\t\t<div class=\"image-tools is-small top right show-on-hover\">\n\t\t\t\t\t\t\t<\/div>\n\t\t\t<div class=\"image-tools is-small hide-for-small bottom left show-on-hover\">\n\t\t\t\t\t\t\t<\/div>\n\t\t\t<div class=\"image-tools grid-tools text-center hide-for-small bottom hover-slide-in show-on-hover\">\n\t\t\t\t<a href=\"#quick-view\" class=\"quick-view\" role=\"button\" data-prod=\"29837\" aria-haspopup=\"dialog\" aria-expanded=\"false\" data-flatsome-role-button>Gyors n\u00e9zet<\/a>\t\t\t<\/div>\n\t\t\t<div class=\"out-of-stock-label\">Elfogyott<\/div>\t\t<\/div>\n\n\t\t<div class=\"box-text box-text-products\">\n\t\t\t<div class=\"title-wrapper\">\t\t<p class=\"category uppercase is-smaller no-text-overflow product-cat op-8\">\n\t\t\tG\u0151zfejleszt\u0151k\t\t<\/p>\n\t<p class=\"name product-title woocommerce-loop-product__title\"><a href=\"https:\/\/www.soleum.de\/hu\/shop\/gozfejlesztok\/gozcso_gozcso_dn40\/\" class=\"woocommerce-LoopProduct-link woocommerce-loop-product__link\">1m g\u0151zvezet\u00e9k g\u0151zt\u00f6ml\u0151_DN40<\/a><\/p><\/div><div class=\"price-wrapper\">\n\t<span class=\"price\"><span class=\"woocommerce-Price-amount amount\"><bdi>84,50&nbsp;<span class=\"woocommerce-Price-currencySymbol\">&euro;<\/span><\/bdi><\/span> <small class=\"woocommerce-price-suffix\">inkl. MWSt.<\/small><\/span>\n<\/div>\t\t<\/div>\n\t<\/div>\n\t\t<\/div>\n<\/div><div class=\"product-small col has-hover out-of-stock product type-product post-29833 status-publish outofstock product_cat-gozfejlesztok product_tag-gozfuerdo-homerseklete product_tag-homerseklet-erzekelo product_tag-homersekletszabalyozo-gozfuerdo has-post-thumbnail taxable shipping-taxable purchasable product-type-simple\">\n\t<div class=\"col-inner\">\n\t\n<div class=\"badge-container absolute left top z-1\">\n\n<\/div>\n\t<div class=\"product-small box \">\n\t\t<div class=\"box-image\">\n\t\t\t<div class=\"image-fade_in_back\">\n\t\t\t\t<a href=\"https:\/\/www.soleum.de\/hu\/shop\/gozfejlesztok\/homerseklet-erzekelo-tf-104\/\">\n\t\t\t\t\t<img loading=\"lazy\" decoding=\"async\" width=\"247\" height=\"300\" src=\"https:\/\/www.soleum.de\/wp-content\/uploads\/2023\/06\/Temperaturfuehler_TF_104-247x300.jpg\" class=\"attachment-woocommerce_thumbnail size-woocommerce_thumbnail\" alt=\"H\u0151m\u00e9rs\u00e9klet-\u00e9rz\u00e9kel\u0151_TF_104\" \/>\t\t\t\t<\/a>\n\t\t\t<\/div>\n\t\t\t<div class=\"image-tools is-small top right show-on-hover\">\n\t\t\t\t\t\t\t<\/div>\n\t\t\t<div class=\"image-tools is-small hide-for-small bottom left show-on-hover\">\n\t\t\t\t\t\t\t<\/div>\n\t\t\t<div class=\"image-tools grid-tools text-center hide-for-small bottom hover-slide-in show-on-hover\">\n\t\t\t\t<a href=\"#quick-view\" class=\"quick-view\" role=\"button\" data-prod=\"29833\" aria-haspopup=\"dialog\" aria-expanded=\"false\" data-flatsome-role-button>Gyors n\u00e9zet<\/a>\t\t\t<\/div>\n\t\t\t<div class=\"out-of-stock-label\">Elfogyott<\/div>\t\t<\/div>\n\n\t\t<div class=\"box-text box-text-products\">\n\t\t\t<div class=\"title-wrapper\">\t\t<p class=\"category uppercase is-smaller no-text-overflow product-cat op-8\">\n\t\t\tG\u0151zfejleszt\u0151k\t\t<\/p>\n\t<p class=\"name product-title woocommerce-loop-product__title\"><a href=\"https:\/\/www.soleum.de\/hu\/shop\/gozfejlesztok\/homerseklet-erzekelo-tf-104\/\" class=\"woocommerce-LoopProduct-link woocommerce-loop-product__link\">H\u0151m\u00e9rs\u00e9klet-\u00e9rz\u00e9kel\u0151 TF 104<\/a><\/p><\/div><div class=\"price-wrapper\">\n\t<span class=\"price\"><span class=\"woocommerce-Price-amount amount\"><bdi>145,00&nbsp;<span class=\"woocommerce-Price-currencySymbol\">&euro;<\/span><\/bdi><\/span> <small class=\"woocommerce-price-suffix\">inkl. MWSt.<\/small><\/span>\n<\/div>\t\t<\/div>\n\t<\/div>\n\t\t<\/div>\n<\/div><\/div>\n\t<div id=\"gap-805754828\" class=\"gap-element clearfix\" style=\"display:block; height:auto;\">\n\t\t\n<style>\n#gap-805754828 {\n  padding-top: 80px;\n}\n<\/style>\n\t<\/div>\n\t\n","protected":false},"excerpt":{"rendered":"<p>G\u0151zfejleszt\u0151 g\u0151zf\u00fcrd\u0151h\u00f6z \u00e9s g\u0151zzuhanyhoz: G\u0151zfejleszt\u0151 SOL-Steam MINI 5kW: Kis radi\u00e1toros g\u0151zfejleszt\u0151 szinte b\u00e1rmilyen be\u00e9p\u00edt\u00e9si helyzethez. A SOLEUM legv\u00e9konyabb g\u0151zk\u00e9sz\u00fcl\u00e9ke<\/p>\n","protected":false},"featured_media":20665,"template":"","meta":[],"product_brand":[],"product_cat":[3674],"product_tag":[5356,3680,3684,5025,5353,5024,3704,5021,5016,3687,3677,5023,5354,5355,5358,5018,5022,5020,5019],"class_list":{"0":"post-29959","1":"product","2":"type-product","3":"status-publish","4":"has-post-thumbnail","6":"product_cat-gozfejlesztok","7":"product_tag-a-legkisebb-gozfejleszto","8":"product_tag-gozfejleszto","9":"product_tag-gozfejleszto-hu","10":"product_tag-gozfejleszto-edzoteremhez","11":"product_tag-gozfejleszto-sol-steam-mini","12":"product_tag-gozfejleszto-szalloda-szamara","13":"product_tag-gozfuerdo-technologia","14":"product_tag-gozfuerdo-technologia-hu","15":"product_tag-gozhenger","16":"product_tag-gozkeszuelek","17":"product_tag-gozparasito","18":"product_tag-kereskedelmi-gozfejleszto","19":"product_tag-keskeny-gozfejleszto","20":"product_tag-kis-gozfejleszto","21":"product_tag-legkeskenyebb-gozfejleszto","22":"product_tag-privat-gozfuerdok","23":"product_tag-radiatoros-gozfejleszto","24":"product_tag-spa-teruelet","25":"product_tag-wellness-szallodak","26":"product_shipping_class-csomag-10-31kg","28":"last","29":"instock","30":"taxable","31":"shipping-taxable","32":"purchasable","33":"product-type-simple"},"_links":{"self":[{"href":"https:\/\/www.soleum.de\/hu\/wp-json\/wp\/v2\/product\/29959","targetHints":{"allow":["GET"]}}],"collection":[{"href":"https:\/\/www.soleum.de\/hu\/wp-json\/wp\/v2\/product"}],"about":[{"href":"https:\/\/www.soleum.de\/hu\/wp-json\/wp\/v2\/types\/product"}],"wp:featuredmedia":[{"embeddable":true,"href":"https:\/\/www.soleum.de\/hu\/wp-json\/wp\/v2\/media\/20665"}],"wp:attachment":[{"href":"https:\/\/www.soleum.de\/hu\/wp-json\/wp\/v2\/media?parent=29959"}],"wp:term":[{"taxonomy":"product_brand","embeddable":true,"href":"https:\/\/www.soleum.de\/hu\/wp-json\/wp\/v2\/product_brand?post=29959"},{"taxonomy":"product_cat","embeddable":true,"href":"https:\/\/www.soleum.de\/hu\/wp-json\/wp\/v2\/product_cat?post=29959"},{"taxonomy":"product_tag","embeddable":true,"href":"https:\/\/www.soleum.de\/hu\/wp-json\/wp\/v2\/product_tag?post=29959"}],"curies":[{"name":"wp","href":"https:\/\/api.w.org\/{rel}","templated":true}]}}