{"id":29963,"date":"2019-05-23T10:32:17","date_gmt":"2019-05-23T08:32:17","guid":{"rendered":"https:\/\/www.soleum.de\/shop\/nem-kategorizalt\/rgbw-szines-feny-led-keszlet\/"},"modified":"2024-02-23T17:07:17","modified_gmt":"2024-02-23T16:07:17","slug":"rgbw-szines-feny-led-keszlet","status":"publish","type":"product","link":"https:\/\/www.soleum.de\/hu\/shop\/led-lampak\/rgbw-szines-feny-led-keszlet\/","title":{"rendered":"RGBW sz\u00ednes f\u00e9ny LED k\u00e9szlet"},"content":{"rendered":"\t<div class=\"box has-hover   has-hover box-vertical box-text-bottom\" >\n\n\t\t<div class=\"box-image\" style=\"width:50%;\">\n\t\t\t\t\t\t<div class=\"\" >\n\t\t\t\t<img loading=\"lazy\" decoding=\"async\" width=\"720\" height=\"720\" src=\"https:\/\/www.soleum.de\/wp-content\/uploads\/2019\/05\/RGBW-LEDlampe-Set.jpg\" class=\"attachment- size-\" alt=\"RGBW sz\u00ednes f\u00e9ny LED k\u00e9szlet\" srcset=\"https:\/\/www.soleum.de\/wp-content\/uploads\/2019\/05\/RGBW-LEDlampe-Set.jpg 720w, https:\/\/www.soleum.de\/wp-content\/uploads\/2019\/05\/RGBW-LEDlampe-Set-280x280.jpg 280w, https:\/\/www.soleum.de\/wp-content\/uploads\/2019\/05\/RGBW-LEDlampe-Set-400x400.jpg 400w, https:\/\/www.soleum.de\/wp-content\/uploads\/2019\/05\/RGBW-LEDlampe-Set-510x510.jpg 510w, https:\/\/www.soleum.de\/wp-content\/uploads\/2019\/05\/RGBW-LEDlampe-Set-100x100.jpg 100w\" sizes=\"auto, (max-width: 720px) 100vw, 720px\" \/>\t\t\t\t\t\t\t\t\t\t\t<\/div>\n\t\t\t\t\t<\/div>\n\n\t\t<div class=\"box-text text-right is-xlarge\" >\n\t\t\t<div class=\"box-text-inner\">\n\t\t\t\t\n<h1 style=\"text-align: left;\">RGBW sz\u00ednes f\u00e9ny LED szett g\u0151zf\u00fcrd\u0151h\u00f6z \u00e9s g\u0151zf\u00fcrd\u0151h\u00f6z vagy padl\u00f3ra t\u00f6rt\u00e9n\u0151 felszerel\u00e9shez<\/h1>\n<p style=\"text-align: left;\"><strong>IP67<\/strong>, nemes kialak\u00edt\u00e1s \u00e9s kiv\u00e1l\u00f3 min\u0151s\u00e9g\u0171, robusztus kivitel, valamint nagyon er\u0151s f\u00e9ny (piros, z\u00f6ld, k\u00e9k, feh\u00e9r).<\/p>\n<p style=\"text-align: left;\">\u00c1tm\u00e9r\u0151 14cm, be\u00e9p\u00edt\u00e9si m\u00e9lys\u00e9g kb. 11,5cm<\/p>\n<p style=\"text-align: left;\"><strong>S\u00fcllyesztett padl\u00f3s reflektork\u00e9nt<\/strong> is haszn\u00e1lhat\u00f3<\/p>\n<p style=\"text-align: left;\">Cikksz\u00e1m: 6431088032<\/p>\n\t\t\t<\/div>\n\t\t<\/div>\n\t<\/div>\n\t\n<div class=\"text-center\"><div class=\"is-divider divider clearfix\" style=\"max-width:800px;background-color:rgb(20, 117, 244);\"><\/div><\/div>\n\n\t<section class=\"section\" id=\"section_1973493938\">\n\t\t<div class=\"section-bg fill\" >\n\t\t\t<img loading=\"lazy\" decoding=\"async\" width=\"720\" height=\"720\" src=\"https:\/\/www.soleum.de\/wp-content\/uploads\/2019\/05\/RGBW-LED-Bedienteil.jpg\" class=\"bg attachment- size-\" alt=\"RGBW LED vez\u00e9rl\u0151panel\" \/>\t\t\t\t\t\t<div class=\"section-bg-overlay absolute fill\"><\/div>\n\t\t\t\n\n\t\t<\/div>\n\n\t\t\n\n\t\t<div class=\"section-content relative\">\n\t\t\t\n<div class=\"row row-large align-middle\"  id=\"row-1227611406\">\n\n\t<div id=\"col-1450294978\" class=\"col medium-6 small-12 large-6\"  >\n\t\t\t\t<div class=\"col-inner\"  >\n\t\t\t\n\t\t\t\n\t<div class=\"img has-hover x md-x lg-x y md-y lg-y\" id=\"image_1689653890\">\n\t\t\t\t\t\t\t\t<div class=\"img-inner dark\" >\n\t\t\t<img loading=\"lazy\" decoding=\"async\" width=\"720\" height=\"720\" src=\"https:\/\/www.soleum.de\/wp-content\/uploads\/2019\/05\/RGBW-LED-Bedienteil.jpg\" class=\"attachment-large size-large\" alt=\"RGBW LED vez\u00e9rl\u0151panel\" srcset=\"https:\/\/www.soleum.de\/wp-content\/uploads\/2019\/05\/RGBW-LED-Bedienteil.jpg 720w, https:\/\/www.soleum.de\/wp-content\/uploads\/2019\/05\/RGBW-LED-Bedienteil-280x280.jpg 280w, https:\/\/www.soleum.de\/wp-content\/uploads\/2019\/05\/RGBW-LED-Bedienteil-400x400.jpg 400w, https:\/\/www.soleum.de\/wp-content\/uploads\/2019\/05\/RGBW-LED-Bedienteil-510x510.jpg 510w, https:\/\/www.soleum.de\/wp-content\/uploads\/2019\/05\/RGBW-LED-Bedienteil-100x100.jpg 100w\" sizes=\"auto, (max-width: 720px) 100vw, 720px\" \/>\t\t\t\t\t\t\n\t\t\t\t\t<\/div>\n\t\t\t\t\t\t\t\t\n<style>\n#image_1689653890 {\n  width: 100%;\n}\n<\/style>\n\t<\/div>\n\t\n\t<div class=\"img has-hover x md-x lg-x y md-y lg-y\" id=\"image_1536182241\">\n\t\t\t\t\t\t\t\t<div class=\"img-inner dark\" >\n\t\t\t<img loading=\"lazy\" decoding=\"async\" width=\"720\" height=\"720\" src=\"https:\/\/www.soleum.de\/wp-content\/uploads\/2019\/05\/RGBW-LED-Bedienteil-Rueckseite.jpg\" class=\"attachment-large size-large\" alt=\"RGBW LED vez\u00e9rl\u0151panel h\u00e1tlap\" srcset=\"https:\/\/www.soleum.de\/wp-content\/uploads\/2019\/05\/RGBW-LED-Bedienteil-Rueckseite.jpg 720w, https:\/\/www.soleum.de\/wp-content\/uploads\/2019\/05\/RGBW-LED-Bedienteil-Rueckseite-280x280.jpg 280w, https:\/\/www.soleum.de\/wp-content\/uploads\/2019\/05\/RGBW-LED-Bedienteil-Rueckseite-400x400.jpg 400w, https:\/\/www.soleum.de\/wp-content\/uploads\/2019\/05\/RGBW-LED-Bedienteil-Rueckseite-510x510.jpg 510w, https:\/\/www.soleum.de\/wp-content\/uploads\/2019\/05\/RGBW-LED-Bedienteil-Rueckseite-100x100.jpg 100w\" sizes=\"auto, (max-width: 720px) 100vw, 720px\" \/>\t\t\t\t\t\t\n\t\t\t\t\t<\/div>\n\t\t\t\t\t\t\t\t\n<style>\n#image_1536182241 {\n  width: 100%;\n}\n<\/style>\n\t<\/div>\n\t\n\t\t<\/div>\n\t\t\t\t\t<\/div>\n\n\t\n\n\t<div id=\"col-390356941\" class=\"col medium-6 small-12 large-6\"  >\n\t\t\t\t<div class=\"col-inner text-left\"  >\n\t\t\t\n\t\t\t\n<h2>Sz\u00ednes f\u00e9nyvez\u00e9rl\u0151 panel \/ fali kapcsol\u00f3<\/h2>\n<p>A sz\u00ednes f\u00e9nyvez\u00e9rl\u0151 egys\u00e9get vagy a vez\u00e9rl\u0151egys\u00e9get a g\u0151zkabin\/g\u0151zzuhany el\u0151tt, egy norm\u00e1l kapcsol\u00f3szekr\u00e9nyben helyezik el. A vez\u00e9rl\u0151nek csak 230 V-os csatlakoz\u00e1sra van sz\u00fcks\u00e9ge, majd r\u00e1di\u00f3jelen kereszt\u00fcl csatlakozik a vez\u00e9rl\u0151h\u00f6z. A sz\u00ednes f\u00e9nyvez\u00e9rl\u0151 a technol\u00f3giai dobozban (eloszt\u00f3szekr\u00e9nyben) vagy a f\u00fclke f\u00f6l\u00f6tt egy fels\u0151 s\u00ednre szerelve helyezkedik el.<\/p>\n<p><strong>M\u0171szaki adatok:<\/strong><\/p>\n<p>4 z\u00f3n\u00e1s r\u00e1di\u00f3s fali kapcsol\u00f3, 230V-os k\u00f6zvetlen csatlakoz\u00e1ssal<br \/>\nIntuit\u00edv RGB sz\u00ednv\u00e1laszt\u00e1s szabadon v\u00e1laszthat\u00f3 sz\u00ednker\u00e9kkel.<\/p>\n<p>Egysz\u00edn\u0171 f\u00e9nyer\u0151szab\u00e1lyz\u00f3 (8 fokozat)<br \/>\n10 sz\u00ednprogram (el\u0151re be\u00e1ll\u00edtott)<br \/>\n16 programsebess\u00e9g v\u00e1laszthat\u00f3 (4 sec. -256 sec.)<\/p>\n<p>T\u00e1vir\u00e1ny\u00edt\u00f3nk\u00e9nt ak\u00e1r 4 vev\u0151egys\u00e9g is betan\u00edthat\u00f3.<br \/>\n\u00c1llapotmem\u00f3ri\u00e1val \u00e1ramkimarad\u00e1s eset\u00e9n<br \/>\nV\u00e9tel ak\u00e1r 15 m\u00e9teres t\u00e1vols\u00e1gban<br \/>\nT\u00e1pell\u00e1t\u00e1s h\u00e1l\u00f3zati adapteren kereszt\u00fcl: 12V-24VDC, max. 0,2A<\/p>\n<p>Ad\u00f3teljes\u00edtm\u00e9ny: &gt;5dBm<br \/>\nR\u00e1di\u00f3frekvencia:868,3 MHz (EU j\u00f3v\u00e1hagy\u00e1s &#8211; enged\u00e9ly n\u00e9lk\u00fcl)<\/p>\n<p>\u00dczemi h\u0151m\u00e9rs\u00e9klet: -10\u00b0C &#8211; +60\u00b0C<br \/>\nM\u00e9retek:<strong> 86 x 86 x 32 mm<\/strong><br \/>\nV\u00e9delmi oszt\u00e1ly: IP20<\/p>\n\t\t<\/div>\n\t\t\t\t\t<\/div>\n\n\t\n<\/div>\n<div class=\"text-center\"><div class=\"is-divider divider clearfix\" style=\"max-width:800px;background-color:rgb(20, 117, 244);\"><\/div><\/div>\n<div class=\"row row-large align-middle\"  id=\"row-1505319815\">\n\n\t<div id=\"col-1561230527\" class=\"col medium-6 small-12 large-6\"  >\n\t\t\t\t<div class=\"col-inner\"  >\n\t\t\t\n\t\t\t\n\t<div class=\"img has-hover x md-x lg-x y md-y lg-y\" id=\"image_2146879416\">\n\t\t\t\t\t\t\t\t<div class=\"img-inner dark\" >\n\t\t\t<img loading=\"lazy\" decoding=\"async\" width=\"720\" height=\"720\" src=\"https:\/\/www.soleum.de\/wp-content\/uploads\/2019\/05\/RGBW-LED-Controller-Hutschiene.jpg\" class=\"attachment-large size-large\" alt=\"RGBW LED vez\u00e9rl\u0151 fels\u0151 kalap s\u00edn\" srcset=\"https:\/\/www.soleum.de\/wp-content\/uploads\/2019\/05\/RGBW-LED-Controller-Hutschiene.jpg 720w, https:\/\/www.soleum.de\/wp-content\/uploads\/2019\/05\/RGBW-LED-Controller-Hutschiene-280x280.jpg 280w, https:\/\/www.soleum.de\/wp-content\/uploads\/2019\/05\/RGBW-LED-Controller-Hutschiene-400x400.jpg 400w, https:\/\/www.soleum.de\/wp-content\/uploads\/2019\/05\/RGBW-LED-Controller-Hutschiene-510x510.jpg 510w, https:\/\/www.soleum.de\/wp-content\/uploads\/2019\/05\/RGBW-LED-Controller-Hutschiene-100x100.jpg 100w\" sizes=\"auto, (max-width: 720px) 100vw, 720px\" \/>\t\t\t\t\t\t\n\t\t\t\t\t<\/div>\n\t\t\t\t\t\t\t\t\n<style>\n#image_2146879416 {\n  width: 100%;\n}\n<\/style>\n\t<\/div>\n\t\n\t<div class=\"img has-hover x md-x lg-x y md-y lg-y\" id=\"image_287855598\">\n\t\t\t\t\t\t\t\t<div class=\"img-inner dark\" >\n\t\t\t<img loading=\"lazy\" decoding=\"async\" width=\"1020\" height=\"636\" src=\"https:\/\/www.soleum.de\/wp-content\/uploads\/2019\/05\/Farblicht-HutschienenController-Schema.jpg\" class=\"attachment-large size-large\" alt=\"\" srcset=\"https:\/\/www.soleum.de\/wp-content\/uploads\/2019\/05\/Farblicht-HutschienenController-Schema.jpg 1200w, https:\/\/www.soleum.de\/wp-content\/uploads\/2019\/05\/Farblicht-HutschienenController-Schema-642x400.jpg 642w, https:\/\/www.soleum.de\/wp-content\/uploads\/2019\/05\/Farblicht-HutschienenController-Schema-768x479.jpg 768w, https:\/\/www.soleum.de\/wp-content\/uploads\/2019\/05\/Farblicht-HutschienenController-Schema-510x318.jpg 510w\" sizes=\"auto, (max-width: 1020px) 100vw, 1020px\" \/>\t\t\t\t\t\t\n\t\t\t\t\t<\/div>\n\t\t\t\t\t\t\t\t\n<style>\n#image_287855598 {\n  width: 100%;\n}\n<\/style>\n\t<\/div>\n\t\n\t\t<\/div>\n\t\t\t\t\t<\/div>\n\n\t\n\n\t<div id=\"col-1137092669\" class=\"col medium-6 small-12 large-6\"  >\n\t\t\t\t<div class=\"col-inner text-left\"  >\n\t\t\t\n\t\t\t\n<h2>Sz\u00ednes f\u00e9nyvez\u00e9rl\u0151<\/h2>\n<p>A sz\u00ednes f\u00e9nyvez\u00e9rl\u0151 a technol\u00f3giai dobozban (eloszt\u00f3szekr\u00e9nyben) vagy a f\u00fclke f\u00f6l\u00f6tt egy fels\u0151 s\u00ednre szerelve helyezkedik el.<\/p>\n<p>M\u0171szaki adatok:<\/p>\n<p>4 csatorn\u00e1s r\u00e1di\u00f3vez\u00e9rl\u0151 \u00e1lland\u00f3 fesz\u00fclts\u00e9g<br \/>\negysz\u00edn\u0171, k\u00e9tsz\u00edn\u0171, RGB\/RGB-W<\/p>\n<p>Intuit\u00edv RGB sz\u00ednv\u00e1laszt\u00e1s szabadon v\u00e1laszthat\u00f3 sz\u00ednker\u00e9kkel.<br \/>\nEgysz\u00edn\u0171 f\u00e9nyer\u0151szab\u00e1lyz\u00f3 (8 fokozat)<br \/>\n10 sz\u00ednprogram (el\u0151re be\u00e1ll\u00edtott)<br \/>\n16 programsebess\u00e9g v\u00e1laszthat\u00f3 (4 sec. -256 sec.)<br \/>\n\u00c1llapotmem\u00f3ri\u00e1val \u00e1ramkimarad\u00e1s eset\u00e9n<br \/>\nV\u00e9tel ak\u00e1r 15 m\u00e9teres t\u00e1vols\u00e1gban<br \/>\nCsatlakoztatott terhel\u00e9s: max. 4x5A<br \/>\nT\u00e1pegys\u00e9g: 12-36V<br \/>\nAd\u00f3teljes\u00edtm\u00e9ny: &gt;5dBm<br \/>\nR\u00e1di\u00f3frekvencia:868,3 MHz (EU j\u00f3v\u00e1hagy\u00e1s &#8211; enged\u00e9ly n\u00e9lk\u00fcl)<\/p>\n<p>\u00dczemi h\u0151m\u00e9rs\u00e9klet: -10\u00b0 C &#8211; +60\u00b0C<br \/>\nV\u00e9delmi oszt\u00e1ly: IP20<\/p>\n\t\t<\/div>\n\t\t\t\t\t<\/div>\n\n\t\n<\/div>\n\t\t<\/div>\n\n\t\t\n<style>\n#section_1973493938 {\n  padding-top: 60px;\n  padding-bottom: 60px;\n  background-color: rgb(193, 193, 193);\n}\n#section_1973493938 .section-bg-overlay {\n  background-color: rgba(255, 255, 255, 0.85);\n}\n<\/style>\n\t<\/section>\n\t\n","protected":false},"excerpt":{"rendered":"<h1>RGBW sz\u00ednes LED k\u00e9szlet (piros, z\u00f6ld, k\u00e9k, feh\u00e9r)<\/h1>\n<p>Art. Sz\u00e1ma: 6431010042<\/p>\n","protected":false},"featured_media":17193,"template":"","meta":[],"product_brand":[],"product_cat":[4198],"product_tag":[5376,5263,4200,4199,5267,5379,5257,5260,5253,5368,5244,5371,5373,5265,5249],"class_list":{"0":"post-29963","1":"product","2":"type-product","3":"status-publish","4":"has-post-thumbnail","6":"product_cat-led-lampak","7":"product_tag-allolampa-szines-feny","8":"product_tag-foeldbe-suellyesztett-reflektor","9":"product_tag-gozfuerdo-feny","10":"product_tag-gozfuerdo-lampa","11":"product_tag-gozfuerdo-led","12":"product_tag-rgb-allolampa","13":"product_tag-rgbw-led-hu","14":"product_tag-rgbw-led-lampa-hu","15":"product_tag-rgbw-spot-hu","16":"product_tag-rgbw-szines-feny-led-keszlet","17":"product_tag-rgbw-szines-fenylampa","18":"product_tag-szines-fenykeszlet","19":"product_tag-szines-fenykeszlet-hu","20":"product_tag-szines-fenyterapia","21":"product_tag-szines-fenyu-lampa","22":"product_shipping_class-csomag-5-10kg","24":"first","25":"instock","26":"taxable","27":"shipping-taxable","28":"purchasable","29":"product-type-simple"},"_links":{"self":[{"href":"https:\/\/www.soleum.de\/hu\/wp-json\/wp\/v2\/product\/29963","targetHints":{"allow":["GET"]}}],"collection":[{"href":"https:\/\/www.soleum.de\/hu\/wp-json\/wp\/v2\/product"}],"about":[{"href":"https:\/\/www.soleum.de\/hu\/wp-json\/wp\/v2\/types\/product"}],"wp:featuredmedia":[{"embeddable":true,"href":"https:\/\/www.soleum.de\/hu\/wp-json\/wp\/v2\/media\/17193"}],"wp:attachment":[{"href":"https:\/\/www.soleum.de\/hu\/wp-json\/wp\/v2\/media?parent=29963"}],"wp:term":[{"taxonomy":"product_brand","embeddable":true,"href":"https:\/\/www.soleum.de\/hu\/wp-json\/wp\/v2\/product_brand?post=29963"},{"taxonomy":"product_cat","embeddable":true,"href":"https:\/\/www.soleum.de\/hu\/wp-json\/wp\/v2\/product_cat?post=29963"},{"taxonomy":"product_tag","embeddable":true,"href":"https:\/\/www.soleum.de\/hu\/wp-json\/wp\/v2\/product_tag?post=29963"}],"curies":[{"name":"wp","href":"https:\/\/api.w.org\/{rel}","templated":true}]}}