{"id":29977,"date":"2023-08-23T11:54:18","date_gmt":"2023-08-23T09:54:18","guid":{"rendered":"https:\/\/www.soleum.de\/shop\/nem-kategorizalt\/melegito-kanape-elado-egyedi-tetel\/"},"modified":"2024-02-23T17:11:11","modified_gmt":"2024-02-23T16:11:11","slug":"waermeliege-abverkauf-einzelstueck","status":"publish","type":"product","link":"https:\/\/www.soleum.de\/hu\/shop\/off-sale-ajanlatok-alkuk\/waermeliege-abverkauf-einzelstueck\/","title":{"rendered":"Meleg\u00edt\u0151 kanap\u00e9 elad\u00f3 egyedi t\u00e9tel"},"content":{"rendered":"<p>Meleg\u00edt\u0151 kanap\u00e9 elad\u00f3, ROH, csempe n\u00e9lk\u00fcl, egy darab<\/p>\n<p>M\u00e9retek: Hossza 215cm. Sz\u00e9less\u00e9g 90cm<\/p>\n<p>m\u00e1r be van vonva f\u0171t\u0151sz\u0151nyeggel. Az \u00e9rz\u00e9kel\u0151v\u00e9d\u0151 cs\u0151 m\u00e1r be van szerelve.<\/p>\n<p>Az \u00e1rak gy\u00e1rilag Pregarten, plusz \u00c1FA. Sz\u00e1ll\u00edt\u00e1si \u00e9s EUR 80,&#8211; csomagol\u00e1si k\u00f6lts\u00e9g (\u00f6n\u00e1tvev\u0151kre nem vonatkozik).<\/p>\n","protected":false},"excerpt":{"rendered":"<p>Meleg\u00edt\u0151 kanap\u00e9 elad\u00f3, ROH, csempe n\u00e9lk\u00fcl, egy darab M\u00e9retek: Hossza 215cm. Sz\u00e9less\u00e9g 90cm m\u00e1r be van vonva f\u0171t\u0151sz\u0151nyeggel. Az \u00e9rz\u00e9kel\u0151v\u00e9d\u0151 cs\u0151 m\u00e1r be van szerelve. Az \u00e1rak gy\u00e1rilag Pregarten, plusz \u00c1FA. Sz\u00e1ll\u00edt\u00e1si \u00e9s EUR 80,&#8211; csomagol\u00e1si k\u00f6lts\u00e9g (\u00f6n\u00e1tvev\u0151kre nem vonatkozik).<\/p>\n","protected":false},"featured_media":21120,"template":"","meta":[],"product_brand":[],"product_cat":[4796],"product_tag":[5428,5433,5431,5429,5435,4111,5436,5434,4912],"class_list":{"0":"post-29977","1":"product","2":"type-product","3":"status-publish","4":"has-post-thumbnail","6":"product_cat-off-sale-ajanlatok-alkuk","7":"product_tag-akcio","8":"product_tag-egyedi-darabok","9":"product_tag-elado","10":"product_tag-fotelek-eladasa","11":"product_tag-hokanape-gozfuerdohoez","12":"product_tag-infravoeroes-kanape","13":"product_tag-melegito-kanape-szaraz-terueletre","14":"product_tag-melegito-kanape-hogy-magad","15":"product_tag-spa-nyugagy","17":"first","18":"instock","19":"sale","20":"taxable","21":"shipping-taxable","22":"purchasable","23":"product-type-simple"},"_links":{"self":[{"href":"https:\/\/www.soleum.de\/hu\/wp-json\/wp\/v2\/product\/29977","targetHints":{"allow":["GET"]}}],"collection":[{"href":"https:\/\/www.soleum.de\/hu\/wp-json\/wp\/v2\/product"}],"about":[{"href":"https:\/\/www.soleum.de\/hu\/wp-json\/wp\/v2\/types\/product"}],"wp:featuredmedia":[{"embeddable":true,"href":"https:\/\/www.soleum.de\/hu\/wp-json\/wp\/v2\/media\/21120"}],"wp:attachment":[{"href":"https:\/\/www.soleum.de\/hu\/wp-json\/wp\/v2\/media?parent=29977"}],"wp:term":[{"taxonomy":"product_brand","embeddable":true,"href":"https:\/\/www.soleum.de\/hu\/wp-json\/wp\/v2\/product_brand?post=29977"},{"taxonomy":"product_cat","embeddable":true,"href":"https:\/\/www.soleum.de\/hu\/wp-json\/wp\/v2\/product_cat?post=29977"},{"taxonomy":"product_tag","embeddable":true,"href":"https:\/\/www.soleum.de\/hu\/wp-json\/wp\/v2\/product_tag?post=29977"}],"curies":[{"name":"wp","href":"https:\/\/api.w.org\/{rel}","templated":true}]}}