{"id":29993,"date":"2023-09-06T07:06:07","date_gmt":"2023-09-06T05:06:07","guid":{"rendered":"https:\/\/www.soleum.de\/shop\/nem-kategorizalt\/lovt-futoett-nyugagy-beton-kinezetben\/"},"modified":"2023-09-23T12:47:59","modified_gmt":"2023-09-23T10:47:59","slug":"lovt-futoett-nyugagy-beton-kinezetben","status":"publish","type":"product","link":"https:\/\/www.soleum.de\/hu\/shop\/off-sale-ajanlatok-alkuk\/lovt-futoett-nyugagy-beton-kinezetben\/","title":{"rendered":"LOVT f\u0171t\u00f6tt nyug\u00e1gy beton kin\u00e9zetben"},"content":{"rendered":"\t<div class=\"img has-hover x md-x lg-x y md-y lg-y\" id=\"image_289750731\">\n\t\t<a class=\"\" href=\"https:\/\/www.soleum.de\/hu\/featured_item\/melegito-spa-nyugagy\/\" target=\"_blank\" rel=\"noopener\" >\t\t\t\t\t\t<div class=\"img-inner dark\" >\n\t\t\t<img loading=\"lazy\" decoding=\"async\" width=\"1400\" height=\"770\" src=\"https:\/\/www.soleum.de\/wp-content\/uploads\/2023\/09\/Waermeliege-LOVT_in_Betonoptik-1.jpg\" class=\"attachment-original size-original\" alt=\"\" srcset=\"https:\/\/www.soleum.de\/wp-content\/uploads\/2023\/09\/Waermeliege-LOVT_in_Betonoptik-1.jpg 1400w, https:\/\/www.soleum.de\/wp-content\/uploads\/2023\/09\/Waermeliege-LOVT_in_Betonoptik-1-727x400.jpg 727w, https:\/\/www.soleum.de\/wp-content\/uploads\/2023\/09\/Waermeliege-LOVT_in_Betonoptik-1-768x422.jpg 768w, https:\/\/www.soleum.de\/wp-content\/uploads\/2023\/09\/Waermeliege-LOVT_in_Betonoptik-1-510x281.jpg 510w\" sizes=\"auto, (max-width: 1400px) 100vw, 1400px\" \/>\t\t\t\t\t\t\n\t\t\t\t\t<\/div>\n\t\t\t\t\t\t<\/a>\t\t\n<style>\n#image_289750731 {\n  width: 100%;\n}\n<\/style>\n\t<\/div>\n\t\n<div class=\"wpb_text_column wpb_content_element \">\n<div class=\"wpb_wrapper\">\n<h1 class=\"entry-title\">LOVT f\u0171t\u00f6tt nyug\u00e1gy beton kin\u00e9zetben<\/h1>\n<blockquote><p>Ez egy <strong>ki\u00e1ll\u00edt\u00e1si kanap\u00e9<\/strong>, ez\u00e9rt megfelel\u0151 kedvezm\u00e9nnyel \u00e1ruljuk &#8211; de a kanap\u00e9 teljesen \u00fajszer\u0171. Ha a term\u00e9ket el\u0151zetes ellen\u0151rz\u00e9s n\u00e9lk\u00fcl sz\u00e1ll\u00edtj\u00e1k, az nem cser\u00e9lhet\u0151 vagy k\u00fcldhet\u0151 vissza. A nyug\u00e1gyat egy speci\u00e1lisan erre a c\u00e9lra k\u00e9sz\u00fclt fadobozban sz\u00e1ll\u00edtj\u00e1k.<\/p><\/blockquote>\n<h2>SPA nyug\u00e1gy sz\u00e1llod\u00e1k, wellness r\u00e9szlegek \u00e9s priv\u00e1t szaun\u00e1k sz\u00e1m\u00e1ra<\/h2>\n<p>Az enyhe sug\u00e1rz\u00f3 h\u0151 a csemp\u00e9n kereszt\u00fcl egyed\u00fcl\u00e1ll\u00f3an j\u00f3t\u00e9kony hat\u00e1ssal van a k\u00f6z\u00e9rzet\u00fcnkre. T\u00f6k\u00e9letes form\u00e1j\u00fa pihen\u00e9s egy luxusoszt\u00e1ly\u00fa nyug\u00e1gyban. Id\u0151tlen diz\u00e1jn, ergonomikus forma, k\u00f6nnyen \u00e1polhat\u00f3 tart\u00f3ss\u00e1g &#8211; ezek a f\u0171t\u00f6tt nyug\u00e1gyak igazi m\u0171alkot\u00e1sok, amelyek t\u00f6k\u00e9letesen kieg\u00e9sz\u00edtik a priv\u00e1t spa o\u00e1zisokat vagy az el\u0151kel\u0151 sz\u00e1llod\u00e1k SPA r\u00e9szleg\u00e9t.<\/p>\n<p>A <a href=\"https:\/\/www.soleum.de\/en\/featured_item\/warming-spa-lounger\/\">LOVT beton pihen\u0151sz\u00e9kkel<\/a> hangs\u00falyokat helyez\u00fcnk el, \u00e9s ezt az exkluz\u00edv b\u00fatordarabot a kort\u00e1rs \u00e9p\u00edt\u00e9szet kieg\u00e9sz\u00edt\u0151jek\u00e9nt l\u00e1tjuk.<\/p>\n<\/div>\n<\/div>\n\t<div class=\"box has-hover   has-hover box-text-bottom\" >\n\n\t\t<div class=\"box-image\" >\n\t\t\t\t\t\t<div class=\"\" >\n\t\t\t\t<img loading=\"lazy\" decoding=\"async\" width=\"765\" height=\"379\" src=\"https:\/\/www.soleum.de\/wp-content\/uploads\/2023\/08\/Infrarot-Waermeliegen-Soleum-Design22.jpg\" class=\"attachment- size-\" alt=\"\" srcset=\"https:\/\/www.soleum.de\/wp-content\/uploads\/2023\/08\/Infrarot-Waermeliegen-Soleum-Design22.jpg 765w, https:\/\/www.soleum.de\/wp-content\/uploads\/2023\/08\/Infrarot-Waermeliegen-Soleum-Design22-510x253.jpg 510w\" sizes=\"auto, (max-width: 765px) 100vw, 765px\" \/>\t\t\t\t\t\t\t\t\t\t\t<\/div>\n\t\t\t\t\t<\/div>\n\n\t\t<div class=\"box-text text-center\" >\n\t\t\t<div class=\"box-text-inner\">\n\t\t\t\t\n<h3 class=\"fusion-responsive-typography-calculated\" data-fontsize=\"24\" data-lineheight=\"30px\">K\u00c9ZZEL K\u00c9SZ\u00cdTETT BETON KIN\u00c9ZET\u0170 TEXT\u00daR\u00c1K<\/h3>\n<p>A nyug\u00e1gynak nagyszer\u0171 beton kin\u00e9zetet adunk a mikrocement k\u00e9zi bevon\u00e1s\u00e1val. A gy\u00e1rt\u00f3 \u00e9s a minta alapj\u00e1n egyedi szerkezetek alakulnak ki.<\/p>\n\t\t\t<\/div>\n\t\t<\/div>\n\t<\/div>\n\t\n<div class=\"wpb_text_column wpb_content_element \">\n<div class=\"wpb_wrapper\">\n<p>LED vil\u00e1g\u00edt\u00e1ssal az alap k\u00f6r\u00fcl \u00e9s k\u00e9zzel k\u00e9sz\u00edtett mikrocement bevonattal BETON SZ\u00dcRKE sz\u00ednben.<\/p>\n<\/div>\n<div class=\"fusion-layout-column fusion_builder_column fusion-builder-column-1 fusion_builder_column_1_2 1_2 fusion-flex-column\">\n<div class=\"fusion-column-wrapper fusion-column-has-shadow fusion-flex-justify-content-flex-start fusion-content-layout-column\">\n<div class=\"fusion-text fusion-text-7\">\n<h3 class=\"fusion-responsive-typography-calculated\" data-fontsize=\"24\" data-lineheight=\"30px\">M\u0171szaki adatok:<\/h3>\n<ul>\n<li>Teljes\u00edtm\u00e9ny: 459W, 230V (110V rendel\u00e9sre)<\/li>\n<li>A h\u0151m\u00e9rs\u00e9klet szabadon \u00e1ll\u00edthat\u00f3, ~30-45\u00b0C k\u00f6z\u00f6tt (\u00e1ltal\u00e1ban kb. 37-39\u00b0C).<\/li>\n<li>A kanap\u00e9t csatlakoztat\u00e1sra k\u00e9szen sz\u00e1ll\u00edtjuk. &#8222;Plug &amp; Play<\/li>\n<li>LED vil\u00e1g\u00edt\u00e1ssal a nyug\u00e1gy alatt, meleg feh\u00e9r sz\u00ednben.<\/li>\n<li>\u00c9p\u00edt\u00e9szeti mikrocement sz\u00fcrke sz\u00ednben (sz\u00e1mos m\u00e1s sz\u00edn is lehets\u00e9ges!)<\/li>\n<\/ul>\n<\/div>\n<\/div>\n<\/div>\n<div class=\"wpb_wrapper\">\n<p>M\u00e9retek: magass\u00e1g <strong>83 cm<\/strong>, \u00fcl\u00e9smagass\u00e1g <strong>~40 cm<\/strong>.<br \/>\nS\u00faly: csak <strong>70kg<\/strong><\/p>\n<\/div>\n<\/div>\n<div class=\"text-center\"><div class=\"is-divider divider clearfix\" style=\"max-width:754px;background-color:rgb(2, 0, 104);\"><\/div><\/div>\n\t<div class=\"img has-hover x md-x lg-x y md-y lg-y\" id=\"image_1310104336\">\n\t\t\t\t\t\t\t\t<div class=\"img-inner dark\" style=\"margin:0px 0px 0px 0px;\">\n\t\t\t<img loading=\"lazy\" decoding=\"async\" width=\"600\" height=\"276\" src=\"https:\/\/www.soleum.de\/wp-content\/uploads\/2023\/08\/Kontur-Waermeliege-1.jpg\" class=\"attachment-large size-large\" alt=\"\" srcset=\"https:\/\/www.soleum.de\/wp-content\/uploads\/2023\/08\/Kontur-Waermeliege-1.jpg 600w, https:\/\/www.soleum.de\/wp-content\/uploads\/2023\/08\/Kontur-Waermeliege-1-510x235.jpg 510w\" sizes=\"auto, (max-width: 600px) 100vw, 600px\" \/>\t\t\t\t\t\t\n\t\t\t\t\t<\/div>\n\t\t\t\t\t\t\t\t\n<style>\n#image_1310104336 {\n  width: 49%;\n}\n<\/style>\n\t<\/div>\n\t\n<div class=\"text-center\"><div class=\"is-divider divider clearfix\" style=\"max-width:754px;background-color:rgb(2, 0, 104);\"><\/div><\/div>\n<h2>K\u00e9zzel k\u00e9sz\u00edtett mikrocement bevonat<\/h2>\n<p>A mikrocement k\u00e9tkomponens\u0171, polimerekb\u0151l \u00e9s cementb\u0151l \u00e1ll\u00f3 rendszer. A fel\u00fcletet k\u00fcl\u00f6nb\u00f6z\u0151 sz\u00ednekben v\u00e1laszthatja.<\/p>\n<p>A mikrocementet k\u00e9zzel hordj\u00e1k fel. Ez\u00e9rt az \u00fcgyf\u00e9lnek el kell fogadnia, hogy a m\u0171anyaggal val\u00f3 munka sor\u00e1n el\u0151fordulhatnak kisebb szab\u00e1lytalans\u00e1gok \u00e9s minim\u00e1lis hib\u00e1k. A mikrocement egy k\u00e9zzel k\u00e9sz\u00edtett term\u00e9k, amely egyed\u00fcl\u00e1ll\u00f3an<br \/>\ngy\u00e1rtott \u00e9s nem t\u00f6meggy\u00e1rtott. A sz\u00edn\u00e1rnyalatokban \u00e9s\/vagy a sz\u00ednkoncentr\u00e1ci\u00f3ban mutatkoz\u00f3 k\u00fcl\u00f6nbs\u00e9geket a m\u0171 \u00e9rt\u00e9kes elemeinek kell tekinteni &#8211; nem pedig hib\u00e1knak.<br \/>\nAz \u00e9les vagy hegyes terhel\u00e9seknek (sz\u00e9kek, b\u00fatorok, magas sark\u00fa cip\u0151k stb.) kitett mikrocement fel\u00fcletek kilyukadhatnak vagy megkarcol\u00f3dhatnak. B\u00e1r a mikrocement fel\u00fclete kiv\u00e1l\u00f3 ellen\u00e1ll\u00f3 k\u00e9pess\u00e9ggel rendelkezik, a fapadl\u00f3hoz hasonl\u00f3 tulajdons\u00e1gokkal rendelkezik, \u00e9s ennek megfelel\u0151en kell kezelni.<\/p>\n<p>A mikrocement bevonaton karcol\u00e1sok keletkezhetnek. Min\u00e9l sim\u00e1bb \u00e9s egyenletesebb a fel\u00fclet, ann\u00e1l val\u00f3sz\u00edn\u0171bb, hogy a haszn\u00e1lat sor\u00e1n karcol\u00e1sok keletkeznek rajta. Ezek a probl\u00e9m\u00e1k<br \/>\n\u00e9s hi\u00e1nyoss\u00e1gok k\u00f6nnyen megker\u00fclhet\u0151k a sz\u00ednv\u00e1laszt\u00e1ssal \u00e9s a k\u00f6vetkezetlen, egyenetlen fel\u00fcletv\u00e1laszt\u00e1ssal &#8211; de megfelel\u0151, megfelel\u0151 \u00e1pol\u00e1ssal is.<\/p>\n<p>B\u00e1r a t\u00f6m\u00edt\u0151anyaggal t\u00f6rt\u00e9n\u0151 kezel\u00e9s megv\u00e9di a padl\u00f3t a v\u00e9letlen\u00fcl ki\u00f6ml\u0151 folyad\u00e9kok gyors behatol\u00e1s\u00e1t\u00f3l, nem szabad elfelejteni, hogy minden folyad\u00e9kot,<br \/>\nk\u00fcl\u00f6n\u00f6sen a h\u00e1ztart\u00e1sban gyakran haszn\u00e1lt folyad\u00e9kokat, mint p\u00e9ld\u00e1ul a bor, az olaj, az ecet vagy a k\u00e1v\u00e9, a lehet\u0151 leggyorsabban el kell t\u00e1vol\u00edtani minden fel\u00fcletr\u0151l, hogy azok semmilyen k\u00f6r\u00fclm\u00e9nyek k\u00f6z\u00f6tt ne tudjanak behatolni a fel\u00fcletre.<\/p>\n<p><strong>CARE<\/strong><br \/>\nAj\u00e1nl\u00e1sok \u00e9s javaslatok a mikrocement fel\u00fclet tiszt\u00e1n \u00e9s sz\u00e9pen tart\u00e1s\u00e1ra:<br \/>\n&#8211; A mikrocement burkolat tiszt\u00edt\u00e1sa egyszer\u0171: elegend\u0151 a fel\u00fcletet nedves ruh\u00e1val, kev\u00e9s semleges, habmentes tiszt\u00edt\u00f3szerrel \u00e1tt\u00f6r\u00f6lni.<br \/>\n&#8211; C\u00e9lszer\u0171 a fel\u00fcletet rendszeresen kezelni v\u00edzben l\u00e9v\u0151 \u00f6nf\u00e9nyez\u0151 viaszokon alapul\u00f3 v\u00e9d\u0151szerekkel (p\u00e9ld\u00e1ul Ideal Cera).  <strong>Szappan-, sav-, amm\u00f3nia-, kl\u00f3r- vagy m\u00e1s szappan alap\u00fa \u00e1pol\u00f3szerek.<\/strong><br \/>\n<strong>A kezel\u00e9shez szigor\u00faan tilos<\/strong> mar\u00f3 <strong>hat\u00e1s\u00fa anyagokat haszn\u00e1lni<\/strong>. Csak UNAGGRESSZ\u00cdV, pH-semleges \u00e1pol\u00f3szereket haszn\u00e1ljon.<\/p>\n\t<div id=\"gap-1428186362\" class=\"gap-element clearfix\" style=\"display:block; height:auto;\">\n\t\t\n<style>\n#gap-1428186362 {\n  padding-top: 100px;\n}\n<\/style>\n\t<\/div>\n\t\n<p>Az \u00e1rak a k\u00f6vetkez\u0151kkel egy\u00fctt \u00e9rtend\u0151k. H\u00c9A \u00e9s ex works Pregarten<\/p>\n\t\n  \n    <div class=\"row large-columns-3 medium-columns- small-columns-2 row-small\" >\n  \n\t     <div class=\"product-small col has-hover product type-product post-29843 status-publish first instock product_cat-off-sale-ajanlatok-alkuk product_tag-3d-ultrahang-tuz product_tag-spa-tervezes product_tag-tuziviz product_tag-ultrahangos-tuz has-post-thumbnail sale taxable shipping-taxable purchasable product-type-simple\">\n\t<div class=\"col-inner\">\n\t\n<div class=\"badge-container absolute left top z-1\">\n<div class=\"callout badge badge-circle\"><div class=\"badge-inner secondary on-sale\"><span class=\"onsale\">Akci\u00f3!<\/span><\/div><\/div>\n<\/div>\n\t<div class=\"product-small box \">\n\t\t<div class=\"box-image\">\n\t\t\t<div class=\"image-fade_in_back\">\n\t\t\t\t<a href=\"https:\/\/www.soleum.de\/hu\/shop\/off-sale-ajanlatok-alkuk\/tuzter-szerelodoboz-3d-ultrahangos-tuzzel\/\">\n\t\t\t\t\t<img loading=\"lazy\" decoding=\"async\" width=\"247\" height=\"300\" src=\"https:\/\/www.soleum.de\/wp-content\/uploads\/2023\/09\/Feuerbox_soleum-247x300.jpg\" class=\"attachment-woocommerce_thumbnail size-woocommerce_thumbnail\" alt=\"3D ultrahang t\u0171z\" \/><img loading=\"lazy\" decoding=\"async\" width=\"247\" height=\"300\" src=\"https:\/\/www.soleum.de\/wp-content\/uploads\/2023\/08\/Infrarot-Waermeliegen-Soleum-Design13-247x300.jpg\" class=\"show-on-hover absolute fill hide-for-small back-image\" alt=\"Infrav\u00f6r\u00f6s f\u0171t\u00f6tt nyug\u00e1gy 3D t\u0171zzel\" aria-hidden=\"true\" \/>\t\t\t\t<\/a>\n\t\t\t<\/div>\n\t\t\t<div class=\"image-tools is-small top right show-on-hover\">\n\t\t\t\t\t\t\t<\/div>\n\t\t\t<div class=\"image-tools is-small hide-for-small bottom left show-on-hover\">\n\t\t\t\t\t\t\t<\/div>\n\t\t\t<div class=\"image-tools grid-tools text-center hide-for-small bottom hover-slide-in show-on-hover\">\n\t\t\t\t<a href=\"#quick-view\" class=\"quick-view\" role=\"button\" data-prod=\"29843\" aria-haspopup=\"dialog\" aria-expanded=\"false\" data-flatsome-role-button>Gyors n\u00e9zet<\/a>\t\t\t<\/div>\n\t\t\t\t\t<\/div>\n\n\t\t<div class=\"box-text box-text-products\">\n\t\t\t<div class=\"title-wrapper\">\t\t<p class=\"category uppercase is-smaller no-text-overflow product-cat op-8\">\n\t\t\tOFF-SALE aj\u00e1nlatok-alkuk\t\t<\/p>\n\t<p class=\"name product-title woocommerce-loop-product__title\"><a href=\"https:\/\/www.soleum.de\/hu\/shop\/off-sale-ajanlatok-alkuk\/tuzter-szerelodoboz-3d-ultrahangos-tuzzel\/\" class=\"woocommerce-LoopProduct-link woocommerce-loop-product__link\">T\u0171zdoboz, be\u00e9p\u00edtett doboz 3D ultrahangos t\u0171zzel<\/a><\/p><\/div><div class=\"price-wrapper\">\n\t<span class=\"price\"><del aria-hidden=\"true\"><span class=\"woocommerce-Price-amount amount\"><bdi>3.630,00&nbsp;<span class=\"woocommerce-Price-currencySymbol\">&euro;<\/span><\/bdi><\/span><\/del> <span class=\"screen-reader-text\">Original price was: 3.630,00&nbsp;&euro;.<\/span><ins aria-hidden=\"true\"><span class=\"woocommerce-Price-amount amount\"><bdi>2.400,00&nbsp;<span class=\"woocommerce-Price-currencySymbol\">&euro;<\/span><\/bdi><\/span><\/ins><span class=\"screen-reader-text\">Current price is: 2.400,00&nbsp;&euro;.<\/span> <small class=\"woocommerce-price-suffix\">inkl. MWSt.<\/small><\/span>\n<\/div>\t\t<\/div>\n\t<\/div>\n\t\t<\/div>\n<\/div><div class=\"product-small col has-hover product type-product post-29993 status-publish instock product_cat-off-sale-ajanlatok-alkuk product_cat-spa-futoett-nyugagyak product_tag-beton-nyugagy product_tag-csempezett-infravoeroes-kanape product_tag-fotel-a-wellness-reszleghez product_tag-fotel-epiteszek-szamara product_tag-hotel-kanape product_tag-infravoeroes-beton-kanape product_tag-infravoeroes-fotel-tarsalgo product_tag-infravoeroes-relaxacios-nyugagy product_tag-lovt-futoett-nyugagy-beton-kinezetben product_tag-luxus-nyugagy product_tag-luxus-nyugagy-hu product_tag-luxus-spa-hu product_tag-luxus-spa-nyugagy product_tag-melegito-kanape-spa-letesitmenyekhez product_tag-mikrocement-hu product_tag-mikrocement-bevonat product_tag-napozoagy-betonbol product_tag-soleum-nyugagy product_tag-spa-nyugagy product_tag-spa-nyugagyak-szalloda-szamara product_tag-spa-oetletek product_tag-spa-tervezo product_tag-tartozekok-wellness-reszlegekhez product_tag-tervezo-spa-nyugagy product_tag-wellness-nyugagy product_tag-wellness-nyugagyak-a-szaunahoz has-post-thumbnail sale sold-individually taxable shipping-taxable purchasable product-type-simple\">\n\t<div class=\"col-inner\">\n\t\n<div class=\"badge-container absolute left top z-1\">\n<div class=\"callout badge badge-circle\"><div class=\"badge-inner secondary on-sale\"><span class=\"onsale\">Akci\u00f3!<\/span><\/div><\/div>\n<\/div>\n\t<div class=\"product-small box \">\n\t\t<div class=\"box-image\">\n\t\t\t<div class=\"image-fade_in_back\">\n\t\t\t\t<a href=\"https:\/\/www.soleum.de\/hu\/shop\/off-sale-ajanlatok-alkuk\/lovt-futoett-nyugagy-beton-kinezetben\/\">\n\t\t\t\t\t<img loading=\"lazy\" decoding=\"async\" width=\"247\" height=\"300\" src=\"https:\/\/www.soleum.de\/wp-content\/uploads\/2023\/09\/Waermeliege-LOVT_in_Betonoptik-247x300.jpg\" class=\"attachment-woocommerce_thumbnail size-woocommerce_thumbnail\" alt=\"LOVT f\u0171t\u00f6tt nyug\u00e1gy beton kin\u00e9zetben\" \/><img loading=\"lazy\" decoding=\"async\" width=\"247\" height=\"300\" src=\"https:\/\/www.soleum.de\/wp-content\/uploads\/2023\/08\/Infrarot-Waermeliegen-Soleum-Design22-247x300.jpg\" class=\"show-on-hover absolute fill hide-for-small back-image\" alt=\"Alternative view of LOVT f\u0171t\u00f6tt nyug\u00e1gy beton kin\u00e9zetben\" aria-hidden=\"true\" \/>\t\t\t\t<\/a>\n\t\t\t<\/div>\n\t\t\t<div class=\"image-tools is-small top right show-on-hover\">\n\t\t\t\t\t\t\t<\/div>\n\t\t\t<div class=\"image-tools is-small hide-for-small bottom left show-on-hover\">\n\t\t\t\t\t\t\t<\/div>\n\t\t\t<div class=\"image-tools grid-tools text-center hide-for-small bottom hover-slide-in show-on-hover\">\n\t\t\t\t<a href=\"#quick-view\" class=\"quick-view\" role=\"button\" data-prod=\"29993\" aria-haspopup=\"dialog\" aria-expanded=\"false\" data-flatsome-role-button>Gyors n\u00e9zet<\/a>\t\t\t<\/div>\n\t\t\t\t\t<\/div>\n\n\t\t<div class=\"box-text box-text-products\">\n\t\t\t<div class=\"title-wrapper\">\t\t<p class=\"category uppercase is-smaller no-text-overflow product-cat op-8\">\n\t\t\tOFF-SALE aj\u00e1nlatok-alkuk\t\t<\/p>\n\t<p class=\"name product-title woocommerce-loop-product__title\"><a href=\"https:\/\/www.soleum.de\/hu\/shop\/off-sale-ajanlatok-alkuk\/lovt-futoett-nyugagy-beton-kinezetben\/\" class=\"woocommerce-LoopProduct-link woocommerce-loop-product__link\">LOVT f\u0171t\u00f6tt nyug\u00e1gy beton kin\u00e9zetben<\/a><\/p><\/div><div class=\"price-wrapper\">\n\t<span class=\"price\"><del aria-hidden=\"true\"><span class=\"woocommerce-Price-amount amount\"><bdi>9.288,00&nbsp;<span class=\"woocommerce-Price-currencySymbol\">&euro;<\/span><\/bdi><\/span><\/del> <span class=\"screen-reader-text\">Original price was: 9.288,00&nbsp;&euro;.<\/span><ins aria-hidden=\"true\"><span class=\"woocommerce-Price-amount amount\"><bdi>5.900,00&nbsp;<span class=\"woocommerce-Price-currencySymbol\">&euro;<\/span><\/bdi><\/span><\/ins><span class=\"screen-reader-text\">Current price is: 5.900,00&nbsp;&euro;.<\/span> <small class=\"woocommerce-price-suffix\">inkl. MWSt.<\/small><\/span>\n<\/div>\t\t<\/div>\n\t<\/div>\n\t\t<\/div>\n<\/div><\/div>\n","protected":false},"excerpt":{"rendered":"<p>Meleg\u00edt\u0151 nyug\u00e1gy LOVT beton megjelen\u00e9s\u0171, mind\u00f6ssze 70kg- A LOVT beton nyug\u00e1gy hangs\u00falyokat ad, \u00e9s ezt az exkluz\u00edv b\u00fatordarabot a kort\u00e1rs \u00e9p\u00edt\u00e9szet kieg\u00e9sz\u00edt\u0151jek\u00e9nt l\u00e1tjuk.<\/p>\n","protected":false},"featured_media":21344,"template":"","meta":[],"product_brand":[],"product_cat":[4796,4883],"product_tag":[5503,4888,4895,4894,4891,5504,4892,4893,5502,4896,4899,4898,4897,4918,4900,4902,5505,4906,4912,4915,4910,4908,4922,4885,4115,4920],"class_list":{"0":"post-29993","1":"product","2":"type-product","3":"status-publish","4":"has-post-thumbnail","6":"product_cat-off-sale-ajanlatok-alkuk","7":"product_cat-spa-futoett-nyugagyak","8":"product_tag-beton-nyugagy","9":"product_tag-csempezett-infravoeroes-kanape","10":"product_tag-fotel-a-wellness-reszleghez","11":"product_tag-fotel-epiteszek-szamara","12":"product_tag-hotel-kanape","13":"product_tag-infravoeroes-beton-kanape","14":"product_tag-infravoeroes-fotel-tarsalgo","15":"product_tag-infravoeroes-relaxacios-nyugagy","16":"product_tag-lovt-futoett-nyugagy-beton-kinezetben","17":"product_tag-luxus-nyugagy","18":"product_tag-luxus-nyugagy-hu","19":"product_tag-luxus-spa-hu","20":"product_tag-luxus-spa-nyugagy","21":"product_tag-melegito-kanape-spa-letesitmenyekhez","22":"product_tag-mikrocement-hu","23":"product_tag-mikrocement-bevonat","24":"product_tag-napozoagy-betonbol","25":"product_tag-soleum-nyugagy","26":"product_tag-spa-nyugagy","27":"product_tag-spa-nyugagyak-szalloda-szamara","28":"product_tag-spa-oetletek","29":"product_tag-spa-tervezo","30":"product_tag-tartozekok-wellness-reszlegekhez","31":"product_tag-tervezo-spa-nyugagy","32":"product_tag-wellness-nyugagy","33":"product_tag-wellness-nyugagyak-a-szaunahoz","34":"product_shipping_class-oemlesztett-aruk","36":"last","37":"instock","38":"sale","39":"sold-individually","40":"taxable","41":"shipping-taxable","42":"purchasable","43":"product-type-simple"},"_links":{"self":[{"href":"https:\/\/www.soleum.de\/hu\/wp-json\/wp\/v2\/product\/29993","targetHints":{"allow":["GET"]}}],"collection":[{"href":"https:\/\/www.soleum.de\/hu\/wp-json\/wp\/v2\/product"}],"about":[{"href":"https:\/\/www.soleum.de\/hu\/wp-json\/wp\/v2\/types\/product"}],"wp:featuredmedia":[{"embeddable":true,"href":"https:\/\/www.soleum.de\/hu\/wp-json\/wp\/v2\/media\/21344"}],"wp:attachment":[{"href":"https:\/\/www.soleum.de\/hu\/wp-json\/wp\/v2\/media?parent=29993"}],"wp:term":[{"taxonomy":"product_brand","embeddable":true,"href":"https:\/\/www.soleum.de\/hu\/wp-json\/wp\/v2\/product_brand?post=29993"},{"taxonomy":"product_cat","embeddable":true,"href":"https:\/\/www.soleum.de\/hu\/wp-json\/wp\/v2\/product_cat?post=29993"},{"taxonomy":"product_tag","embeddable":true,"href":"https:\/\/www.soleum.de\/hu\/wp-json\/wp\/v2\/product_tag?post=29993"}],"curies":[{"name":"wp","href":"https:\/\/api.w.org\/{rel}","templated":true}]}}