{"id":31996,"date":"2024-02-05T10:34:54","date_gmt":"2024-02-05T09:34:54","guid":{"rendered":"https:\/\/www.soleum.de\/?post_type=product&#038;p=31996"},"modified":"2024-09-20T09:40:01","modified_gmt":"2024-09-20T07:40:01","slug":"halotherapyhome-szaraz-so-inhalator-kopie","status":"publish","type":"product","link":"https:\/\/www.soleum.de\/hu\/shop\/haloterapia-szaraz-so-inhalalas\/halotherapyhome-szaraz-so-inhalator-kopie\/","title":{"rendered":"Halogeniz\u00e1tor TS-MINI"},"content":{"rendered":"<p>\u00dczlet\u00fcnkben a halog\u00e9ngener\u00e1torok innovat\u00edv v\u00e1laszt\u00e9k\u00e1t k\u00edn\u00e1ljuk \u00d6nnek, melyeket \u00fagy tervezt\u00fcnk, hogy seg\u00edtsenek \u00d6nnek pihentet\u0151 \u00e9s eg\u00e9szs\u00e9ges k\u00f6rnyezetet teremteni otthon\u00e1ban vagy f\u00fcrd\u0151j\u00e9ben. A halogeniz\u00e1tor a term\u00e9szetes S\u00d3 legfinomabb r\u00e9szecsk\u00e9it \u00e1ll\u00edtja el\u0151, amelyek a leveg\u0151ben eloszlanak, \u00e9s olyan s\u00f3s l\u00e9gk\u00f6rt hoznak l\u00e9tre, amely j\u00f3t\u00e9konyan hat az eg\u00e9szs\u00e9gre \u00e9s a j\u00f3l\u00e9tre.<\/p>\n<h1>TS-MINI halogeniz\u00e1tor (kis s\u00f3termek)<\/h1>\n<p> Sz\u00e1ll\u00edt\u00e1si terjedelem: Sz\u00e1raz s\u00f3 aeroszol gener\u00e1tor, tiszt\u00edt\u00f3rendszer, t\u00e1pk\u00e1bel, deflektor, hosszabb\u00edt\u00f3 t\u00f6ml\u0151, rendszerkulcs, p\u00f3tkulcs \u00e9s szoftver.<\/p>\n<p>Ezt a k\u00e9sz\u00fcl\u00e9ket tengeri kl\u00edmakabinjainkban \/ haloter\u00e1pi\u00e1s kabinjainkban haszn\u00e1ljuk.<\/p>\n<h2>\u00c9rint\u0151k\u00e9perny\u0151 \u00e9s okostelefon a param\u00e9terek be\u00e1ll\u00edt\u00e1s\u00e1hoz<\/h2>\n<p>A k\u00f6vetkez\u0151 be\u00e1ll\u00edt\u00e1sokat lehet elv\u00e9gezni: Az inhal\u00e1ci\u00f3s ter\u00e1pia kezd\u00e9si id\u0151pontja \u00e9s id\u0151tartama.<br \/>  A k\u00e9perny\u0151 h\u00e1tt\u00e9rvil\u00e1g\u00edt\u00e1ssal rendelkezik, \u00edgy s\u00f6t\u00e9tben is k\u00f6nnyen leolvashat\u00f3.<\/p>\n<h3>A TS-MINI halogener\u00e1tor m\u0171szaki adatai<\/h3>\n<p>Kis s\u00f3kamr\u00e1k: A k\u00e9sz\u00fcl\u00e9ket kis helyis\u00e9gekben sz\u00e1raz leveg\u0151vel t\u00f6rt\u00e9n\u0151 folyamatos m\u0171k\u00f6d\u00e9sre tervezt\u00e9k.<\/p>\n<p>A s\u00f3tart\u00e1ly kapacit\u00e1sa: max. <\/p>\n<p> 35g Alacsony energiafogyaszt\u00e1s: 18W (\u00fczemi fesz\u00fclts\u00e9g 100-240VAC, 50-60Hz) Kett\u0151s \u00fczemm\u00f3d: \u00e9rint\u0151k\u00e9perny\u0151 \u00e9s t\u00e1vir\u00e1ny\u00edt\u00f3 S\u00f3fogyaszt\u00e1s: 0-100g\/h (\u00e1ll\u00edthat\u00f3) M\u00e9retek \u00e9s s\u00faly: 225 x 395 x 218 mm; 8kg Haloter\u00e1pia id\u0151tartama: 10-99 perc (1 perces l\u00e9p\u00e9sekben \u00e1ll\u00edthat\u00f3) Mem\u00f3ria: 9 program (inhal\u00e1ci\u00f3s id\u0151tartam \u00e9s s\u00f3adagol\u00e1s) Anyag: rozsdamentes ac\u00e9l \u00e9s m\u0171anyag.<\/p>\n\t<div class=\"box has-hover   has-hover box-text-bottom\" >\n\n\t\t<div class=\"box-image\" style=\"width:50%;\">\n\t\t\t\t\t\t<div class=\"\" >\n\t\t\t\t<img loading=\"lazy\" decoding=\"async\" width=\"524\" height=\"559\" src=\"https:\/\/www.soleum.de\/wp-content\/uploads\/2024\/02\/Halogenerator-SOLEUM-TS-MINI-1-web.jpg\" class=\"attachment- size-\" alt=\"Halogeniz\u00e1tor-SOLEUM-TS-MINI\" srcset=\"https:\/\/www.soleum.de\/wp-content\/uploads\/2024\/02\/Halogenerator-SOLEUM-TS-MINI-1-web.jpg 524w, https:\/\/www.soleum.de\/wp-content\/uploads\/2024\/02\/Halogenerator-SOLEUM-TS-MINI-1-web-375x400.jpg 375w, https:\/\/www.soleum.de\/wp-content\/uploads\/2024\/02\/Halogenerator-SOLEUM-TS-MINI-1-web-510x544.jpg 510w\" sizes=\"auto, (max-width: 524px) 100vw, 524px\" \/>\t\t\t\t\t\t\t\t\t\t\t<\/div>\n\t\t\t\t\t<\/div>\n\n\t\t<div class=\"box-text text-center\" >\n\t\t\t<div class=\"box-text-inner\">\n\t\t\t\t\n<h4>A halogener\u00e1tor \/ sz\u00e1raz s\u00f3gener\u00e1tor h\u00e1tulja<\/h4>\n<p>A halogeniz\u00e1tor h\u00e1ts\u00f3 r\u00e9sz\u00e9n 80 mm \u00e1tm\u00e9r\u0151j\u0171 cs\u0151 tal\u00e1lhat\u00f3. Ezt kiss\u00e9 meghosszabb\u00edthatja, \u00e9s k\u00f6zvetlen\u00fcl abba a helyis\u00e9gbe t\u00e1pl\u00e1lhatja, ahov\u00e1 a sz\u00e1raz s\u00f3t szeretn\u00e9 hozz\u00e1adni. A sz\u00e1raz s\u00f3k\u00f6dk\u00e9pz\u0151 rozsdamentes ac\u00e9lb\u00f3l k\u00e9sz\u00fclt.<\/p>\n\t\t\t<\/div>\n\t\t<\/div>\n\t<\/div>\n\t\n<div class=\"video video-fit mb\" style=\"padding-top:56.25%;\"><p><iframe loading=\"lazy\" title=\"Trockensalznebel\" width=\"1020\" height=\"574\" src=\"https:\/\/www.youtube.com\/embed\/PX9ObRaBUaQ?feature=oembed\" frameborder=\"0\" allow=\"accelerometer; autoplay; clipboard-write; encrypted-media; gyroscope; picture-in-picture; web-share\" allowfullscreen><\/iframe><\/p>\n<\/div>\n<div class=\"video video-fit mb\" style=\"padding-top:56.25%;\"><p><iframe loading=\"lazy\" title=\"Halotherapie im Soleum\" width=\"1020\" height=\"574\" src=\"https:\/\/www.youtube.com\/embed\/59V_zcHW5zg?feature=oembed\" frameborder=\"0\" allow=\"accelerometer; autoplay; clipboard-write; encrypted-media; gyroscope; picture-in-picture; web-share\" allowfullscreen><\/iframe><\/p>\n<\/div>\n\t<div id=\"gap-1251483375\" class=\"gap-element clearfix\" style=\"display:block; height:auto;\">\n\t\t\n<style>\n#gap-1251483375 {\n  padding-top: 50px;\n}\n<\/style>\n\t<\/div>\n\t\n<h2>Sz\u00e1raz s\u00f3 inhal\u00e1ci\u00f3 &#8211; magyar\u00e1zat \u00e9s h\u00e1tt\u00e9r<\/h2>\n<p>Ez egy term\u00e9szetes kezel\u00e9s, amely mikroniz\u00e1lt n\u00e1trium-klorid inhal\u00e1ci\u00f3 \u00fatj\u00e1n t\u00f6rt\u00e9n\u0151 bead\u00e1s\u00e1n alapul. Ez gyakorlatilag egy s\u00f3s &#8222;sz\u00e1raz&#8221; aeroszol.<\/p>\n<p>Sz\u00e1raz form\u00e1ban a s\u00f3nak van a <strong>leger\u0151sebb gy\u00f3gy\u00edt\u00f3 hat\u00e1sa a l\u00e9gz\u0151szervekre<\/strong> \u00e9s a b\u0151rre. Mikroszkopikusan finom s\u00f3szemcs\u00e9ket f\u00fajnak a helyis\u00e9gbe egy szabadalmaztatott technika seg\u00edts\u00e9g\u00e9vel. A s\u00f3r\u00e9szecsk\u00e9k m\u00e9rete hasonl\u00f3 a term\u00e9szetes s\u00f3b\u00e1ny\u00e1k\u00e9hoz: 1-5 m\u00b5, \u00edgy az apr\u00f3 krist\u00e1lyok form\u00e1j\u00e1ban bel\u00e9legzett r\u00e9szecsk\u00e9k <strong>m\u00e9lyen behatolhatnak a t\u00fcd\u0151be, \u00e9s el\u00e9rhetik az \u00f6sszes h\u00f6rg\u0151cs\u00f6vet<\/strong>.<\/p>\n<p>A sz\u00e1raz s\u00f3 bel\u00e9gz\u00e9se serkenti a ny\u00e1lkah\u00e1rty\u00e1k \u00f6ntiszt\u00edt\u00f3 erej\u00e9t. Hat\u00e1sa gyullad\u00e1scs\u00f6kkent\u0151, cs\u00edra\u00f6l\u0151, ny\u00e1kold\u00f3 \u00e9s ellaz\u00edtja a l\u00e9gutak simaizmait. Javul a szell\u0151z\u00e9s \u00e9s a l\u00e9gz\u00e9s. A finom s\u00f3ter\u00e1pia az eg\u00e9sz b\u0151rfel\u00fcletre hat, a b\u0151rgyullad\u00e1s \u00e9s a viszket\u00e9s jelent\u0151sen cs\u00f6kken.<\/p>\n<h2>Javallatok \u00e9s ellenjavallatok<\/h2>\n<p>A haloter\u00e1pia nem mindenki sz\u00e1m\u00e1ra alkalmas. A sz\u00e1raz s\u00f3 bel\u00e9gz\u00e9sekor aktiv\u00e1l\u00f3dik a nyirok, a t\u00fcd\u0151 kem\u00e9nyebben dolgozik, a v\u00e9rkering\u00e9s felgyorsul, t\u00f6bb oxig\u00e9n jut az agyba, a ny\u00e1lkah\u00e1rty\u00e1k aktiv\u00e1l\u00f3dhatnak \u00e9s a l\u00e9gutak immunrendszere aktiv\u00e1l\u00f3dik.<\/p>\n<ul>\n<li>A SALZRAUM-ban v\u00e9gzett haloter\u00e1pia a k\u00f6vetkez\u0151kre aj\u00e1nlott<br \/> Asztma<\/li>\n<li>A hangszalagok gyullad\u00e1sa \u00e9s t\u00falterhel\u00e9se<\/li>\n<li>A torok, az orrmell\u00e9k\u00fcregek \u00e9s az orrmell\u00e9k\u00fcregek gyullad\u00e1sa.<\/li>\n<li>Kr\u00f3nikus obstrukt\u00edv bronchitis (nem v\u00e9gst\u00e1dium\u00fa)<\/li>\n<li>allergi\u00e1s n\u00e1tha<\/li>\n<li>Rhinosinusopathia<\/li>\n<li>kr\u00f3nikus nem obstrukt\u00edv h\u00f6rghurut<\/li>\n<li>kr\u00f3nikusan visszat\u00e9r\u0151 h\u00f6rghurut<\/li>\n<li>Doh\u00e1nyz\u00f3k<\/li>\n<li>A fels\u0151 l\u00e9gutak akut v\u00edrusfert\u0151z\u00e9se<\/li>\n<li>Bronchiectasis<\/li>\n<li>Ciszt\u00e1s fibr\u00f3zis (ciszt\u00e1s fibr\u00f3zis nem a v\u00e9gs\u0151 st\u00e1diumban)<\/li>\n<li>Kr\u00f3nikus n\u00e1tha \u00e9s torokgyullad\u00e1s<\/li>\n<li>Mandulagyullad\u00e1s (adenoiditis)<\/li>\n<li>Kr\u00f3nikus sinusitis<\/li>\n<li>Akut sinusitis<\/li>\n<li>Neurodermitisz<\/li>\n<li>Psoriasis<\/li>\n<li>Migr\u00e9n<\/li>\n<li>Alv\u00e1szavarok, stressz, f\u00e1radts\u00e1g<\/li>\n<\/ul>\n<p>A haloter\u00e1pia <strong>nem<\/strong> aj\u00e1nlott<\/p>\n<ul>\n<li>S\u00falyos magas v\u00e9rnyom\u00e1s<\/li>\n<li>Visszaes\u00e9sek \u00e9s b\u00e1rmilyen t\u00edpus\u00fa massz\u00edv v\u00e9rz\u00e9s<\/li>\n<li>V\u00e9rbetegs\u00e9gek az akut szakaszban<\/li>\n<li>A l\u00e9gz\u0151szervi megbeteged\u00e9sek akut szakasza<\/li>\n<li>S\u00falyos kr\u00f3nikus l\u00e9gz\u00e9si el\u00e9gtelens\u00e9g<\/li>\n<li>Akt\u00edv tuberkul\u00f3zis<\/li>\n<li>Ment\u00e1lis zavarok \u00e9s a k\u00e1b\u00edt\u00f3szer-f\u00fcgg\u0151s\u00e9g minden t\u00edpusa<\/li>\n<li>Rosszindulat\u00fa betegs\u00e9gek<\/li>\n<li>Terhess\u00e9g (el\u00e9gtelen vizsg\u00e1latok)<\/li>\n<li>Bels\u0151 betegs\u00e9gek dekompenz\u00e1ci\u00f3 eset\u00e9n<\/li>\n<li>V\u00e9rk\u00f6p\u00e9s<\/li>\n<li>Sz\u00edvel\u00e9gtelens\u00e9g<\/li>\n<\/ul>\n<p>K\u00e9rdezze meg kezel\u0151orvos\u00e1t vagy gy\u00f3gyszer\u00e9sz\u00e9t a haloter\u00e1pia \/ sz\u00e1raz s\u00f3inhal\u00e1ci\u00f3 el\u0151nyeir\u0151l \u00e9s h\u00e1tr\u00e1nyair\u00f3l, valamint arr\u00f3l, hogy alkalmas-e \u00d6nnek. A haloter\u00e1pi\u00e1r\u00f3l sz\u00f3l\u00f3 tanulm\u00e1nyok \u00e9s rengeteg inform\u00e1ci\u00f3 \u00e9rhet\u0151 el a vil\u00e1gh\u00e1l\u00f3n.<\/p>\n<div class=\"row\"  id=\"row-1571016018\">\n\n\t<div id=\"col-1859912093\" class=\"col medium-6 small-12 large-6\"  >\n\t\t\t\t<div class=\"col-inner\"  >\n\t\t\t\n\t\t\t\n<h2>S\u00f3s l\u00e9gter\u00e1pia a SalzKRAFTwerk LINZ-ben, Fels\u0151-Ausztri\u00e1ban &#8211; <a href=\"https:\/\/www.salzkraftwerk.at\/die-etwas-andere-salzgrotte-in-linz\/\">egy s\u00f3s barlang, ami m\u00e1s<\/a>!<\/h2>\n<div class=\"wpb_text_column wpb_content_element \">\n<div class=\"wpb_wrapper\">\n<p>L\u00e1togasson el a <a href=\"https:\/\/www.salzkraftwerk.at\/salzluft-in-oberoesterreich-ein-blick-auf-linz\/\" target=\"_blank\" rel=\"noopener\">SalzKRAFTwerkbe LINZ-ben<\/a> 2024 november\u00e9t\u0151l &#8211; a SOLEUM gy\u00e1rtotta a kabinokat ehhez az \u00faj inhal\u00e1ci\u00f3s aj\u00e1nlathoz Linzben.<br \/>\nTesztelje ott ezt a kiv\u00e1l\u00f3 min\u0151s\u00e9g\u0171 technol\u00f3gi\u00e1t! <\/p>\n<p><a href=\"https:\/\/www.salzkraftwerk.at\/faq-zur-salzlufttherapie\/\" target=\"_blank\" rel=\"noopener\">A linzi haloter\u00e1pi\u00e1val \u00e9s s\u00f3ter\u00e1pi\u00e1val kapcsolatos k\u00e9rd\u00e9sek \u00e9s v\u00e1laszok<\/a> itt tal\u00e1lhat\u00f3k: <a href=\"https:\/\/www.salzkraftwerk.at\/faq-zur-salzlufttherapie\/\">K\u00e9rd\u00e9sek \u00e9s v\u00e1laszok<\/a>.<\/p>\n<\/div>\n<\/div>\n\t\t<\/div>\n\t\t\t\t\t<\/div>\n\n\t\n\n\t<div id=\"col-1922590142\" class=\"col medium-6 small-12 large-6\"  >\n\t\t\t\t<div class=\"col-inner\"  >\n\t\t\t\n\t\t\t\n\t<div class=\"img has-hover x md-x lg-x y md-y lg-y\" id=\"image_1361037014\">\n\t\t<a class=\"\" href=\"https:\/\/www.salzkraftwerk.at\/\" target=\"_blank\" rel=\"noopener\" >\t\t\t\t\t\t<div class=\"img-inner dark\" >\n\t\t\t<img loading=\"lazy\" decoding=\"async\" width=\"500\" height=\"115\" src=\"https:\/\/www.soleum.de\/wp-content\/uploads\/2024\/02\/Salzkraftwerk-Salzlufttherapie.png\" class=\"attachment-large size-large\" alt=\"Salzkraftwerk-Salzlufttherapie\" \/>\t\t\t\t\t\t\n\t\t\t\t\t<\/div>\n\t\t\t\t\t\t<\/a>\t\t\n<style>\n#image_1361037014 {\n  width: 100%;\n}\n<\/style>\n\t<\/div>\n\t\n\t\t<\/div>\n\t\t\t\t\t<\/div>\n\n\t\n<\/div>\n","protected":false},"excerpt":{"rendered":"<p>TS-MINI halogeniz\u00e1tor (kis s\u00f3termek). Ezt a k\u00e9sz\u00fcl\u00e9ket tengeri kl\u00edmakabinjainkban \/ haloter\u00e1pi\u00e1s kabinjainkban haszn\u00e1ljuk.<\/p>\n","protected":false},"featured_media":32003,"template":"","meta":[],"product_brand":[],"product_cat":[6088],"product_tag":[6096,6100,6089,6092,6158,6161,6164,6160,3596,3597,6102,3599,6159,6104,6093,6098,6162,6163,6094],"class_list":{"0":"post-31996","1":"product","2":"type-product","3":"status-publish","4":"has-post-thumbnail","6":"product_cat-haloterapia-szaraz-so-inhalalas","7":"product_tag-enyhiti-az-asztmas-problemakat","8":"product_tag-halogenizator","9":"product_tag-haloterapia","10":"product_tag-haloterapia-otthon","11":"product_tag-haloterapias-kabin","12":"product_tag-haloterapias-kabinok","13":"product_tag-hosszu-covid","14":"product_tag-kis-soszobak","15":"product_tag-so-belelegzese","16":"product_tag-soinhalacios-technika","17":"product_tag-soleum-haloterapia","18":"product_tag-sos-permet","19":"product_tag-soszoba","20":"product_tag-szalzaeroszol-eloallitasa","21":"product_tag-szaraz-so-belegzes","22":"product_tag-szaraz-so-inhalator","23":"product_tag-szaraz-sogenerator","24":"product_tag-szaraz-sokoedkepzo","25":"product_tag-tuedoproblemak-enyhitese","26":"product_shipping_class-paket-10-31kg-hu","28":"first","29":"instock","30":"taxable","31":"shipping-taxable","32":"purchasable","33":"product-type-simple"},"_links":{"self":[{"href":"https:\/\/www.soleum.de\/hu\/wp-json\/wp\/v2\/product\/31996","targetHints":{"allow":["GET"]}}],"collection":[{"href":"https:\/\/www.soleum.de\/hu\/wp-json\/wp\/v2\/product"}],"about":[{"href":"https:\/\/www.soleum.de\/hu\/wp-json\/wp\/v2\/types\/product"}],"wp:featuredmedia":[{"embeddable":true,"href":"https:\/\/www.soleum.de\/hu\/wp-json\/wp\/v2\/media\/32003"}],"wp:attachment":[{"href":"https:\/\/www.soleum.de\/hu\/wp-json\/wp\/v2\/media?parent=31996"}],"wp:term":[{"taxonomy":"product_brand","embeddable":true,"href":"https:\/\/www.soleum.de\/hu\/wp-json\/wp\/v2\/product_brand?post=31996"},{"taxonomy":"product_cat","embeddable":true,"href":"https:\/\/www.soleum.de\/hu\/wp-json\/wp\/v2\/product_cat?post=31996"},{"taxonomy":"product_tag","embeddable":true,"href":"https:\/\/www.soleum.de\/hu\/wp-json\/wp\/v2\/product_tag?post=31996"}],"curies":[{"name":"wp","href":"https:\/\/api.w.org\/{rel}","templated":true}]}}