{"id":32386,"date":"2024-11-03T17:48:09","date_gmt":"2024-11-03T16:48:09","guid":{"rendered":"https:\/\/www.soleum.de\/?post_type=product&#038;p=32386"},"modified":"2024-11-03T18:05:13","modified_gmt":"2024-11-03T17:05:13","slug":"melegito-kanape-elado-egyedi-tetel-kopie","status":"publish","type":"product","link":"https:\/\/www.soleum.de\/hu\/shop\/gozfuerdoben-oentoett-alkatreszek\/melegito-kanape-elado-egyedi-tetel-kopie\/","title":{"rendered":"Meleg\u00edt\u0151 kanap\u00e9 elad\u00f3 egyedi t\u00e9tel (Kopie)"},"content":{"rendered":"<p>Meleg\u00edt\u0151 kanap\u00e9 elad\u00f3, ROH, csempe n\u00e9lk\u00fcl, egy darab<\/p>\n<p>M\u00e9retek: Hossza 215cm. Sz\u00e9less\u00e9g 90cm<\/p>\n<p>m\u00e1r be van vonva f\u0171t\u0151sz\u0151nyeggel. Az \u00e9rz\u00e9kel\u0151v\u00e9d\u0151 cs\u0151 m\u00e1r be van szerelve.<\/p>\n<p>Az \u00e1rak gy\u00e1rilag Pregarten, plusz \u00c1FA. Sz\u00e1ll\u00edt\u00e1si \u00e9s EUR 80,&#8211; csomagol\u00e1si k\u00f6lts\u00e9g (\u00f6n\u00e1tvev\u0151kre nem vonatkozik).<\/p>\n","protected":false},"excerpt":{"rendered":"<p>Meleg\u00edt\u0151 kanap\u00e9 elad\u00f3, ROH, csempe n\u00e9lk\u00fcl, egy darab M\u00e9retek: Hossza 215cm. Sz\u00e9less\u00e9g 90cm m\u00e1r be van vonva f\u0171t\u0151sz\u0151nyeggel. Az \u00e9rz\u00e9kel\u0151v\u00e9d\u0151 cs\u0151 m\u00e1r be van szerelve. Az \u00e1rak gy\u00e1rilag Pregarten, plusz \u00c1FA. Sz\u00e1ll\u00edt\u00e1si \u00e9s EUR 80,&#8211; csomagol\u00e1si k\u00f6lts\u00e9g (\u00f6n\u00e1tvev\u0151kre nem vonatkozik).<\/p>\n","protected":false},"featured_media":32425,"template":"","meta":[],"product_brand":[],"product_cat":[4003],"product_tag":[6292,6290,5737,6295,5738,6282,6279,6275,6269,6277,6273,6294,6297,6288,6285,6271],"class_list":{"0":"post-32386","1":"product","2":"type-product","3":"status-publish","4":"has-post-thumbnail","6":"product_cat-gozfuerdoben-oentoett-alkatreszek","7":"product_tag-diy-gozfuerdo-hu","8":"product_tag-diy-gozfuerdo","9":"product_tag-diy-gozfuerdo-epitese","10":"product_tag-do-it-yourself-gozkabin","11":"product_tag-epitse-meg-sajat-gozfuerdojet","12":"product_tag-epitsen-sajat-gozszaunat","13":"product_tag-goz-szauna-keszlet","14":"product_tag-gozfuerdo-a-sajat-otthonaban","15":"product_tag-gozfuerdo-keszlet","16":"product_tag-gozfuerdo-keszlet-hu","17":"product_tag-gozfuerdo-otthonra","18":"product_tag-gozkabin-keszlet","19":"product_tag-gozkabin-otthonra","20":"product_tag-gozszauna","21":"product_tag-gozszauna-otthonra","22":"product_tag-sajat-epitesu-gozfuerdo","23":"product_shipping_class-oemlesztett-aruk","25":"first","26":"instock","27":"taxable","28":"shipping-taxable","29":"purchasable","30":"product-type-simple"},"_links":{"self":[{"href":"https:\/\/www.soleum.de\/hu\/wp-json\/wp\/v2\/product\/32386","targetHints":{"allow":["GET"]}}],"collection":[{"href":"https:\/\/www.soleum.de\/hu\/wp-json\/wp\/v2\/product"}],"about":[{"href":"https:\/\/www.soleum.de\/hu\/wp-json\/wp\/v2\/types\/product"}],"wp:featuredmedia":[{"embeddable":true,"href":"https:\/\/www.soleum.de\/hu\/wp-json\/wp\/v2\/media\/32425"}],"wp:attachment":[{"href":"https:\/\/www.soleum.de\/hu\/wp-json\/wp\/v2\/media?parent=32386"}],"wp:term":[{"taxonomy":"product_brand","embeddable":true,"href":"https:\/\/www.soleum.de\/hu\/wp-json\/wp\/v2\/product_brand?post=32386"},{"taxonomy":"product_cat","embeddable":true,"href":"https:\/\/www.soleum.de\/hu\/wp-json\/wp\/v2\/product_cat?post=32386"},{"taxonomy":"product_tag","embeddable":true,"href":"https:\/\/www.soleum.de\/hu\/wp-json\/wp\/v2\/product_tag?post=32386"}],"curies":[{"name":"wp","href":"https:\/\/api.w.org\/{rel}","templated":true}]}}