{"id":32435,"date":"2024-11-04T07:42:33","date_gmt":"2024-11-04T06:42:33","guid":{"rendered":"https:\/\/www.soleum.de\/?post_type=product&#038;p=32435"},"modified":"2024-11-04T07:50:13","modified_gmt":"2024-11-04T06:50:13","slug":"melegito-kanape-elado-egyedi-tetel-kopie-kopie","status":"publish","type":"product","link":"https:\/\/www.soleum.de\/hu\/shop\/gozfuerdoben-oentoett-alkatreszek\/melegito-kanape-elado-egyedi-tetel-kopie-kopie\/","title":{"rendered":"G\u0151zf\u00fcrd\u0151 k\u00e9szlet 2. \u00e1rcsoport"},"content":{"rendered":"<h1>G\u0151zf\u00fcrd\u0151 k\u00e9szlet 2. \u00e1rcsoport<\/h1>\n<h2>kb. L=(210-260cm) x W=(150-200cm) m\u00e9retekig.<\/h2>\n<p>&nbsp;<\/p>\n<p>BASIC PRO &#8211; \u00edgy nevezz\u00fck az el\u0151re gy\u00e1rtott, teljesen elektromos f\u0171t\u00e9s\u0171 g\u0151zkabin k\u00e9szletet A k\u00e9szlet \u00e1ra tartalmazza az egyedi g\u0151zf\u00fcrd\u0151 tervez\u00e9st. A kabin terv szerint k\u00e9sz\u00fcl el \u00e1ltalunk (bevonat f\u0171t\u0151sz\u0151nyeggel, \u00e9rz\u00e9kel\u0151k \u00e9s lefoly\u00f3k be\u00e9p\u00edt\u00e9se, \u00fcres cs\u00f6vek, alum\u00ednium profilok a k\u00e9s\u0151bbi \u00fcvegez\u00e9shez stb.) \u00e9s egyszeri teljes be\u00e9p\u00edt\u00e9ssel is.<br \/>\nEz lehet\u0151v\u00e9 teszi sz\u00e1munkra, hogy ellen\u0151rizz\u00fck a m\u00e9reteket \u00e9s biztos\u00edtsuk, hogy minden elf\u00e9r az \u00d6n \u00e9p\u00edtkez\u00e9s\u00e9n. <\/p>\n<p>&nbsp;<\/p>\n<p>A kupol\u00e1s tet\u0151k n\u00e9gyzetm\u00e9terenk\u00e9nt 240 EUR fel\u00e1r ellen\u00e9ben, \u00e1fa n\u00e9lk\u00fcl kaphat\u00f3k.<\/p>\n\t<div class=\"box has-hover   has-hover box-text-bottom\" >\n\n\t\t<div class=\"box-image\" >\n\t\t\t\t\t\t<div class=\"\" >\n\t\t\t\t<img loading=\"lazy\" decoding=\"async\" width=\"1000\" height=\"1401\" src=\"https:\/\/www.soleum.de\/wp-content\/uploads\/2019\/03\/Soleum-Bausatz-aufgestellt-2.jpg\" class=\"attachment- size-\" alt=\"\" srcset=\"https:\/\/www.soleum.de\/wp-content\/uploads\/2019\/03\/Soleum-Bausatz-aufgestellt-2.jpg 1000w, https:\/\/www.soleum.de\/wp-content\/uploads\/2019\/03\/Soleum-Bausatz-aufgestellt-2-286x400.jpg 286w, https:\/\/www.soleum.de\/wp-content\/uploads\/2019\/03\/Soleum-Bausatz-aufgestellt-2-768x1076.jpg 768w, https:\/\/www.soleum.de\/wp-content\/uploads\/2019\/03\/Soleum-Bausatz-aufgestellt-2-571x800.jpg 571w, https:\/\/www.soleum.de\/wp-content\/uploads\/2019\/03\/Soleum-Bausatz-aufgestellt-2-510x715.jpg 510w\" sizes=\"auto, (max-width: 1000px) 100vw, 1000px\" \/>\t\t\t\t\t\t\t\t\t\t\t<\/div>\n\t\t\t\t\t<\/div>\n\n\t\t<div class=\"box-text text-center is-large\" >\n\t\t\t<div class=\"box-text-inner\">\n\t\t\t\t\n<div class=\"container section-title-container\" ><h3 class=\"section-title section-title-normal\"><b aria-hidden=\"true\"><\/b><span class=\"section-title-main\" >K\u00e9psorozat az \u00e9p\u00edtkez\u00e9sen:<\/span><b aria-hidden=\"true\"><\/b><\/h3><\/div>\n<h2>K\u00c9P P\u00c9LDA EGY G\u0150ZF\u00dcRD\u0150 K\u00c9SZLETRE<\/h2>\n<p>Itt l\u00e1that\u00f3 egy p\u00e9lda a helysz\u00edni (helysz\u00edni) telep\u00edt\u00e9shez sz\u00fcks\u00e9ges k\u00e9szletre. A falfel\u00fcletek \u00e9s az \u00fcl\u0151fel\u00fcletek elektromos f\u0171t\u00e9ssel vannak ell\u00e1tva (k\u00fcl\u00f6n f\u0171t\u0151k\u00f6r\u00f6k).<\/p>\n\t<div class=\"img has-hover x md-x lg-x y md-y lg-y\" id=\"image_1368390596\">\n\t\t\t\t\t\t\t\t<div class=\"img-inner dark\" >\n\t\t\t<img loading=\"lazy\" decoding=\"async\" width=\"1000\" height=\"750\" src=\"https:\/\/www.soleum.de\/wp-content\/uploads\/2019\/03\/Soleum-rohkabine-auf-Baustelle-aufgestellt.jpg\" class=\"attachment-large size-large\" alt=\"\" srcset=\"https:\/\/www.soleum.de\/wp-content\/uploads\/2019\/03\/Soleum-rohkabine-auf-Baustelle-aufgestellt.jpg 1000w, https:\/\/www.soleum.de\/wp-content\/uploads\/2019\/03\/Soleum-rohkabine-auf-Baustelle-aufgestellt-533x400.jpg 533w, https:\/\/www.soleum.de\/wp-content\/uploads\/2019\/03\/Soleum-rohkabine-auf-Baustelle-aufgestellt-768x576.jpg 768w, https:\/\/www.soleum.de\/wp-content\/uploads\/2019\/03\/Soleum-rohkabine-auf-Baustelle-aufgestellt-510x383.jpg 510w\" sizes=\"auto, (max-width: 1000px) 100vw, 1000px\" \/>\t\t\t\t\t\t\n\t\t\t\t\t<\/div>\n\t\t\t\t\t\t\t\t\n<style>\n#image_1368390596 {\n  width: 100%;\n}\n<\/style>\n\t<\/div>\n\t\n\t<div id=\"gap-909640842\" class=\"gap-element clearfix\" style=\"display:block; height:auto;\">\n\t\t\n<style>\n#gap-909640842 {\n  padding-top: 30px;\n}\n<\/style>\n\t<\/div>\n\t\n\t\t\t<\/div>\n\t\t<\/div>\n\t<\/div>\n\t\n\t<div id=\"gap-803198225\" class=\"gap-element clearfix\" style=\"display:block; height:auto;\">\n\t\t\n<style>\n#gap-803198225 {\n  padding-top: 30px;\n}\n<\/style>\n\t<\/div>\n\t\n\t<div class=\"img has-hover x md-x lg-x y md-y lg-y\" id=\"image_157912567\">\n\t\t\t\t\t\t\t\t<div class=\"img-inner dark\" >\n\t\t\t<img loading=\"lazy\" decoding=\"async\" width=\"600\" height=\"800\" src=\"https:\/\/www.soleum.de\/wp-content\/uploads\/2019\/03\/Soleum-rohkabine-auf-Baustelle-aufgestellt-1-600x800.jpg\" class=\"attachment-large size-large\" alt=\"\" srcset=\"https:\/\/www.soleum.de\/wp-content\/uploads\/2019\/03\/Soleum-rohkabine-auf-Baustelle-aufgestellt-1-600x800.jpg 600w, https:\/\/www.soleum.de\/wp-content\/uploads\/2019\/03\/Soleum-rohkabine-auf-Baustelle-aufgestellt-1-300x400.jpg 300w, https:\/\/www.soleum.de\/wp-content\/uploads\/2019\/03\/Soleum-rohkabine-auf-Baustelle-aufgestellt-1-510x680.jpg 510w, https:\/\/www.soleum.de\/wp-content\/uploads\/2019\/03\/Soleum-rohkabine-auf-Baustelle-aufgestellt-1.jpg 750w\" sizes=\"auto, (max-width: 600px) 100vw, 600px\" \/>\t\t\t\t\t\t\n\t\t\t\t\t<\/div>\n\t\t\t\t\t\t\t\t\n<style>\n#image_157912567 {\n  width: 100%;\n}\n<\/style>\n\t<\/div>\n\t\n<div id=\"portfolio-1913849318\" class=\"portfolio-element-wrapper has-filtering\">\n  \n    <div id=\"portfolio-1913849318\" class=\"slider slider-auto-height row-collapse slider-nav-reveal\" data-flickity-options='{&quot;imagesLoaded&quot;: true, &quot;dragThreshold&quot; : 5, &quot;cellAlign&quot;: &quot;left&quot;,&quot;wrapAround&quot;: true,&quot;prevNextButtons&quot;: true,&quot;percentPosition&quot;: true,&quot;pageDots&quot;: false, &quot;rightToLeft&quot;: false, &quot;autoPlay&quot; : false}'>\n\n    <div class=\"col\" data-terms=\"[&quot;G\u0151zf\u00fcrd\u0151 \u00fcl\u00e9sekkel&quot;]\" >\n          <div class=\"col-inner\" >\n          <a href=\"https:\/\/www.soleum.de\/hu\/featured_item\/gozfuerdo-nemetorszag\/\" class=\"plain \">\n          <div class=\"portfolio-box box has-hover box-default\">\n            <div class=\"box-image\" >\n                <div class=\"image-cover\" style=\"padding-top:100%;\">\n                <img loading=\"lazy\" decoding=\"async\" width=\"533\" height=\"400\" src=\"https:\/\/www.soleum.de\/wp-content\/uploads\/2019\/12\/SOLEUM-Dampfbad-Deutschland-006-533x400.jpg\" class=\"attachment-medium size-medium\" alt=\"\" srcset=\"https:\/\/www.soleum.de\/wp-content\/uploads\/2019\/12\/SOLEUM-Dampfbad-Deutschland-006-533x400.jpg 533w, https:\/\/www.soleum.de\/wp-content\/uploads\/2019\/12\/SOLEUM-Dampfbad-Deutschland-006-768x576.jpg 768w, https:\/\/www.soleum.de\/wp-content\/uploads\/2019\/12\/SOLEUM-Dampfbad-Deutschland-006-510x383.jpg 510w, https:\/\/www.soleum.de\/wp-content\/uploads\/2019\/12\/SOLEUM-Dampfbad-Deutschland-006.jpg 800w\" sizes=\"auto, (max-width: 533px) 100vw, 533px\" \/>                                                <\/div>\n            <\/div>\n            <div class=\"box-text text-center\" >\n                  <div class=\"box-text-inner\">\n                      <h6 class=\"uppercase portfolio-box-title\">G\u0151zf\u00fcrd\u0151 N\u00e9metorsz\u00e1g<\/h6>\n                      <p class=\"uppercase portfolio-box-category is-xsmall op-6\">\n                        <span class=\"show-on-hover\">\n                         G\u0151zf\u00fcrd\u0151 \u00fcl\u00e9sekkel                        <\/span>\n                      <\/p>\n                  <\/div>\n            <\/div>\n           <\/div>\n           <\/a>\n           <\/div>\n           <\/div><\/div><\/div>\n","protected":false},"excerpt":{"rendered":"<p>G\u0151zf\u00fcrd\u0151 k\u00e9szlet 2. \u00e1rcsoport: kb. L=(210-260cm) x W=(150-200cm) m\u00e9retekig.<\/p>\n","protected":false},"featured_media":32425,"template":"","meta":[],"product_brand":[],"product_cat":[4003],"product_tag":[6292,6290,5737,6295,5738,6282,6279,6275,6269,6277,6273,6294,6297,6288,6285,6271],"class_list":{"0":"post-32435","1":"product","2":"type-product","3":"status-publish","4":"has-post-thumbnail","6":"product_cat-gozfuerdoben-oentoett-alkatreszek","7":"product_tag-diy-gozfuerdo-hu","8":"product_tag-diy-gozfuerdo","9":"product_tag-diy-gozfuerdo-epitese","10":"product_tag-do-it-yourself-gozkabin","11":"product_tag-epitse-meg-sajat-gozfuerdojet","12":"product_tag-epitsen-sajat-gozszaunat","13":"product_tag-goz-szauna-keszlet","14":"product_tag-gozfuerdo-a-sajat-otthonaban","15":"product_tag-gozfuerdo-keszlet","16":"product_tag-gozfuerdo-keszlet-hu","17":"product_tag-gozfuerdo-otthonra","18":"product_tag-gozkabin-keszlet","19":"product_tag-gozkabin-otthonra","20":"product_tag-gozszauna","21":"product_tag-gozszauna-otthonra","22":"product_tag-sajat-epitesu-gozfuerdo","23":"product_shipping_class-oemlesztett-aruk","25":"first","26":"instock","27":"taxable","28":"shipping-taxable","29":"purchasable","30":"product-type-simple"},"_links":{"self":[{"href":"https:\/\/www.soleum.de\/hu\/wp-json\/wp\/v2\/product\/32435","targetHints":{"allow":["GET"]}}],"collection":[{"href":"https:\/\/www.soleum.de\/hu\/wp-json\/wp\/v2\/product"}],"about":[{"href":"https:\/\/www.soleum.de\/hu\/wp-json\/wp\/v2\/types\/product"}],"wp:featuredmedia":[{"embeddable":true,"href":"https:\/\/www.soleum.de\/hu\/wp-json\/wp\/v2\/media\/32425"}],"wp:attachment":[{"href":"https:\/\/www.soleum.de\/hu\/wp-json\/wp\/v2\/media?parent=32435"}],"wp:term":[{"taxonomy":"product_brand","embeddable":true,"href":"https:\/\/www.soleum.de\/hu\/wp-json\/wp\/v2\/product_brand?post=32435"},{"taxonomy":"product_cat","embeddable":true,"href":"https:\/\/www.soleum.de\/hu\/wp-json\/wp\/v2\/product_cat?post=32435"},{"taxonomy":"product_tag","embeddable":true,"href":"https:\/\/www.soleum.de\/hu\/wp-json\/wp\/v2\/product_tag?post=32435"}],"curies":[{"name":"wp","href":"https:\/\/api.w.org\/{rel}","templated":true}]}}