{"id":21598,"date":"2013-08-11T19:06:15","date_gmt":"2013-08-11T17:06:15","guid":{"rendered":"https:\/\/www.soleum.de\/chi-siamo\/"},"modified":"2024-10-22T13:05:39","modified_gmt":"2024-10-22T11:05:39","slug":"chi-siamo","status":"publish","type":"page","link":"https:\/\/www.soleum.de\/it\/chi-siamo\/","title":{"rendered":"Chi siamo"},"content":{"rendered":"\n\n  <div class=\"banner has-hover has-parallax\" id=\"banner-279035082\">\n          <div class=\"banner-inner fill\">\n        <div class=\"banner-bg fill\" data-parallax=\"-3\" data-parallax-container=\".banner\" data-parallax-background>\n            <img loading=\"lazy\" decoding=\"async\" width=\"1020\" height=\"546\" src=\"https:\/\/www.soleum.de\/wp-content\/uploads\/2017\/02\/Kompetenzzentrum-pregarten-slider_3.jpg\" class=\"bg attachment-large size-large\" alt=\"\" \/>                        <div class=\"overlay\"><\/div>            \n                    <\/div>\n\t\t\n        <div class=\"banner-layers container\">\n            <div class=\"fill banner-link\"><\/div>            \n\n   <div id=\"text-box-999067825\" class=\"text-box banner-layer x100 md-x100 lg-x100 y95 md-y95 lg-y95 res-text\">\n                                <div class=\"text-box-content text dark\">\n              \n              <div class=\"text-inner text-center\">\n                  \n\n<h1 class=\"lead\">SOLEUM GmbH<\/h1>\n<p class=\"lead\">Sito di produzione a Pregarten, Austria<\/p>\n<div class=\"module-wrapper no-cnt mod-paragraph\">\n<div>\n<div>\n<h1 class=\"page-title page-title-larger\">Un bagno di vapore da un professionista &#8211; Siete proprio tra noi!<\/h1>\n<div class=\"page-intro\"><\/div>\n<\/div>\n<\/div>\n<\/div>\n<div class=\"module-wrapper mod-paragraph\">\n<div class=\"cnt-default default \">\n<div class=\"header\">\n<h1><u><strong>Bagni di vapore di nostra produzione e realizzazione del progetto a casa vostra.<\/strong><\/u><\/h1>\n<div><\/div>\n<div>Cabine di vapore, bagni di vapore salino o docce di vapore e bagni di vapore con o senza nebulizzazione di salamoia.<\/div>\n<div><\/div>\n<div>Se state progettando un hamamm, una grotta di vapore o una grotta salina, non esitate a contattarci!<\/div>\n<\/div>\n<div class=\"body\">\n<div class=\"fl\">\n<div class=\"va-t\"><\/div>\n<div class=\"va-t\">\n<div><strong>Perci\u00f2 costruire un bagno turco da soli non deve essere difficile, l&#8217;importante nella costruzione di un bagno turco \u00e8 assicurarsi di avere i componenti giusti e il servizio di assistenza da parte di professionisti competenti!  <\/strong><\/div>\n<div><\/div>\n<div>Dalla panca per bagno turco al lettino, passando per le nicchie e il generatore di vapore, vi offriamo qui la nostra tecnologia per bagno turco online. La maggior parte degli articoli pu\u00f2 essere visionata e provata nel nostro showroom di oltre 100 m2.<\/div>\n<\/div>\n<\/div>\n<\/div>\n<\/div>\n<\/div>\n\n              <\/div>\n           <\/div>\n                            \n<style>\n#text-box-999067825 {\n  width: 52%;\n}\n#text-box-999067825 .text-box-content {\n  font-size: 122%;\n}\n<\/style>\n    <\/div>\n \n\n        <\/div>\n      <\/div>\n\n            \n<style>\n#banner-279035082 {\n  padding-top: 507px;\n}\n#banner-279035082 .overlay {\n  background-color: rgba(0, 0, 0, 0.49);\n}\n<\/style>\n  <\/div>\n\n\n<div class=\"row row-collapse\"  id=\"row-1669199526\">\n\n\n\t<div id=\"col-1329455104\" class=\"col small-12 large-12\"  >\n\t\t\t\t<div class=\"col-inner\"  >\n\t\t\t\n\t\t\t\n\n\t<div id=\"gap-1594756526\" class=\"gap-element clearfix\" style=\"display:block; height:auto;\">\n\t\t\n<style>\n#gap-1594756526 {\n  padding-top: 61px;\n}\n<\/style>\n\t<\/div>\n\t\n\n<div class=\"row\"  id=\"row-1884109308\">\n\n\n\t<div id=\"col-333296614\" class=\"col medium-6 small-12 large-6\"  >\n\t\t\t\t<div class=\"col-inner\"  >\n\t\t\t\n\t\t\t\n\n<h3>DATI DI CONTATTO<\/h3>\n<h1>SOLEUM GmbH<\/h1>\n<p><br><br>Gutauerstrasse 42 4230 Pregarten Tel: +43 7236-26200<\/p>\n<p>Email: info@soleum.at<\/p>\n<p><br><br>O<strong>rari di apertura:<\/strong> luned\u00ec, marted\u00ec e gioved\u00ec: 9:00-12:00 e 14:00-17:00 mercoled\u00ec: 9:00-12:00<\/p>\n<p>Il venerd\u00ec non \u00e8 un giorno d&#8217;ufficio.<\/p>\n<p><br>e su appuntamento!<\/p>\n<p><br><br><br>UID-No.: ATU66445199 ARA-LN:16346 Landesgericht Linz, FN 362383t Luogo di adempimento e giurisdizione \u00e8 LINZ<\/p>\n\n\t\t<\/div>\n\t\t\t\t\t<\/div>\n\n\t\n\n\t<div id=\"col-1757646140\" class=\"col medium-6 small-12 large-6\"  >\n\t\t\t\t<div class=\"col-inner\"  >\n\t\t\t\n\t\t\t\n\n<p>IL NOSTRO SHOWROOM A PREGARTEN \/ AUSTRIA<\/p>\n\n  \n    <div id=\"gallery-1190270523\" class=\"row large-columns-2 medium-columns- small-columns- row-masonry\" data-packery-options='{\"itemSelector\": \".col\", \"gutter\": 0, \"presentageWidth\" : true}'>\n\n  <div class=\"gallery-col col\" >\n          <div class=\"col-inner\">\n            <a class=\"image-lightbox lightbox-gallery\" href=\"https:\/\/www.soleum.de\/wp-content\/uploads\/2023\/08\/Soleum-Schauraum-Pregarten4.jpg\" title=\"\">            <div class=\"box has-hover gallery-box box-overlay dark\">\n              <div class=\"box-image\" >\n                <img loading=\"lazy\" decoding=\"async\" width=\"533\" height=\"400\" src=\"https:\/\/www.soleum.de\/wp-content\/uploads\/2023\/08\/Soleum-Schauraum-Pregarten4-533x400.jpg\" class=\"attachment-medium size-medium\" alt=\"Soleum-Schauraum-Pregarten8\" ids=\"21100,21093,21086,21079,21072,21051,21058,21065\" type=\"masonry\" columns=\"2\" srcset=\"https:\/\/www.soleum.de\/wp-content\/uploads\/2023\/08\/Soleum-Schauraum-Pregarten4-533x400.jpg 533w, https:\/\/www.soleum.de\/wp-content\/uploads\/2023\/08\/Soleum-Schauraum-Pregarten4-768x576.jpg 768w, https:\/\/www.soleum.de\/wp-content\/uploads\/2023\/08\/Soleum-Schauraum-Pregarten4-510x383.jpg 510w, https:\/\/www.soleum.de\/wp-content\/uploads\/2023\/08\/Soleum-Schauraum-Pregarten4.jpg 1000w\" sizes=\"auto, (max-width: 533px) 100vw, 533px\" \/>                                  <div class=\"overlay fill\"\n                      style=\"background-color: rgba(0,0,0,.15)\">\n                  <\/div>\n                                                              <\/div>\n              <div class=\"box-text text-left\" >\n                 <p><\/p>\n              <\/div>\n            <\/div>\n            <\/a>          <\/div>\n         <\/div><div class=\"gallery-col col\" >\n          <div class=\"col-inner\">\n            <a class=\"image-lightbox lightbox-gallery\" href=\"https:\/\/www.soleum.de\/wp-content\/uploads\/2023\/08\/Soleum-Schauraum-Pregarten3.jpg\" title=\"\">            <div class=\"box has-hover gallery-box box-overlay dark\">\n              <div class=\"box-image\" >\n                <img loading=\"lazy\" decoding=\"async\" width=\"533\" height=\"400\" src=\"https:\/\/www.soleum.de\/wp-content\/uploads\/2023\/08\/Soleum-Schauraum-Pregarten3-533x400.jpg\" class=\"attachment-medium size-medium\" alt=\"Soleum-Schauraum-Pregarten8\" ids=\"21100,21093,21086,21079,21072,21051,21058,21065\" type=\"masonry\" columns=\"2\" srcset=\"https:\/\/www.soleum.de\/wp-content\/uploads\/2023\/08\/Soleum-Schauraum-Pregarten3-533x400.jpg 533w, https:\/\/www.soleum.de\/wp-content\/uploads\/2023\/08\/Soleum-Schauraum-Pregarten3-768x576.jpg 768w, https:\/\/www.soleum.de\/wp-content\/uploads\/2023\/08\/Soleum-Schauraum-Pregarten3-510x383.jpg 510w, https:\/\/www.soleum.de\/wp-content\/uploads\/2023\/08\/Soleum-Schauraum-Pregarten3.jpg 1000w\" sizes=\"auto, (max-width: 533px) 100vw, 533px\" \/>                                  <div class=\"overlay fill\"\n                      style=\"background-color: rgba(0,0,0,.15)\">\n                  <\/div>\n                                                              <\/div>\n              <div class=\"box-text text-left\" >\n                 <p><\/p>\n              <\/div>\n            <\/div>\n            <\/a>          <\/div>\n         <\/div><div class=\"gallery-col col\" >\n          <div class=\"col-inner\">\n            <a class=\"image-lightbox lightbox-gallery\" href=\"https:\/\/www.soleum.de\/wp-content\/uploads\/2023\/08\/Soleum-Schauraum-Pregarten2.jpg\" title=\"\">            <div class=\"box has-hover gallery-box box-overlay dark\">\n              <div class=\"box-image\" >\n                <img loading=\"lazy\" decoding=\"async\" width=\"533\" height=\"400\" src=\"https:\/\/www.soleum.de\/wp-content\/uploads\/2023\/08\/Soleum-Schauraum-Pregarten2-533x400.jpg\" class=\"attachment-medium size-medium\" alt=\"Soleum-Schauraum-Pregarten8\" ids=\"21100,21093,21086,21079,21072,21051,21058,21065\" type=\"masonry\" columns=\"2\" srcset=\"https:\/\/www.soleum.de\/wp-content\/uploads\/2023\/08\/Soleum-Schauraum-Pregarten2-533x400.jpg 533w, https:\/\/www.soleum.de\/wp-content\/uploads\/2023\/08\/Soleum-Schauraum-Pregarten2-768x576.jpg 768w, https:\/\/www.soleum.de\/wp-content\/uploads\/2023\/08\/Soleum-Schauraum-Pregarten2-510x383.jpg 510w, https:\/\/www.soleum.de\/wp-content\/uploads\/2023\/08\/Soleum-Schauraum-Pregarten2.jpg 1000w\" sizes=\"auto, (max-width: 533px) 100vw, 533px\" \/>                                  <div class=\"overlay fill\"\n                      style=\"background-color: rgba(0,0,0,.15)\">\n                  <\/div>\n                                                              <\/div>\n              <div class=\"box-text text-left\" >\n                 <p><\/p>\n              <\/div>\n            <\/div>\n            <\/a>          <\/div>\n         <\/div><div class=\"gallery-col col\" >\n          <div class=\"col-inner\">\n            <a class=\"image-lightbox lightbox-gallery\" href=\"https:\/\/www.soleum.de\/wp-content\/uploads\/2023\/08\/Soleum-Schauraum-Pregarten1.jpg\" title=\"\">            <div class=\"box has-hover gallery-box box-overlay dark\">\n              <div class=\"box-image\" >\n                <img loading=\"lazy\" decoding=\"async\" width=\"533\" height=\"400\" src=\"https:\/\/www.soleum.de\/wp-content\/uploads\/2023\/08\/Soleum-Schauraum-Pregarten1-533x400.jpg\" class=\"attachment-medium size-medium\" alt=\"Soleum-Schauraum-Pregarten8\" ids=\"21100,21093,21086,21079,21072,21051,21058,21065\" type=\"masonry\" columns=\"2\" srcset=\"https:\/\/www.soleum.de\/wp-content\/uploads\/2023\/08\/Soleum-Schauraum-Pregarten1-533x400.jpg 533w, https:\/\/www.soleum.de\/wp-content\/uploads\/2023\/08\/Soleum-Schauraum-Pregarten1-768x576.jpg 768w, https:\/\/www.soleum.de\/wp-content\/uploads\/2023\/08\/Soleum-Schauraum-Pregarten1-510x383.jpg 510w, https:\/\/www.soleum.de\/wp-content\/uploads\/2023\/08\/Soleum-Schauraum-Pregarten1.jpg 1000w\" sizes=\"auto, (max-width: 533px) 100vw, 533px\" \/>                                  <div class=\"overlay fill\"\n                      style=\"background-color: rgba(0,0,0,.15)\">\n                  <\/div>\n                                                              <\/div>\n              <div class=\"box-text text-left\" >\n                 <p><\/p>\n              <\/div>\n            <\/div>\n            <\/a>          <\/div>\n         <\/div><div class=\"gallery-col col\" >\n          <div class=\"col-inner\">\n            <a class=\"image-lightbox lightbox-gallery\" href=\"https:\/\/www.soleum.de\/wp-content\/uploads\/2023\/08\/Soleum-Schauraum-Pregarten8.jpg\" title=\"\">            <div class=\"box has-hover gallery-box box-overlay dark\">\n              <div class=\"box-image\" >\n                <img loading=\"lazy\" decoding=\"async\" width=\"533\" height=\"400\" src=\"https:\/\/www.soleum.de\/wp-content\/uploads\/2023\/08\/Soleum-Schauraum-Pregarten8-533x400.jpg\" class=\"attachment-medium size-medium\" alt=\"Soleum-Schauraum-Pregarten8\" ids=\"21100,21093,21086,21079,21072,21051,21058,21065\" type=\"masonry\" columns=\"2\" srcset=\"https:\/\/www.soleum.de\/wp-content\/uploads\/2023\/08\/Soleum-Schauraum-Pregarten8-533x400.jpg 533w, https:\/\/www.soleum.de\/wp-content\/uploads\/2023\/08\/Soleum-Schauraum-Pregarten8-768x576.jpg 768w, https:\/\/www.soleum.de\/wp-content\/uploads\/2023\/08\/Soleum-Schauraum-Pregarten8-510x383.jpg 510w, https:\/\/www.soleum.de\/wp-content\/uploads\/2023\/08\/Soleum-Schauraum-Pregarten8.jpg 1000w\" sizes=\"auto, (max-width: 533px) 100vw, 533px\" \/>                                  <div class=\"overlay fill\"\n                      style=\"background-color: rgba(0,0,0,.15)\">\n                  <\/div>\n                                                              <\/div>\n              <div class=\"box-text text-left\" >\n                 <p><\/p>\n              <\/div>\n            <\/div>\n            <\/a>          <\/div>\n         <\/div><div class=\"gallery-col col\" >\n          <div class=\"col-inner\">\n            <a class=\"image-lightbox lightbox-gallery\" href=\"https:\/\/www.soleum.de\/wp-content\/uploads\/2023\/08\/Soleum-Schauraum-Pregarten5.jpg\" title=\"Soleum SPA Design Schauraum in Pregarten\">            <div class=\"box has-hover gallery-box box-overlay dark\">\n              <div class=\"box-image\" >\n                <img loading=\"lazy\" decoding=\"async\" width=\"533\" height=\"400\" src=\"https:\/\/www.soleum.de\/wp-content\/uploads\/2023\/08\/Soleum-Schauraum-Pregarten5-533x400.jpg\" class=\"attachment-medium size-medium\" alt=\"\" ids=\"21100,21093,21086,21079,21072,21051,21058,21065\" type=\"masonry\" columns=\"2\" srcset=\"https:\/\/www.soleum.de\/wp-content\/uploads\/2023\/08\/Soleum-Schauraum-Pregarten5-533x400.jpg 533w, https:\/\/www.soleum.de\/wp-content\/uploads\/2023\/08\/Soleum-Schauraum-Pregarten5-768x576.jpg 768w, https:\/\/www.soleum.de\/wp-content\/uploads\/2023\/08\/Soleum-Schauraum-Pregarten5-510x383.jpg 510w, https:\/\/www.soleum.de\/wp-content\/uploads\/2023\/08\/Soleum-Schauraum-Pregarten5.jpg 1000w\" sizes=\"auto, (max-width: 533px) 100vw, 533px\" \/>                                  <div class=\"overlay fill\"\n                      style=\"background-color: rgba(0,0,0,.15)\">\n                  <\/div>\n                                                              <\/div>\n              <div class=\"box-text text-left\" >\n                 <p>Soleum SPA Design Schauraum in Pregarten<\/p>\n              <\/div>\n            <\/div>\n            <\/a>          <\/div>\n         <\/div><div class=\"gallery-col col\" >\n          <div class=\"col-inner\">\n            <a class=\"image-lightbox lightbox-gallery\" href=\"https:\/\/www.soleum.de\/wp-content\/uploads\/2023\/08\/Soleum-Schauraum-Pregarten6.jpg\" title=\"Showroom Soleum SPA Design a Pregarten\">            <div class=\"box has-hover gallery-box box-overlay dark\">\n              <div class=\"box-image\" >\n                <img loading=\"lazy\" decoding=\"async\" width=\"533\" height=\"400\" src=\"https:\/\/www.soleum.de\/wp-content\/uploads\/2023\/08\/Soleum-Schauraum-Pregarten6-533x400.jpg\" class=\"attachment-medium size-medium\" alt=\"Showroom Soleum SPA Design a Pregarten\" ids=\"21100,21093,21086,21079,21072,21051,21058,21065\" type=\"masonry\" columns=\"2\" srcset=\"https:\/\/www.soleum.de\/wp-content\/uploads\/2023\/08\/Soleum-Schauraum-Pregarten6-533x400.jpg 533w, https:\/\/www.soleum.de\/wp-content\/uploads\/2023\/08\/Soleum-Schauraum-Pregarten6-768x576.jpg 768w, https:\/\/www.soleum.de\/wp-content\/uploads\/2023\/08\/Soleum-Schauraum-Pregarten6-510x383.jpg 510w, https:\/\/www.soleum.de\/wp-content\/uploads\/2023\/08\/Soleum-Schauraum-Pregarten6.jpg 1000w\" sizes=\"auto, (max-width: 533px) 100vw, 533px\" \/>                                  <div class=\"overlay fill\"\n                      style=\"background-color: rgba(0,0,0,.15)\">\n                  <\/div>\n                                                              <\/div>\n              <div class=\"box-text text-left\" >\n                 <p>Showroom Soleum SPA Design a Pregarten<\/p>\n              <\/div>\n            <\/div>\n            <\/a>          <\/div>\n         <\/div><div class=\"gallery-col col\" >\n          <div class=\"col-inner\">\n            <a class=\"image-lightbox lightbox-gallery\" href=\"https:\/\/www.soleum.de\/wp-content\/uploads\/2023\/08\/Soleum-Schauraum-Pregarten7.jpg\" title=\"\">            <div class=\"box has-hover gallery-box box-overlay dark\">\n              <div class=\"box-image\" >\n                <img loading=\"lazy\" decoding=\"async\" width=\"533\" height=\"400\" src=\"https:\/\/www.soleum.de\/wp-content\/uploads\/2023\/08\/Soleum-Schauraum-Pregarten7-533x400.jpg\" class=\"attachment-medium size-medium\" alt=\"\" ids=\"21100,21093,21086,21079,21072,21051,21058,21065\" type=\"masonry\" columns=\"2\" srcset=\"https:\/\/www.soleum.de\/wp-content\/uploads\/2023\/08\/Soleum-Schauraum-Pregarten7-533x400.jpg 533w, https:\/\/www.soleum.de\/wp-content\/uploads\/2023\/08\/Soleum-Schauraum-Pregarten7-768x576.jpg 768w, https:\/\/www.soleum.de\/wp-content\/uploads\/2023\/08\/Soleum-Schauraum-Pregarten7-510x383.jpg 510w, https:\/\/www.soleum.de\/wp-content\/uploads\/2023\/08\/Soleum-Schauraum-Pregarten7.jpg 1000w\" sizes=\"auto, (max-width: 533px) 100vw, 533px\" \/>                                  <div class=\"overlay fill\"\n                      style=\"background-color: rgba(0,0,0,.15)\">\n                  <\/div>\n                                                              <\/div>\n              <div class=\"box-text text-left\" >\n                 <p><\/p>\n              <\/div>\n            <\/div>\n            <\/a>          <\/div>\n         <\/div><\/div>\n\n\n\t\t<\/div>\n\t\t\t\t\t<\/div>\n\n\t\n\n<\/div>\n<div class=\"text-center\"><div class=\"is-divider divider clearfix\" ><\/div><\/div>\n\n\n\t\t<\/div>\n\t\t\t\t\t<\/div>\n\n\t\n\n<\/div>\n\n","protected":false},"excerpt":{"rendered":"<p>Soleum GmbH &#8211; Produttore di bagni di vapore individuali in Europa. Showroom in 4230 Pregarten , Austria<\/p>\n","protected":false},"author":1,"featured_media":10761,"parent":0,"menu_order":0,"comment_status":"closed","ping_status":"closed","template":"page-transparent-header-light.php","meta":{"footnotes":""},"class_list":["post-21598","page","type-page","status-publish","has-post-thumbnail","hentry"],"_links":{"self":[{"href":"https:\/\/www.soleum.de\/it\/wp-json\/wp\/v2\/pages\/21598","targetHints":{"allow":["GET"]}}],"collection":[{"href":"https:\/\/www.soleum.de\/it\/wp-json\/wp\/v2\/pages"}],"about":[{"href":"https:\/\/www.soleum.de\/it\/wp-json\/wp\/v2\/types\/page"}],"author":[{"embeddable":true,"href":"https:\/\/www.soleum.de\/it\/wp-json\/wp\/v2\/users\/1"}],"replies":[{"embeddable":true,"href":"https:\/\/www.soleum.de\/it\/wp-json\/wp\/v2\/comments?post=21598"}],"version-history":[{"count":11,"href":"https:\/\/www.soleum.de\/it\/wp-json\/wp\/v2\/pages\/21598\/revisions"}],"predecessor-version":[{"id":32364,"href":"https:\/\/www.soleum.de\/it\/wp-json\/wp\/v2\/pages\/21598\/revisions\/32364"}],"wp:featuredmedia":[{"embeddable":true,"href":"https:\/\/www.soleum.de\/it\/wp-json\/wp\/v2\/media\/10761"}],"wp:attachment":[{"href":"https:\/\/www.soleum.de\/it\/wp-json\/wp\/v2\/media?parent=21598"}],"curies":[{"name":"wp","href":"https:\/\/api.w.org\/{rel}","templated":true}]}}