{"id":29269,"date":"2016-10-02T19:12:28","date_gmt":"2016-10-02T17:12:28","guid":{"rendered":"https:\/\/www.soleum.de\/shop\/senza-categoria\/nebulizzazione-della-salamoia-per-il-bagno-di-vapore\/"},"modified":"2024-02-23T16:31:33","modified_gmt":"2024-02-23T15:31:33","slug":"nebulizzazione-della-salamoia-per-il-bagno-di-vapore","status":"publish","type":"product","link":"https:\/\/www.soleum.de\/it\/shop\/nebulizzazione-di-salamoia\/nebulizzazione-della-salamoia-per-il-bagno-di-vapore\/","title":{"rendered":"Nebulizzazione della salamoia per il bagno di vapore"},"content":{"rendered":"<section id=\"pd-left\">\n<figure id=\"pd-gallery-small\" class=\"smart-gallery\" data-id=\"76\">\n<div class=\"sg-image-wrapper\">\n<h1 class=\"sg-image\"><span id=\"product_name\">Volete acquistare un nebulizzatore di salamoia per il bagno turco?  <\/span><\/h1>\n<div class=\"sg-image\"><span id=\"product_name\">Allora abbiamo il <span style=\"color: #0000ff;\">prodotto INTENSIVE<\/span> che fa per voi! <\/span><span id=\"product_name\">Il nostro sistema di nebulizzazione della salamoia non solo nebulizza la soluzione salina, ma anche diversi tipi di t\u00e8!<\/span><\/div>\n<p><iframe loading=\"lazy\" src=\"https:\/\/www.youtube.com\/embed\/98aPwzbqq6Q?rel=0\" width=\"640\" height=\"360\" frameborder=\"0\" allowfullscreen=\"allowfullscreen\"><\/iframe><br \/>\n<iframe loading=\"lazy\" src=\"https:\/\/www.youtube.com\/embed\/JVefCVRF-X8?rel=0\" width=\"640\" height=\"360\" frameborder=\"0\" allowfullscreen=\"allowfullscreen\"><\/iframe><br \/>\nNel seguente video potete vedere la nebulizzazione intensiva di salamoia di SOLEUM GmbH. <span style=\"font-size: 160%;\">Osservate come si<\/span> forma <span style=\"font-size: 160%;\">rapidamente (a partire da 1 minuto!)<\/span> una nebbia salina estrema in tutto il bagno di vapore.<\/p>\n<p>In <strong>circa 3 minuti<\/strong>, l&#8217;intero bagno di vapore viene avvolto da una finissima nebbia salina. Il contenitore in acciaio inox contiene 1 litro di soluzione salina (1-3%) o di t\u00e8. Potete anche aggiungere il sale al t\u00e8 e quindi nebulizzare entrambi!<br \/>\n<iframe loading=\"lazy\" src=\"https:\/\/www.youtube.com\/embed\/zGBd8YDn4jQ?rel=0\" width=\"640\" height=\"360\" frameborder=\"0\" allowfullscreen=\"allowfullscreen\"><\/iframe><\/p>\n<div class=\"sg-image\"><\/div>\n<\/div>\n<\/figure>\n<\/section>\n<section id=\"pd-right\">\n<h2 class=\"page-title al page-title-larger\"><span id=\"product_name\">Ci\u00f2 significa che la nostra nebulizzazione di salamoia per bagni di vapore pu\u00f2 essere utilizzata anche come tecnica di inalazione del t\u00e8 per il bagno o la doccia di vapore.<br \/>\n<\/span><\/h2>\n<h2><span style=\"font-size: large;\">Avete gi\u00e0 una doccia o un bagno di vapore e non volete rinunciare ai benefici della nebbia salina? Con questo nebulizzatore ad alte prestazioni, potete trasformare il vostro bagno di vapore in un &#8220;bagno di vapore salino&#8221; o in un SOLEUM &#8211; si legge sempre di bagni di vapore salino, ma ovviamente la salamoia non pu\u00f2 essere trasportata con il vapore ma solo &#8220;nebulizzata&#8221; o &#8220;atomizzata&#8221;.<br \/>\n<\/span><\/h2>\n<p>Ordinate qui il nostro <b>kit di retrofit per la nebulizzazione SOLE e fate qualcosa di buono per la vostra salute! <\/b> <\/p>\n<p>Tuttavia, se si dispone di un<b> <\/b><span id=\"product_name\">tecnica di inalazione della salamoia che desiderate acquistare Informatevi bene sulla tecnica. \u00c8 possibile effettuare la nebulizzazione della salamoia con un nebulizzatore a ultrasuoni (nebbia bassa e fine, sistema simile alla boccia di nebbia) o con il nostro sistema di nebulizzazione della salamoia tramite aria compressa (molto intenso!!). Un intero litro viene nebulizzato in circa 20 minuti!!! e non \u00e8 pi\u00f9 possibile vedere nel bagno di vapore!!!).  <\/span><\/p>\n<p><span id=\"product_name\">Il nostro <strong>sistema germicida<\/strong> \u00e8 cos\u00ec intensivo che NON \u00c8 ADATTO a cabine e saune a infrarossi (non forniamo alcuna garanzia in merito). Tuttavia, la nostra tecnologia di inalazione della salamoia \u00e8 ideale per i bagni e le docce di vapore.<br \/>\n<\/span><\/p>\n<h2 class=\"page-title al page-title-larger\"><span id=\"product_name\">Tecnologia di nebulizzazione della salamoia <\/span><b>acquistare: Breve descrizione<br \/>\n<\/b><\/h2>\n<p>La particolarit\u00e0 \u00e8 la generazione di <u>nebbia salina (o nebbia di t\u00e8)<\/u>. In alternativa, i t\u00e8 medicinali della farmacia possono anche essere nebulizzati, migliorando la novit\u00e0 del prodotto in una cabina di inalazione molto riservata.<br \/>\nLa salamoia nebulizzata non fa bene solo alla respirazione. Il sale sulla pelle aumenta la sudorazione e la depurazione. La pelle viene effettivamente pulita in profondit\u00e0, curata e il sale precipitato ha un effetto estremamente positivo sulla pelle problematica.<br \/>\nAllo stesso tempo, forma una protezione naturale e sostiene il mantello acido della pelle.<\/p>\n<p><strong><br \/>\n  <u>Contenuto della fornitura:<\/u><br \/>\n<\/strong> Compressore per nebulizzazione di salamoia (nebulizzazione di salamoia per bagno turco), ugello per nebulizzazione, tubo dell&#8217;aria blu da 5 m, contenitore in acciaio inox, senza comando (ad es. utilizzare il proprio interruttore).<\/p>\n<p>Il montaggio \u00e8 facile! In linea di principio, si realizza una presa &#8220;commutata&#8221; (ad esempio, tramite un interruttore della luce davanti alla cabina).<br \/>\nIl collegamento elettrico deve essere eseguito da un elettricista autorizzato.<\/p>\n<p>Se si desidera integrare la tecnologia di inalazione in un secondo momento, \u00e8 molto semplice! Questi sono solo alcuni passaggi:<\/p>\n<p>Tutto ci\u00f2 che dovete fare \u00e8:<br \/>\n1.) Praticare un foro di 25 mm nel soffitto (in questo punto verr\u00e0 posizionato l&#8217;ugello di nebulizzazione &#8211; vedi foto sotto).<br \/>\n2) Montare a parete un elemento di supporto per il serbatoio della miscela incongelabile (non compreso nella fornitura, ad es. un piedistallo in vetro).<br \/>\n4) Collegare l&#8217;unit\u00e0 di nebulizzazione all&#8217;ugello di nebulizzazione utilizzando il tubo flessibile dell&#8217;aria in dotazione.<br \/>\n5.) Silicone per l&#8217;ugello al soffitto.<\/p>\n<p>Il compressore di nebulizzazione potrebbe essere posizionato a 10 metri di distanza. La lunghezza del tubo dell&#8217;aria in dotazione \u00e8 di 5m. Se avete bisogno di una linea pi\u00f9 lunga, fatecelo sapere al momento dell&#8217;ordine!<\/p>\n<p><strong>Si attiva o si disattiva a scelta :<\/strong><\/p>\n<ul>\n<li style=\"list-style-type: none;\">\n<ul>\n<li>con presa radio<\/li>\n<li>con normale interruttore di accensione\/spegnimento davanti alla cabina (non incluso)<\/li>\n<li>con interruttore in acciaio inox e rel\u00e8 a 12 V in cabina (a pagamento)<\/li>\n<\/ul>\n<\/li>\n<\/ul>\n<p>Il compressore deve essere collegato da un elettricista.<\/p>\n<\/section>\n<h2>La tecnica di nebulizzazione della salamoia pu\u00f2 essere utilizzata meravigliosamente anche per l&#8217;inalazione della salamoia per i cavalli!<\/h2>\n\n  \n    <div class=\"row large-columns-2 medium-columns-1 small-columns-1 row-full-width\" >\n  <div class=\"col post-item\" >\n\t\t\t<div class=\"col-inner\">\n\t\t\t\t<div class=\"box box-normal box-text-bottom box-blog-post has-hover\">\n            \t\t\t\t\t<div class=\"box-image\" >\n  \t\t\t\t\t\t<div class=\"image-cover\" style=\"padding-top:56.25%;\">\n\t\t\t\t\t\t\t<a href=\"https:\/\/www.soleum.de\/it\/inalazione-di-salamoia-cavallo-inalazione-di-cavallo\/\" class=\"plain\" aria-label=\"Inalazione di salamoia Cavallo &#8211; Inalazione di cavallo\">\n\t\t\t\t\t\t\t\t<img loading=\"lazy\" decoding=\"async\" width=\"298\" height=\"400\" src=\"https:\/\/www.soleum.de\/wp-content\/uploads\/2018\/07\/Sole-Inhalation-Pferd-298x400.jpg\" class=\"attachment-medium size-medium wp-post-image\" alt=\"\" srcset=\"https:\/\/www.soleum.de\/wp-content\/uploads\/2018\/07\/Sole-Inhalation-Pferd-298x400.jpg 298w, https:\/\/www.soleum.de\/wp-content\/uploads\/2018\/07\/Sole-Inhalation-Pferd-510x684.jpg 510w, https:\/\/www.soleum.de\/wp-content\/uploads\/2018\/07\/Sole-Inhalation-Pferd.jpg 594w\" sizes=\"auto, (max-width: 298px) 100vw, 298px\" \/>\t\t\t\t\t\t\t<\/a>\n  \t\t\t\t\t\t\t  \t\t\t\t\t\t\t  \t\t\t\t\t\t<\/div>\n  \t\t\t\t\t\t  \t\t\t\t\t<\/div>\n          \t\t\t\t\t<div class=\"box-text text-center\" >\n\t\t\t\t\t<div class=\"box-text-inner blog-post-inner\">\n\n\t\t\t\t\t\n\t\t\t\t\t\t\t\t\t\t<h5 class=\"post-title is-large \">\n\t\t\t\t\t\t<a href=\"https:\/\/www.soleum.de\/it\/inalazione-di-salamoia-cavallo-inalazione-di-cavallo\/\" class=\"plain\">Inalazione di salamoia Cavallo &#8211; Inalazione di cavallo<\/a>\n\t\t\t\t\t<\/h5>\n\t\t\t\t\t\t\t\t\t\t<div class=\"is-divider\"><\/div>\n\t\t\t\t\t\t\t\t\t\t<p class=\"from_the_blog_excerpt \">\n\t\t\t\t\t\tCavallo da inalazione di salamoia &#8211; con il nebulizzatore di salamoia di Soleum GmbH Inalazioni [...]\t\t\t\t\t<\/p>\n\t\t\t\t\t                    \n\t\t\t\t\t\n\t\t\t\t\t\n\t\t\t\t\t<\/div>\n\t\t\t\t\t<\/div>\n\t\t\t\t\t\t\t\t\t\t\t\t\t\t\t\t<div class=\"badge absolute top post-date badge-outline\">\n\t\t\t\t\t\t\t<div class=\"badge-inner\">\n\t\t\t\t\t\t\t\t<span class=\"post-date-day\">31<\/span><br>\n\t\t\t\t\t\t\t\t<span class=\"post-date-month is-xsmall\">Lug<\/span>\n\t\t\t\t\t\t\t<\/div>\n\t\t\t\t\t\t<\/div>\n\t\t\t\t\t\t\t\t\t<\/div>\n\t\t\t<\/div>\n\t\t<\/div><\/div>\n","protected":false},"excerpt":{"rendered":"<p><span id=\"product_name\">Con il nostro sistema di nebulizzazione della salamoia (sistema di inalazione) per bagni di vapore e docce a vapore, \u00e8 possibile nebulizzare la soluzione salina e anche vari t\u00e8 medicinali. <\/span>In questo modo il vostro bagno di vapore o la vostra doccia di vapore si trasformano in una cabina di inalazione molto privata: abbiamo il pi\u00f9 potente sistema di nebulizzazione di salamoia per bagni di vapore!<\/p>\n","protected":false},"featured_media":10481,"template":"","meta":[],"product_brand":[],"product_cat":[3479,3477],"product_tag":[3502,3503,3501,3508,3504,3481,3505,3509,3493,3506,3483,3486,3488,3495,3499,3496,3500,3511,3484,3491,3507,3510],"class_list":{"0":"post-29269","1":"product","2":"type-product","3":"status-publish","4":"has-post-thumbnail","6":"product_cat-nebulizzazione-di-salamoia","7":"product_cat-tecnologia-del-bagno-di-vapore","8":"product_tag-bagni-di-vapore-in-salamoia","9":"product_tag-bagno-di-salamoia","10":"product_tag-bagno-di-vapore-in-salamoia","11":"product_tag-cavallo-da-inalazione","12":"product_tag-compressore-per-salamoia","13":"product_tag-inalare","14":"product_tag-inalare-nel-bagno-di-vapore","15":"product_tag-inalazione-di-cavalli","16":"product_tag-inalazione-di-salamoia","17":"product_tag-inalazione-di-salamoia-per-cavalli","18":"product_tag-inalazione-di-sale","19":"product_tag-nebbia-salina","20":"product_tag-nebbia-salina-it","21":"product_tag-nebbia-salina-it-2","22":"product_tag-nebulizzazione-della-salamoia-per-il-bagno-di-vapore","23":"product_tag-nebulizzazione-di-salamoia","24":"product_tag-solegeneratore","25":"product_tag-solenebler-it","26":"product_tag-tecnica-di-inalazione-del-sale","27":"product_tag-tecnica-di-inalazione-della-salamoia","28":"product_tag-tecnologia-di-atomizzazione-della-salamoia","29":"product_tag-terapia-in-salamoia","30":"product_shipping_class-pacchetto-5-10-kg","32":"first","33":"instock","34":"taxable","35":"shipping-taxable","36":"purchasable","37":"product-type-simple"},"_links":{"self":[{"href":"https:\/\/www.soleum.de\/it\/wp-json\/wp\/v2\/product\/29269","targetHints":{"allow":["GET"]}}],"collection":[{"href":"https:\/\/www.soleum.de\/it\/wp-json\/wp\/v2\/product"}],"about":[{"href":"https:\/\/www.soleum.de\/it\/wp-json\/wp\/v2\/types\/product"}],"wp:featuredmedia":[{"embeddable":true,"href":"https:\/\/www.soleum.de\/it\/wp-json\/wp\/v2\/media\/10481"}],"wp:attachment":[{"href":"https:\/\/www.soleum.de\/it\/wp-json\/wp\/v2\/media?parent=29269"}],"wp:term":[{"taxonomy":"product_brand","embeddable":true,"href":"https:\/\/www.soleum.de\/it\/wp-json\/wp\/v2\/product_brand?post=29269"},{"taxonomy":"product_cat","embeddable":true,"href":"https:\/\/www.soleum.de\/it\/wp-json\/wp\/v2\/product_cat?post=29269"},{"taxonomy":"product_tag","embeddable":true,"href":"https:\/\/www.soleum.de\/it\/wp-json\/wp\/v2\/product_tag?post=29269"}],"curies":[{"name":"wp","href":"https:\/\/api.w.org\/{rel}","templated":true}]}}