{"id":29331,"date":"2016-07-06T10:47:24","date_gmt":"2016-07-06T08:47:24","guid":{"rendered":"https:\/\/www.soleum.de\/shop\/senza-categoria\/pezzo-a-t-per-liniezione-di-fragranze\/"},"modified":"2024-02-23T16:31:57","modified_gmt":"2024-02-23T15:31:57","slug":"t-pezzo-per-la-fragranza-introduzione-nel-tubo-di-vapore","status":"publish","type":"product","link":"https:\/\/www.soleum.de\/it\/shop\/tecnologia-del-bagno-di-vapore\/t-pezzo-per-la-fragranza-introduzione-nel-tubo-di-vapore\/","title":{"rendered":"Pezzo a T per l&#8217;iniezione di fragranze"},"content":{"rendered":"<p>Raccordo a T per l&#8217;iniezione di fragranze nella <strong>linea del vapore<\/strong>, per il trasporto di emulsioni di fragranze. Questo set \u00e8 adatto ai nostri generatori di vapore in quanto pu\u00f2 essere montato direttamente sul cilindro del vapore. Si inserisce quindi nel tubo del vapore ed \u00e8 indipendente dal montaggio!<br \/>\nLe guarnizioni utilizzate possono resistere a temperature superiori a 100\u00b0C.<\/p>\n","protected":false},"excerpt":{"rendered":"<p>Raccordo a T da 3\/4&#8243; a 3\/4&#8243; , attacco da 1\/2&#8243; al centro, con nipplo in plastica (filettatura esterna da 1\/2&#8243;) per l&#8217;introduzione di fragranze nella linea del vapore.<\/p>\n","protected":false},"featured_media":17810,"template":"","meta":[],"product_brand":[],"product_cat":[3477],"product_tag":[3715,3717,3718,3714,3716],"class_list":{"0":"post-29331","1":"product","2":"type-product","3":"status-publish","4":"has-post-thumbnail","6":"product_cat-tecnologia-del-bagno-di-vapore","7":"product_tag-connettore-per-tubo-vapore","8":"product_tag-iniezione-di-profumo","9":"product_tag-inserimento-del-profumo","10":"product_tag-pezzo-a-t","11":"product_tag-pezzo-a-t-per-liniezione-di-fragranze","13":"first","14":"instock","15":"sold-individually","16":"taxable","17":"shipping-taxable","18":"purchasable","19":"product-type-simple"},"_links":{"self":[{"href":"https:\/\/www.soleum.de\/it\/wp-json\/wp\/v2\/product\/29331","targetHints":{"allow":["GET"]}}],"collection":[{"href":"https:\/\/www.soleum.de\/it\/wp-json\/wp\/v2\/product"}],"about":[{"href":"https:\/\/www.soleum.de\/it\/wp-json\/wp\/v2\/types\/product"}],"wp:featuredmedia":[{"embeddable":true,"href":"https:\/\/www.soleum.de\/it\/wp-json\/wp\/v2\/media\/17810"}],"wp:attachment":[{"href":"https:\/\/www.soleum.de\/it\/wp-json\/wp\/v2\/media?parent=29331"}],"wp:term":[{"taxonomy":"product_brand","embeddable":true,"href":"https:\/\/www.soleum.de\/it\/wp-json\/wp\/v2\/product_brand?post=29331"},{"taxonomy":"product_cat","embeddable":true,"href":"https:\/\/www.soleum.de\/it\/wp-json\/wp\/v2\/product_cat?post=29331"},{"taxonomy":"product_tag","embeddable":true,"href":"https:\/\/www.soleum.de\/it\/wp-json\/wp\/v2\/product_tag?post=29331"}],"curies":[{"name":"wp","href":"https:\/\/api.w.org\/{rel}","templated":true}]}}