{"id":29498,"date":"2016-12-29T09:23:24","date_gmt":"2016-12-29T08:23:24","guid":{"rendered":"https:\/\/www.soleum.de\/shop\/senza-categoria\/generatore-di-vapore-sol-steam-wellness\/"},"modified":"2024-04-03T09:33:35","modified_gmt":"2024-04-03T07:33:35","slug":"generatore-di-vapore-sol-vapore-benessere","status":"publish","type":"product","link":"https:\/\/www.soleum.de\/it\/shop\/generatori-di-vapore\/generatore-di-vapore-sol-vapore-benessere\/","title":{"rendered":"Generatore di vapore SOL-Steam WELLNESS"},"content":{"rendered":"<h1>Generatore di vapore SOL-Steam WELLNESS &#8211; la scelta perfetta per bagni di vapore privati e commerciali<\/h1>\n<div>\n<p class=\"font_8\">Il rumore di accensione del generatore di vapore SOL-Steam WELLNESS \u00e8 leggermente pi\u00f9 silenzioso di quello dell&#8217;unit\u00e0 PLUS e dispone di un programma settimanale e di un&#8217;opzione software integrata per il controllo di 2 pompe di fragranza. Questo generatore di vapore viene utilizzato principalmente nel settore commerciale.<\/p>\n<p class=\"font_8\">Tuttavia, da noi non \u00e8 possibile ottenere solo le unit\u00e0, ma anche la cabina a vapore completa (moduli SPA o anche con il montaggio della cabina completa). Siamo produttori di bagni di vapore da molti anni e produciamo esclusivamente bagni di vapore in qualsiasi forma desiderata.<\/p>\n<\/div>\n<div><img loading=\"lazy\" decoding=\"async\" class=\"alignnone size-full wp-image-6071\" src=\"https:\/\/www.soleum.de\/wp-content\/uploads\/2016\/12\/elektrodendampfgenerator-solsteam_soleum.jpg\" alt=\"Generatore di vapore SOL-Steam\" width=\"555\" height=\"341\" srcset=\"https:\/\/www.soleum.de\/wp-content\/uploads\/2016\/12\/elektrodendampfgenerator-solsteam_soleum.jpg 555w, https:\/\/www.soleum.de\/wp-content\/uploads\/2016\/12\/elektrodendampfgenerator-solsteam_soleum-510x313.jpg 510w\" sizes=\"auto, (max-width: 555px) 100vw, 555px\" \/><\/div>\n<div>Il <strong>generatore di vapore SOL-Steam WELLNESS <\/strong>\u00e8 il risultato di molti anni di esperienza nel campo della tecnologia di controllo elettronico: facilit\u00e0 d&#8217;uso, precisione di controllo, elettronica affidabile, software di controllo completo e altamente sviluppato ed elevate prestazioni.<\/div>\n<div> <\/div>\n<div>\n<p>La nuova larghezza di banda offre:<\/p>\n<ul>\n<li>maggiore facilit\u00e0 d&#8217;uso: pannello di controllo ampio e intuitivo con ampio display LCD grafico e messaggi diagnostici dettagliati;<\/li>\n<li>maggiore affidabilit\u00e0: cilindri di vapore con esclusivi connettori a innesto che non richiedono pi\u00f9 attrezzi; tutti gli umidificatori sono dotati di una pompa di scarico;<\/li>\n<li>migliori prestazioni: l&#8217;umidificatore si avvia pi\u00f9 rapidamente e supporta una gamma pi\u00f9 ampia di valori di conducibilit\u00e0 dell&#8217;acqua di alimentazione consentiti; il software di controllo si adatta automaticamente alla consistenza dell&#8217;acqua di alimentazione per semplificare l&#8217;installazione e ottimizzare il tempo di funzionamento senza necessit\u00e0 di manutenzione;<\/li>\n<li>Tutti i nuovi modelli sono dotati del protocollo di comunicazione Modbus\u00ae.<\/li>\n<\/ul>\n<p>L&#8217;ampia gamma di <strong>umidificatori a elettrodi immersi SOL-Steam<\/strong> comprende modelli con capacit\u00e0 da 1,5 a 130 kg\/h.<\/p>\n<\/div>\n<div>Tutti i modelli non sono disponibili in negozio, ma sono disponibili presso di noi &#8211; contattateci per le potenze di vapore maggiori.<\/div>\n<div> <\/div>\n<div>\n<div>\n<div> <\/div>\n<div>\n<p>Il modello <strong>SOL-Steam-WELLNESS<\/strong> soddisfa i requisiti tipici di un bagno di vapore. Con questo, il software gestisce:<\/p>\n<ul>\n<li>Programmi operativi giornalieri e settimanali;<\/li>\n<li>diversi setpoint di temperatura dipendenti dal programma;<\/li>\n<li>fino a 3 attuatori per la gestione delle fragranze e 1 per il ciclo di disinfezione;<\/li>\n<li>fino a 2 ventilatori e l&#8217;illuminazione interna della cabina.<\/li>\n<\/ul>\n<p>L&#8217;unit\u00e0 di controllo con tasti a display pu\u00f2 essere installata esternamente all&#8217;umidificatore e facilita l&#8217;installazione in sistemi OEM tramite una connessione remota.<br \/>L&#8217;unit\u00e0 di vapore utilizza la normale acqua del rubinetto e gestisce in modo completamente automatico la concentrazione dell&#8217;acqua e quindi la gestione della schiuma per garantire le massime condizioni di sicurezza nel bagno di vapore.<\/p>\n<\/div>\n<\/div>\n<\/div>\n<h2>  Dati tecnici &#8211; SINTESI dei generatori di vapore<\/h2>\n<h2><img loading=\"lazy\" decoding=\"async\" class=\"alignnone size-full wp-image-4673\" src=\"https:\/\/www.dampfbad.at\/wp-content\/uploads\/2016\/12\/Dampfgenerator-Sol-Steam-Wellness-uebersicht.jpg\" alt=\"Generatore di vapore-sol-benessere del vapore-overview\" width=\"798\" height=\"380\"><\/h2>\n<\/p>\n<h2>Ambito di consegna<\/h2>\n<div>\n<div>\n<div>Il generatore di vapore SOL-Steam WELLNESS comprende un set di collegamento necessario con tubo flessibile per il vapore di ~0,5 m ed elementi di collegamento e il sensore con cavo lungo 6 m!<\/div>\n<\/div>\n<div>I tubi di collegamento (entrata dell&#8217;acqua, uscita dell&#8217;acqua e tubo del vapore) e l&#8217;ugello del vapore (poich\u00e9 ne esistono diversi) non sono inclusi.<\/div>\n<\/div>\n<h2>Schema di collegamento del generatore di vapore<\/h2>\n<div><img loading=\"lazy\" decoding=\"async\" class=\"alignnone size-medium wp-image-6074\" src=\"https:\/\/www.soleum.de\/wp-content\/uploads\/2016\/12\/dampfgenerator-sol-steam-anschluss-393x400.jpg\" alt=\"Schema di collegamento del generatore di vapore per bagno turco\" width=\"393\" height=\"400\" srcset=\"https:\/\/www.soleum.de\/wp-content\/uploads\/2016\/12\/dampfgenerator-sol-steam-anschluss-393x400.jpg 393w, https:\/\/www.soleum.de\/wp-content\/uploads\/2016\/12\/dampfgenerator-sol-steam-anschluss.jpg 508w\" sizes=\"auto, (max-width: 393px) 100vw, 393px\" \/><\/div>\n<div>  1. Installare una valvola manuale (per interrompere l&#8217;alimentazione dell&#8217;acqua) sopra l&#8217;unit\u00e0.<br \/>2. collegare il generatore di vapore al tubo dell&#8217;acqua di alimentazione. Nei modelli SOL-Steam PLUS-05 SOL-Steam PLUS-18, utilizzare un tubo flessibile con attacchi da 3\/4&#8243; G (vedere anche le istruzioni per l&#8217;uso dell&#8217;unit\u00e0).<br \/>3.installare un filtro meccanico per trattenere eventuali impurit\u00e0 solide (da installare sotto il rubinetto).<br \/>4.Collegare un connettore di scarico elettricamente non conduttivo (resistente al calore fino a 100 \u00b0C (212 \u00b0F) e con un diametro interno minimo di 40 mm (1,6 pollici)).<br \/>5.inserire un imbuto per interrompere la linea di scarico.<br \/>6.Collegare un sifone per evitare lo sviluppo di odori (diametro interno minimo 40 mm).<\/div>\n","protected":false},"excerpt":{"rendered":"<p>SOL-Steam <strong>generatore di vapore SOL-Steam WELLNESS-<\/strong> Nessun compromesso in termini di qualit\u00e0, CON l&#8217;opzione della temperatura del sensore o il semplice controllo ON\/OFF (compresi i programmi orari e il controllo della sorgente esterna).<\/p>\n<p>I nostri generatori di vapore SOL-Steam possono essere accesi e spenti anche con un interruttore esterno al bagno di vapore (12V\/24V) o con un interruttore esterno al bagno di vapore. Anche da una sala di controllo (bagnino, spa,&#8230;).<\/p>\n","protected":false},"featured_media":10460,"template":"","meta":[],"product_brand":[],"product_cat":[3554],"product_tag":[3560,3561,3562,3566,3557,3559,3564,4350,3558,3568,3556],"class_list":{"0":"post-29498","1":"product","2":"type-product","3":"status-publish","4":"has-post-thumbnail","6":"product_cat-generatori-di-vapore","7":"product_tag-apparecchio-a-vapore","8":"product_tag-caldaia-a-vapore","9":"product_tag-elettrodo-umidificatore","10":"product_tag-generatore-di-elettrodi","11":"product_tag-generatore-di-vapore","12":"product_tag-generatore-di-vapore-it","13":"product_tag-generatore-di-vapore-a-elettrodi","14":"product_tag-generatore-di-vapore-per-bagno-turco","15":"product_tag-generazione-di-vapore","16":"product_tag-tecnologia-del-bagno-di-vapore","17":"product_tag-umidificatore-a-vapore","18":"product_shipping_class-paket-10-31kg-it","20":"first","21":"instock","22":"featured","23":"sold-individually","24":"taxable","25":"shipping-taxable","26":"purchasable","27":"product-type-variable","28":"has-default-attributes"},"_links":{"self":[{"href":"https:\/\/www.soleum.de\/it\/wp-json\/wp\/v2\/product\/29498","targetHints":{"allow":["GET"]}}],"collection":[{"href":"https:\/\/www.soleum.de\/it\/wp-json\/wp\/v2\/product"}],"about":[{"href":"https:\/\/www.soleum.de\/it\/wp-json\/wp\/v2\/types\/product"}],"wp:featuredmedia":[{"embeddable":true,"href":"https:\/\/www.soleum.de\/it\/wp-json\/wp\/v2\/media\/10460"}],"wp:attachment":[{"href":"https:\/\/www.soleum.de\/it\/wp-json\/wp\/v2\/media?parent=29498"}],"wp:term":[{"taxonomy":"product_brand","embeddable":true,"href":"https:\/\/www.soleum.de\/it\/wp-json\/wp\/v2\/product_brand?post=29498"},{"taxonomy":"product_cat","embeddable":true,"href":"https:\/\/www.soleum.de\/it\/wp-json\/wp\/v2\/product_cat?post=29498"},{"taxonomy":"product_tag","embeddable":true,"href":"https:\/\/www.soleum.de\/it\/wp-json\/wp\/v2\/product_tag?post=29498"}],"curies":[{"name":"wp","href":"https:\/\/api.w.org\/{rel}","templated":true}]}}