{"id":29600,"date":"2017-01-14T10:57:11","date_gmt":"2017-01-14T09:57:11","guid":{"rendered":"https:\/\/www.soleum.de\/shop\/senza-categoria\/fragranza-per-bagno-turco-brume-de-hammam\/"},"modified":"2024-04-09T09:16:34","modified_gmt":"2024-04-09T07:16:34","slug":"profumo-di-bagno-turco-brume-de-hammam","status":"publish","type":"product","link":"https:\/\/www.soleum.de\/it\/shop\/tecnologia-del-bagno-di-vapore\/profumo-di-bagno-turco-brume-de-hammam\/","title":{"rendered":"Fragranza per bagno turco BRUME DE HAMMAM"},"content":{"rendered":"<h1>Fragranza per bagno turco &#8220;BRUME DE HAMMAM&#8221; &#8211; Emulsione per bagno turco o fragranza per <a href=\"https:\/\/www.soleum.de\/shop\/dampfbadtechnik\/duftstoffpumpe-dosierpumpe\/\">pompa di profumo<\/a><\/h1>\n<p>Da SOLEUM \u00e8 possibile acquistare la fragranza per bagno turco Brume de Hammam in diverse fragranze e contenitori. \u00c8 un&#8217;emulsione per bagno turco a base di oli essenziali di alta qualit\u00e0 e naturalmente puri. Selezionate di seguito le dimensioni del contenitore e la fragranza desiderata.<\/p>\n<h1 class=\"page-title al page-title-larger\"><img loading=\"lazy\" decoding=\"async\" class=\"aligncenter size-full wp-image-5343\" src=\"https:\/\/www.dampfbad.at\/wp-content\/uploads\/Dampfbadduft.Brume-de-hammam-Dampfbademulsion.jpg\" alt=\"Fragranza per bagno di vapore BRUME DE HAMMAM Emulsione per bagno di vapore\" width=\"889\" height=\"112\"><\/h1>\n","protected":false},"excerpt":{"rendered":"<p>Profumo per bagno turco &#8220;Brume de Hammam&#8221; in diverse varianti di fragranza. Un&#8217;emulsione per il bagno turco a base di oli essenziali di alta qualit\u00e0 e naturalmente puri!<\/p>\n","protected":false},"featured_media":10362,"template":"","meta":[],"product_brand":[],"product_cat":[3477],"product_tag":[4438,4440,4442,4443,4441,4439],"class_list":{"0":"post-29600","1":"product","2":"type-product","3":"status-publish","4":"has-post-thumbnail","6":"product_cat-tecnologia-del-bagno-di-vapore","7":"product_tag-brume-de-hammam-it","8":"product_tag-emulsione-per-bagno-turco","9":"product_tag-fragranza-per-bagno-turco","10":"product_tag-fragranza-per-bagno-turco-brume-de-hammam","11":"product_tag-profumo-di-doccia-a-vapore","12":"product_tag-profumo-per-bagno-turco","13":"product_shipping_class-pacchetto-5-10-kg","15":"first","16":"instock","17":"taxable","18":"shipping-taxable","19":"purchasable","20":"product-type-variable","21":"has-default-attributes"},"_links":{"self":[{"href":"https:\/\/www.soleum.de\/it\/wp-json\/wp\/v2\/product\/29600","targetHints":{"allow":["GET"]}}],"collection":[{"href":"https:\/\/www.soleum.de\/it\/wp-json\/wp\/v2\/product"}],"about":[{"href":"https:\/\/www.soleum.de\/it\/wp-json\/wp\/v2\/types\/product"}],"wp:featuredmedia":[{"embeddable":true,"href":"https:\/\/www.soleum.de\/it\/wp-json\/wp\/v2\/media\/10362"}],"wp:attachment":[{"href":"https:\/\/www.soleum.de\/it\/wp-json\/wp\/v2\/media?parent=29600"}],"wp:term":[{"taxonomy":"product_brand","embeddable":true,"href":"https:\/\/www.soleum.de\/it\/wp-json\/wp\/v2\/product_brand?post=29600"},{"taxonomy":"product_cat","embeddable":true,"href":"https:\/\/www.soleum.de\/it\/wp-json\/wp\/v2\/product_cat?post=29600"},{"taxonomy":"product_tag","embeddable":true,"href":"https:\/\/www.soleum.de\/it\/wp-json\/wp\/v2\/product_tag?post=29600"}],"curies":[{"name":"wp","href":"https:\/\/api.w.org\/{rel}","templated":true}]}}