{"id":29723,"date":"2017-01-18T14:23:30","date_gmt":"2017-01-18T13:23:30","guid":{"rendered":"https:\/\/www.soleum.de\/shop\/senza-categoria\/sedile-per-bagno-turco-pre-prodotto-t75\/"},"modified":"2024-11-03T16:52:01","modified_gmt":"2024-11-03T15:52:01","slug":"panca-a-vapore-pre-prodotta-t75","status":"publish","type":"product","link":"https:\/\/www.soleum.de\/it\/shop\/panche-per-bagno-turco\/sedile-t75\/panca-a-vapore-pre-prodotta-t75\/","title":{"rendered":"Sedile per bagno turco pre-prodotto T75"},"content":{"rendered":"<h1>Sedile per bagno turco pre-prodotto T75<\/h1>\n<h2>Panchina EPS <strong><br \/>\n  <u>Vuoto<\/u><br \/>\n<\/strong> con tappetino riscaldante stuccato<\/h2>\n<ul>\n<li>slegato<\/li>\n<li>Colore: grigio<\/li>\n<li>Realizzato in 1 pezzo<\/li>\n<\/ul>\n<p>Circonferenza: circa 140 cm<\/p>\n<div>\n<h1>Servizio di taglio!<\/h1>\n<\/div>\n<div>Questa panca per bagno turco \u00e8 disponibile in diverse lunghezze. Inserire la misura della lunghezza desiderata in &#8220;cm&#8221;. Il calcolo minimo \u00e8 di 100 cm. Il tappetino riscaldante \u00e8 sempre pi\u00f9 piccolo di circa 5 cm rispetto alla panca del bagno turco (distanza di sicurezza).<\/div>\n<div><\/div>\n<div><\/div>\n<div>Se la nicchia del vostro bagno turco \u00e8, ad esempio, il bagno di vapore. 130 cm, allora scegliete sempre il sedile del bagno turco pi\u00f9 piccolo di circa 2 cm!<\/div>\n<div>\n<div>Per domande &gt;<a href=\"http:\/\/www.dampfbad.at\/kontakt\/\">contattare<\/a>&lt;!<\/div>\n<\/div>\n<div class=\"is-divider divider clearfix\" style=\"max-width:1000px;background-color:rgb(38, 0, 172);\"><\/div>\n<h2 class=\"uppercase\">Ordinare i seguenti accessori<\/h2>\n<h3 class=\"thin-font\">Tappeto riscaldante per moduli SPA e controller per un piacevole calore<\/h3>\nPer tutti i moduli SPA, regoliamo la direzione dei conduttori di riscaldamento in modo da facilitare l'applicazione del tappeto riscaldante.\n\n&nbsp;\n<blockquote>Avete un progetto di costruzione pi\u00f9 ampio con diversi moduli SPA?<\/blockquote>\nA tal fine, contattateci via e-mail! Inviateci il vostro progetto (planimetria) con le dimensioni. Il nostro ufficio tecnico verificher\u00e0 il vostro progetto e vi fornir\u00e0 un'offerta adeguata.\n\nSapevate che offriamo <a href=\"https:\/\/www.soleum.de\/it\/kit-cabina-a-vapore-pre-prodotto\/\">kit pronti per la<\/a> progettazione? I kit hanno prezzi fissi in base alle categorie dimensionali. Saremo lieti di inviarvi ulteriori informazioni.\n\n<ul class=\"ux-products-list product_list_widget\">\n\t\t\t\t\t<li>\n\t<a href=\"https:\/\/www.soleum.de\/it\/shop\/tappeti-riscaldanti-per-bagno-turco\/bagno-di-vapore-riscaldamento-stuoie-su-misura-orizzontale\/\" title=\"Tappeti riscaldanti per bagno turco su misura-300W\/m2\">\n\t\t<img loading=\"lazy\" decoding=\"async\" width=\"100\" height=\"100\" src=\"https:\/\/www.soleum.de\/wp-content\/uploads\/2017\/01\/horizontale-Dampfbadheizmatte-100x100.jpg\" class=\"attachment-woocommerce_gallery_thumbnail size-woocommerce_gallery_thumbnail\" alt=\"Tappeti riscaldanti per bagno turco\" srcset=\"https:\/\/www.soleum.de\/wp-content\/uploads\/2017\/01\/horizontale-Dampfbadheizmatte-100x100.jpg 100w, https:\/\/www.soleum.de\/wp-content\/uploads\/2017\/01\/horizontale-Dampfbadheizmatte-280x280.jpg 280w\" sizes=\"auto, (max-width: 100px) 100vw, 100px\" \/>\t\t<span class=\"product-title\">Tappeti riscaldanti per bagno turco su misura-300W\/m2<\/span>\n\t<\/a>\n\t\t<span class=\"woocommerce-Price-amount amount\"><bdi>270,00&nbsp;<span class=\"woocommerce-Price-currencySymbol\">&euro;<\/span><\/bdi><\/span> <small class=\"woocommerce-price-suffix\">inkl. MWSt.<\/small><\/li>\n\t\t\t\t\t<li>\n\t<a href=\"https:\/\/www.soleum.de\/it\/shop\/tappeti-riscaldanti-per-bagno-turco\/interruttore-termostato-da-incasso-per-tappeti-riscaldanti\/\" title=\"Interruttore termostatico incorporato per il riscaldamento dei tappeti\">\n\t\t<img loading=\"lazy\" decoding=\"async\" width=\"100\" height=\"100\" src=\"https:\/\/www.soleum.de\/wp-content\/uploads\/2018\/09\/Schaltereinbauthermostat_Heizmatten-100x100.jpg\" class=\"attachment-woocommerce_gallery_thumbnail size-woocommerce_gallery_thumbnail\" alt=\"Interruttore termostatico incorporato per il riscaldamento dei tappeti\" srcset=\"https:\/\/www.soleum.de\/wp-content\/uploads\/2018\/09\/Schaltereinbauthermostat_Heizmatten-100x100.jpg 100w, https:\/\/www.soleum.de\/wp-content\/uploads\/2018\/09\/Schaltereinbauthermostat_Heizmatten-280x280.jpg 280w\" sizes=\"auto, (max-width: 100px) 100vw, 100px\" \/>\t\t<span class=\"product-title\">Interruttore termostatico incorporato per il riscaldamento dei tappeti<\/span>\n\t<\/a>\n\t\t<span class=\"woocommerce-Price-amount amount\"><bdi>149,00&nbsp;<span class=\"woocommerce-Price-currencySymbol\">&euro;<\/span><\/bdi><\/span> <small class=\"woocommerce-price-suffix\">inkl. MWSt.<\/small><\/li>\n\t\t\n\t\t<\/ul>\n\n<div class=\"is-divider divider clearfix\" style=\"max-width:1000px;background-color:rgb(38, 0, 172);\"><\/div>\n","protected":false},"excerpt":{"rendered":"<p>Sedile per bagno turco T75 pre-prodotto, profondit\u00e0 del sedile circa 75 cm, altezza dello schienale 110 cm, <strong>PRE-prodotto<\/strong> con <strong>tappetino riscaldante<\/strong> abbinato (circa 5 cm pi\u00f9 piccolo).<\/p>\n","protected":false},"featured_media":10299,"template":"","meta":[],"product_brand":[],"product_cat":[3804,4514],"product_tag":[5743,5775,5776,5774,5742,3828,3829,3813,3807,5777,3832,3830,4367,3815,4449,4289,3808,3831],"class_list":{"0":"post-29723","1":"product","2":"type-product","3":"status-publish","4":"has-post-thumbnail","6":"product_cat-panche-per-bagno-turco","7":"product_cat-sedile-t75","8":"product_tag-costruite-il-vostro-bagno-turco","9":"product_tag-costruite-il-vostro-hamam","10":"product_tag-costruite-la-vostra-doccia-a-vapore","11":"product_tag-costruzione-di-hamam","12":"product_tag-costruzione-di-un-bagno-turco-fai-da-te","13":"product_tag-modulo-eps-it","14":"product_tag-modulo-spa-it","15":"product_tag-panca-da-doccia","16":"product_tag-panca-per-bagno-turco","17":"product_tag-panca-per-doccia-a-vapore","18":"product_tag-panchina-benessere-it","19":"product_tag-panchina-benessere","20":"product_tag-panchina-eps","21":"product_tag-sedile-della-doccia","22":"product_tag-sedile-doccia-in-eps","23":"product_tag-sedile-in-eps","24":"product_tag-sedile-per-bagno-turco","25":"product_tag-seduta-benessere","26":"product_shipping_class-merci-ingombranti","28":"first","29":"instock","30":"taxable","31":"shipping-taxable","32":"purchasable","33":"product-type-simple"},"_links":{"self":[{"href":"https:\/\/www.soleum.de\/it\/wp-json\/wp\/v2\/product\/29723","targetHints":{"allow":["GET"]}}],"collection":[{"href":"https:\/\/www.soleum.de\/it\/wp-json\/wp\/v2\/product"}],"about":[{"href":"https:\/\/www.soleum.de\/it\/wp-json\/wp\/v2\/types\/product"}],"wp:featuredmedia":[{"embeddable":true,"href":"https:\/\/www.soleum.de\/it\/wp-json\/wp\/v2\/media\/10299"}],"wp:attachment":[{"href":"https:\/\/www.soleum.de\/it\/wp-json\/wp\/v2\/media?parent=29723"}],"wp:term":[{"taxonomy":"product_brand","embeddable":true,"href":"https:\/\/www.soleum.de\/it\/wp-json\/wp\/v2\/product_brand?post=29723"},{"taxonomy":"product_cat","embeddable":true,"href":"https:\/\/www.soleum.de\/it\/wp-json\/wp\/v2\/product_cat?post=29723"},{"taxonomy":"product_tag","embeddable":true,"href":"https:\/\/www.soleum.de\/it\/wp-json\/wp\/v2\/product_tag?post=29723"}],"curies":[{"name":"wp","href":"https:\/\/api.w.org\/{rel}","templated":true}]}}