{"id":29760,"date":"2017-01-24T09:19:42","date_gmt":"2017-01-24T08:19:42","guid":{"rendered":"https:\/\/www.soleum.de\/shop\/senza-categoria\/box-tecnico-del-bagno-turco\/"},"modified":"2024-02-23T17:03:28","modified_gmt":"2024-02-23T16:03:28","slug":"box-tecnologico-per-bagno-turco","status":"publish","type":"product","link":"https:\/\/www.soleum.de\/it\/shop\/tecnologia-del-bagno-di-vapore\/box-tecnologico-per-bagno-turco\/","title":{"rendered":"Box tecnico del bagno turco"},"content":{"rendered":"<h1>Box tecnico per bagno turco di SOLEUM<\/h1>\n<p>Dimensioni: circa 500 x 250 x 120 mm<\/p>\n<p>Con la nostra nuova scatola tecnologica per bagno turco pronta per il collegamento, \u00e8 possibile collegare i componenti del bagno turco con facilit\u00e0.<\/p>\n<p>\u00c8 completamente precablato all&#8217;interno e non \u00e8 necessario &#8220;armeggiare&#8221; con parti sotto tensione. Tutto \u00e8 &#8220;PLUG and PLAY&#8221;, pronto per essere collegato:<\/p>\n<h2>CARATTERISTICHE Box tecnologico per bagno turco:<\/h2>\n<ul>\n<li>\u00c8 possibile avere una <strong>linea di alimentazione separata<\/strong> per ogni circuito di riscaldamento (anche per dividere l&#8217;uscita).<\/li>\n<li>Entrambi i circuiti di riscaldamento sono dotati di <strong>fusibili separati<\/strong><\/li>\n<li>Regolatore di riscaldamento integrato per 2 circuiti di riscaldamento separati (intervallo di impostazione della temperatura da 0-60\u00b0C)<\/li>\n<li>Impostazione di <strong>temperature separate<\/strong> (pareti=circuito di riscaldamento 1 pu\u00f2 essere reso pi\u00f9 &#8220;caldo&#8221;, panche\/sdraio\/pavimento=circuito di riscaldamento 2 \u00e8 solitamente reso pi\u00f9 mite a circa 38\u00b0C).<\/li>\n<li>Per ogni circuito di riscaldamento \u00e8 possibile collegare fino a 7 tappeti riscaldanti.<\/li>\n<li>Pronto per essere collegato &#8211; minimo sforzo di connessione!<\/li>\n<li>Collegamento per la <a href=\"https:\/\/www.soleum.de\/shop\/dampfbadtechnik\/duftstoffpumpe-dosierpumpe\/\">pompa di profumazione<\/a><\/li>\n<li>Collegamento per il compressore SOLE (anche per il retrofit se l&#8217;interruttore \u00e8 previsto anche all&#8217;interno o all&#8217;esterno del bagno turco)<\/li>\n<li>Alimentazione a 24 V CC per il controllo dei LED a luce colorata<\/li>\n<li>Presa da 12 V CC<\/li>\n<li>Due circuiti LED a luce bianca separati (ad es. 1. plafoniera 2. nicchia luminosa)<\/li>\n<\/ul>\n<p>Sebbene sia molto facile collegare la scatola tecnica da soli, si consiglia di far collegare la scatola tecnica del bagno turco da un elettricista certificato. Tuttavia, il suo lavoro si limita essenzialmente al montaggio dei connettori di accoppiamento ai rispettivi <a href=\"https:\/\/www.soleum.de\/shop\/dampfbadheizmatten\/dampfbadheizmatten-auf-mass\/\">tappeti riscaldanti<\/a>, alle <a href=\"https:\/\/www.soleum.de\/shop\/dampfbadtechnik\/dampfbad-led\/\">lampade LED<\/a>, alle linee di alimentazione, ecc.<\/p>\n<p>Al momento dell&#8217;acquisto del box tecnologico per il bagno turco, \u00e8 ovviamente incluso uno schema di circuito\/schema di collegamento!<\/p><\/p>\n","protected":false},"excerpt":{"rendered":"<p>Con la nostra nuova scatola tecnologica per bagno turco pronta per il collegamento, \u00e8 possibile collegare i componenti del bagno turco con facilit\u00e0. Precablato e pronto per essere collegato.<\/p>\n","protected":false},"featured_media":10257,"template":"","meta":[],"product_brand":[],"product_cat":[3477],"product_tag":[4671,4670,4672,3568],"class_list":{"0":"post-29760","1":"product","2":"type-product","3":"status-publish","4":"has-post-thumbnail","6":"product_cat-tecnologia-del-bagno-di-vapore","7":"product_tag-box-tecnico","8":"product_tag-box-tecnico-del-bagno-turco","9":"product_tag-box-tecnologico-soleum","10":"product_tag-tecnologia-del-bagno-di-vapore","11":"product_shipping_class-paket-5-10kg-it","13":"first","14":"outofstock","15":"taxable","16":"shipping-taxable","17":"purchasable","18":"product-type-simple"},"_links":{"self":[{"href":"https:\/\/www.soleum.de\/it\/wp-json\/wp\/v2\/product\/29760","targetHints":{"allow":["GET"]}}],"collection":[{"href":"https:\/\/www.soleum.de\/it\/wp-json\/wp\/v2\/product"}],"about":[{"href":"https:\/\/www.soleum.de\/it\/wp-json\/wp\/v2\/types\/product"}],"wp:featuredmedia":[{"embeddable":true,"href":"https:\/\/www.soleum.de\/it\/wp-json\/wp\/v2\/media\/10257"}],"wp:attachment":[{"href":"https:\/\/www.soleum.de\/it\/wp-json\/wp\/v2\/media?parent=29760"}],"wp:term":[{"taxonomy":"product_brand","embeddable":true,"href":"https:\/\/www.soleum.de\/it\/wp-json\/wp\/v2\/product_brand?post=29760"},{"taxonomy":"product_cat","embeddable":true,"href":"https:\/\/www.soleum.de\/it\/wp-json\/wp\/v2\/product_cat?post=29760"},{"taxonomy":"product_tag","embeddable":true,"href":"https:\/\/www.soleum.de\/it\/wp-json\/wp\/v2\/product_tag?post=29760"}],"curies":[{"name":"wp","href":"https:\/\/api.w.org\/{rel}","templated":true}]}}