{"id":29801,"date":"2020-07-17T15:56:15","date_gmt":"2020-07-17T13:56:15","guid":{"rendered":"https:\/\/www.soleum.de\/shop\/senza-categoria\/doccetta-solemina-v4a\/"},"modified":"2024-02-23T17:08:31","modified_gmt":"2024-02-23T16:08:31","slug":"doccetta-solemina-v4a","status":"publish","type":"product","link":"https:\/\/www.soleum.de\/it\/shop\/rubinetteria-per-doccetta\/doccetta-solemina-v4a\/","title":{"rendered":"Doccetta SOLEMINA V4A"},"content":{"rendered":"<p>Doccetta SOLEMINA V4A in acciaio inox SET composto da<\/p>\n<ol>\n<li style=\"list-style-type: none;\">\n<ol>\n<li>ACCIAIO INOX V4A Doccetta curva L=145mm P=21mm, AISI 316Lmatt<\/li>\n<li>Tubo doccia intrecciato L=150cm acciaio inox opaco Connettori M10X1 \/ 1\/2<\/li>\n<li>Presa a muro ad incasso V4A in acciaio inox H=60 mm incl. Piastra di montaggio, AISI 316 opaco<\/li>\n<li>Acciaio inox V4A Tubo doccia a parete G1\/2 con staffa Conne. M10x1 D=R70\/42, AISI 316 opaco<\/li>\n<li>Regolatore per acqua fredda V4A in acciaio inox con UP su piastra di montaggio, AISI316L opaco<\/li>\n<\/ol>\n<\/li>\n<\/ol>\n<p>Grazie al rivestimento con nitruro di titanio (TiN), l&#8217;acciaio inossidabile pu\u00f2 essere colorato in diverse tonalit\u00e0 metalliche. Il rivestimento \u00e8 sicuro per gli alimenti, resistente ai colori, ai raggi UV e alla corrosioneMateriali colorati Lamiere di base in acciaio inox Lato A standard colorato. Lamiere forate in acciaio inox a specchio\/lucide No.8 sabbiate, sabbiate con ceramica o sabbiate al corindone (compreso il foro interno) superfici rettificate (K 80-1200). Micrografia longitudinale e trasversale, linea dei capelli, vibrazione  <\/p>\n\t<div id=\"gap-809484370\" class=\"gap-element clearfix\" style=\"display:block; height:auto;\">\n\t\t\n<style>\n#gap-809484370 {\n  padding-top: 48px;\n}\n<\/style>\n\t<\/div>\n\t\n<div class=\"container section-title-container\" ><h3 class=\"section-title section-title-normal\"><b aria-hidden=\"true\"><\/b><span class=\"section-title-main\" >Sono possibili diversi rivestimenti<\/span><b aria-hidden=\"true\"><\/b><\/h3><\/div>\n<p>Grazie al rivestimento con nitruro di titanio (TiN), l&#8217;acciaio inossidabile pu\u00f2 essere colorato in diverse tonalit\u00e0 metalliche.<br \/>\nIl rivestimento \u00e8 sicuro per gli alimenti, resistente ai colori, ai raggi UV e alla corrosione.<\/p>\n<p>Materiali colorabili<br \/>\nPiastre di base in acciaio inox<br \/>\nLato A standard colorato. Possibile su entrambi i lati.<\/p>\n<p>Acciaio inox lucidato a specchio\/alto lucido No.8<br \/>\nAcciaio inossidabile sabbiato con microsfere di vetro, sabbiato con ceramica o sabbiato con corindone<br \/>\nFogli perforati (con foro interno)<br \/>\nsuperfici al suolo (K 80-1200). Micrografia longitudinale e trasversale, linea dei capelli, vibrazione<\/p>\n\t<div class=\"img has-hover x md-x lg-x y md-y lg-y\" id=\"image_642366204\">\n\t\t\t\t\t\t\t\t<div class=\"img-inner dark\" >\n\t\t\t<img loading=\"lazy\" decoding=\"async\" width=\"913\" height=\"411\" src=\"https:\/\/www.soleum.de\/wp-content\/uploads\/2020\/07\/Beschichtungen.jpg\" class=\"attachment-large size-large\" alt=\"\" srcset=\"https:\/\/www.soleum.de\/wp-content\/uploads\/2020\/07\/Beschichtungen.jpg 913w, https:\/\/www.soleum.de\/wp-content\/uploads\/2020\/07\/Beschichtungen-800x360.jpg 800w, https:\/\/www.soleum.de\/wp-content\/uploads\/2020\/07\/Beschichtungen-768x346.jpg 768w, https:\/\/www.soleum.de\/wp-content\/uploads\/2020\/07\/Beschichtungen-510x230.jpg 510w\" sizes=\"auto, (max-width: 913px) 100vw, 913px\" \/>\t\t\t\t\t\t\n\t\t\t\t\t<\/div>\n\t\t\t\t\t\t\t\t\n<style>\n#image_642366204 {\n  width: 90%;\n}\n<\/style>\n\t<\/div>\n\t\n\t<div id=\"gap-809793618\" class=\"gap-element clearfix\" style=\"display:block; height:auto;\">\n\t\t\n<style>\n#gap-809793618 {\n  padding-top: 62px;\n}\n<\/style>\n\t<\/div>\n\t\n<div class=\"container section-title-container\" ><h3 class=\"section-title section-title-normal\"><b aria-hidden=\"true\"><\/b><span class=\"section-title-main\" >Raccordo in acciaio inox nero<\/span><b aria-hidden=\"true\"><\/b><\/h3><\/div>\n\t<div class=\"img has-hover x md-x lg-x y md-y lg-y\" id=\"image_1433035303\">\n\t\t\t\t\t\t\t\t<div class=\"img-inner dark\" >\n\t\t\t<img loading=\"lazy\" decoding=\"async\" width=\"800\" height=\"640\" src=\"https:\/\/www.soleum.de\/wp-content\/uploads\/2020\/07\/farbfaecher_schwarz.jpg\" class=\"attachment-large size-large\" alt=\"\" srcset=\"https:\/\/www.soleum.de\/wp-content\/uploads\/2020\/07\/farbfaecher_schwarz.jpg 800w, https:\/\/www.soleum.de\/wp-content\/uploads\/2020\/07\/farbfaecher_schwarz-500x400.jpg 500w, https:\/\/www.soleum.de\/wp-content\/uploads\/2020\/07\/farbfaecher_schwarz-768x614.jpg 768w, https:\/\/www.soleum.de\/wp-content\/uploads\/2020\/07\/farbfaecher_schwarz-510x408.jpg 510w\" sizes=\"auto, (max-width: 800px) 100vw, 800px\" \/>\t\t\t\t\t\t\n\t\t\t\t\t<\/div>\n\t\t\t\t\t\t\t\t\n<style>\n#image_1433035303 {\n  width: 90%;\n}\n<\/style>\n\t<\/div>\n\t\n","protected":false},"excerpt":{"rendered":"<p>Doccetta\/kneipp in acciaio inox, raccordo nascosto, spazzolato opaco.<br \/>\nModello: SOLEMINA V4A<\/p>\n","protected":false},"featured_media":17859,"template":"","meta":[],"product_brand":[],"product_cat":[4771],"product_tag":[4779,4777,4781,4782,4774,4776,4780,4778],"class_list":{"0":"post-29801","1":"product","2":"type-product","3":"status-publish","4":"has-post-thumbnail","6":"product_cat-rubinetteria-per-doccetta","7":"product_tag-bagno-di-vapore-per-la-pulizia-del-tubo-flessibile","8":"product_tag-doccetta-in-acciaio-inox","9":"product_tag-doccetta-per-bagno-di-vapore-salino","10":"product_tag-doccetta-per-bagno-turco","11":"product_tag-doccetta-solemina-v4a","12":"product_tag-doccia-a-mano","13":"product_tag-doccia-ad-acqua-fredda","14":"product_tag-tubo-kneipp-in-acciaio-inox","15":"product_shipping_class-paket-5-10kg-it","17":"first","18":"instock","19":"taxable","20":"shipping-taxable","21":"purchasable","22":"product-type-simple"},"_links":{"self":[{"href":"https:\/\/www.soleum.de\/it\/wp-json\/wp\/v2\/product\/29801","targetHints":{"allow":["GET"]}}],"collection":[{"href":"https:\/\/www.soleum.de\/it\/wp-json\/wp\/v2\/product"}],"about":[{"href":"https:\/\/www.soleum.de\/it\/wp-json\/wp\/v2\/types\/product"}],"wp:featuredmedia":[{"embeddable":true,"href":"https:\/\/www.soleum.de\/it\/wp-json\/wp\/v2\/media\/17859"}],"wp:attachment":[{"href":"https:\/\/www.soleum.de\/it\/wp-json\/wp\/v2\/media?parent=29801"}],"wp:term":[{"taxonomy":"product_brand","embeddable":true,"href":"https:\/\/www.soleum.de\/it\/wp-json\/wp\/v2\/product_brand?post=29801"},{"taxonomy":"product_cat","embeddable":true,"href":"https:\/\/www.soleum.de\/it\/wp-json\/wp\/v2\/product_cat?post=29801"},{"taxonomy":"product_tag","embeddable":true,"href":"https:\/\/www.soleum.de\/it\/wp-json\/wp\/v2\/product_tag?post=29801"}],"curies":[{"name":"wp","href":"https:\/\/api.w.org\/{rel}","templated":true}]}}