{"id":29816,"date":"2023-05-17T10:57:35","date_gmt":"2023-05-17T08:57:35","guid":{"rendered":"https:\/\/www.soleum.de\/shop\/senza-categoria\/lettino-riscaldato-spa-per-hotel-e-privati\/"},"modified":"2024-02-23T17:09:43","modified_gmt":"2024-02-23T16:09:43","slug":"lettino-riscaldato-spa-per-hotel-e-privati","status":"publish","type":"product","link":"https:\/\/www.soleum.de\/it\/shop\/lettini-riscaldati-della-spa\/lettino-riscaldato-spa-per-hotel-e-privati\/","title":{"rendered":"Lettino riscaldato SPA per hotel e privati"},"content":{"rendered":"<div class=\"wpb_text_column wpb_content_element \">\n<div class=\"wpb_wrapper\">\n<h1 class=\"entry-title\">Lettino riscaldato SPA di lusso con mosaico di vetro SICIS<\/h1>\n<h2>Lettini SPA per hotel, aree benessere e saune private<\/h2>\n<p>Il delicato calore radiante attraverso la piastrella ha un effetto benefico unico per il nostro benessere. Relax dalla forma perfetta in un lettino di lusso. Design senza tempo, forma ergonomica, durata facile da curare: questi lettini riscaldati sono vere e proprie opere d&#8217;arte che si integrano perfettamente in un&#8217;oasi termale privata o in un&#8217;area SPA di un hotel di lusso.<\/p>\n<p><strong>SICIS\u00ae:<\/strong> grazie al nobile mosaico di vetro italiano fatto a mano, il lettino brilla in modo particolare<strong> da ogni direzione di osservazione<\/strong>.<\/p>\n<p>Anche il rivestimento <strong>in microcemento<\/strong>, che conferisce al lettino una sensazione particolare, \u00e8 realizzato a mano. Quattro ulteriori sovrapposizioni di microcemento impreziosiscono questo esclusivo lettino wellness.<\/p>\n<p>Mosaico Sicis: <strong>Collezione Colibr\u00ec SWAMI 3<\/strong><br \/>\nStuccatura speciale epossidica selezionata in base alla superficie della piastrella nel miglior modo possibile<br \/>\nPotenza di riscaldamento: <strong>459W,<\/strong> 230V<br \/>\nTemperatura liberamente regolabile<\/p>\n<p>Con illuminazione a LED intorno alla base e rivestimento in microcemento fatto a mano in colore antracite\/nero.<\/p>\n<p>Dimensioni: Lunghezza <strong>159cm, <\/strong>larghezza <strong>81cm<\/strong>, altezza <strong>106cm<\/strong><br \/>\nPeso: solo <strong>80 kg<\/strong><\/p>\n<p>Art. no: 4301001000<\/p>\n<\/div>\n<\/div>\n\t<div class=\"img has-hover x md-x lg-x y md-y lg-y\" id=\"image_1849203387\">\n\t\t\t\t\t\t\t\t<div class=\"img-inner dark\" >\n\t\t\t<img loading=\"lazy\" decoding=\"async\" width=\"913\" height=\"800\" src=\"https:\/\/www.soleum.de\/wp-content\/uploads\/2023\/05\/SOLEUM_SICIS-SPA-Waermeliege_1000-913x800.jpg\" class=\"attachment-large size-large\" alt=\"\" srcset=\"https:\/\/www.soleum.de\/wp-content\/uploads\/2023\/05\/SOLEUM_SICIS-SPA-Waermeliege_1000-913x800.jpg 913w, https:\/\/www.soleum.de\/wp-content\/uploads\/2023\/05\/SOLEUM_SICIS-SPA-Waermeliege_1000-457x400.jpg 457w, https:\/\/www.soleum.de\/wp-content\/uploads\/2023\/05\/SOLEUM_SICIS-SPA-Waermeliege_1000-768x673.jpg 768w, https:\/\/www.soleum.de\/wp-content\/uploads\/2023\/05\/SOLEUM_SICIS-SPA-Waermeliege_1000-510x447.jpg 510w, https:\/\/www.soleum.de\/wp-content\/uploads\/2023\/05\/SOLEUM_SICIS-SPA-Waermeliege_1000.jpg 1000w\" sizes=\"auto, (max-width: 913px) 100vw, 913px\" \/>\t\t\t\t\t\t\n\t\t\t\t\t<\/div>\n\t\t\t\t\t\t\t\t\n<style>\n#image_1849203387 {\n  width: 100%;\n}\n<\/style>\n\t<\/div>\n\t\n<div class=\"text-center\"><div class=\"is-divider divider clearfix\" style=\"max-width:754px;background-color:rgb(2, 0, 104);\"><\/div><\/div>\n\t<div class=\"img has-hover x md-x lg-x y md-y lg-y\" id=\"image_1378190825\">\n\t\t\t\t\t\t\t\t<div class=\"img-inner dark\" >\n\t\t\t<img loading=\"lazy\" decoding=\"async\" width=\"1000\" height=\"346\" src=\"https:\/\/www.soleum.de\/wp-content\/uploads\/2023\/05\/Luxus-SPA-Liege-Abmessungen.jpg\" class=\"attachment-large size-large\" alt=\"\" srcset=\"https:\/\/www.soleum.de\/wp-content\/uploads\/2023\/05\/Luxus-SPA-Liege-Abmessungen.jpg 1000w, https:\/\/www.soleum.de\/wp-content\/uploads\/2023\/05\/Luxus-SPA-Liege-Abmessungen-800x277.jpg 800w, https:\/\/www.soleum.de\/wp-content\/uploads\/2023\/05\/Luxus-SPA-Liege-Abmessungen-768x266.jpg 768w, https:\/\/www.soleum.de\/wp-content\/uploads\/2023\/05\/Luxus-SPA-Liege-Abmessungen-510x176.jpg 510w\" sizes=\"auto, (max-width: 1000px) 100vw, 1000px\" \/>\t\t\t\t\t\t\n\t\t\t\t\t<\/div>\n\t\t\t\t\t\t\t\t\n<style>\n#image_1378190825 {\n  width: 100%;\n}\n<\/style>\n\t<\/div>\n\t\n<div class=\"text-center\"><div class=\"is-divider divider clearfix\" style=\"max-width:754px;background-color:rgb(2, 0, 104);\"><\/div><\/div>\n\t<div class=\"box has-hover   has-hover box-text-bottom\" >\n\n\t\t<div class=\"box-image\" style=\"width:25%;\">\n\t\t\t<a href=\"https:\/\/www.soleum.de\/wp-content\/uploads\/2023\/05\/SICIS-SPA-Liege.pdf\" target=\"_blank\" rel=\"noopener\" >\t\t\t<div class=\"\" >\n\t\t\t\t<img loading=\"lazy\" decoding=\"async\" width=\"214\" height=\"300\" src=\"https:\/\/www.soleum.de\/wp-content\/uploads\/2023\/05\/SICIS-SPA-Liege_Preisliste.jpg\" class=\"attachment- size-\" alt=\"\" \/>\t\t\t\t\t\t\t\t\t\t\t<\/div>\n\t\t\t<\/a>\t\t<\/div>\n\n\t\t<div class=\"box-text text-center\" >\n\t\t\t<div class=\"box-text-inner\">\n\t\t\t\t\n<h4><a href=\"https:\/\/www.soleum.de\/wp-content\/uploads\/2023\/05\/SICIS-SPA-Liege.pdf\">Scarica il file PDF di SICIS SPA HEAT LIE (3MB)<\/a><\/h4>\n<p>Scaricare il file per visualizzarlo.<\/p>\n\t\t\t<\/div>\n\t\t<\/div>\n\t<\/div>\n\t\n<h2>Rivestimento in microcemento fatto a mano<\/h2>\n<p>Il microcemento \u00e8 un sistema bicomponente di polimeri e cemento. \u00c8 possibile scegliere la superficie in diversi colori.<\/p>\n<p>Il microcemento viene applicato a mano. Per questo motivo, il cliente deve accettare il fatto che nella lavorazione di un materiale plastico possono verificarsi lievi irregolarit\u00e0 e difetti minimi. Il microcemento \u00e8 un prodotto artigianale unico nel suo genere.<br \/>\nfabbricati e non prodotti in serie. Le differenze nelle sfumature e\/o nella concentrazione dei colori devono essere viste come elementi preziosi dell&#8217;opera, non come difetti.<br \/>\nLe superfici in microcemento esposte a carichi affilati o appuntiti (sedie, mobili, tacchi alti, ecc.) possono subire buchi o graffi. Sebbene la superficie in microcemento abbia un&#8217;eccellente resistenza, hanno caratteristiche simili ai pavimenti in legno e devono essere trattati di conseguenza.<\/p>\n<p>Sul rivestimento in microcemento possono formarsi dei graffi. Pi\u00f9 la superficie \u00e8 liscia e uniforme, pi\u00f9 \u00e8 probabile che presenti graffi dovuti all&#8217;uso. Questi problemi<br \/>\ne i deficit possono essere facilmente aggirati con la scelta del colore e di una finitura incoerente e non uniforme, ma anche con una cura adeguata e corretta.<\/p>\n<p>Anche se il trattamento con un sigillante protegge il pavimento dalla rapida penetrazione di fuoriuscite accidentali, occorre comunque ricordare che tutti i liquidi,<br \/>\nin particolare, i liquidi comunemente usati in casa, come vino, olio, aceto o caff\u00e8, devono essere rimossi da tutte le superfici il pi\u00f9 rapidamente possibile, in modo che non possano penetrare in nessun caso.<\/p>\n<p><strong>CURA<\/strong><br \/>\nRaccomandazioni e suggerimenti per mantenere pulita e bella la superficie del microcemento:<br \/>\n&#8211; La pulizia del bordo in microcemento \u00e8 semplice: basta passare un panno umido con un po&#8217; di detergente neutro e senza schiuma.<br \/>\n&#8211; Si consiglia di trattare regolarmente la superficie con prodotti protettivi a base di cere autolucidanti in acqua (come Ideal Cera).  <strong>Prodotti per la cura a base di sapone, acidi, ammoniaca, cloro o altre sostanze.<\/strong><br \/>\n<strong>a base di agenti<\/strong> corrosivi <strong>sono severamente vietati per il trattamento<\/strong>. Utilizzare solo prodotti per la cura non aggressivi e a pH neutro.<\/p>\n\t<div class=\"img has-hover x md-x lg-x y md-y lg-y\" id=\"image_1857525521\">\n\t\t\t\t\t\t\t\t<div class=\"img-inner dark\" >\n\t\t\t<img loading=\"lazy\" decoding=\"async\" width=\"1000\" height=\"529\" src=\"https:\/\/www.soleum.de\/wp-content\/uploads\/2023\/05\/Overlay_Mikrozement.jpg\" class=\"attachment-large size-large\" alt=\"\" srcset=\"https:\/\/www.soleum.de\/wp-content\/uploads\/2023\/05\/Overlay_Mikrozement.jpg 1000w, https:\/\/www.soleum.de\/wp-content\/uploads\/2023\/05\/Overlay_Mikrozement-756x400.jpg 756w, https:\/\/www.soleum.de\/wp-content\/uploads\/2023\/05\/Overlay_Mikrozement-768x406.jpg 768w, https:\/\/www.soleum.de\/wp-content\/uploads\/2023\/05\/Overlay_Mikrozement-510x270.jpg 510w\" sizes=\"auto, (max-width: 1000px) 100vw, 1000px\" \/>\t\t\t\t\t\t\n\t\t\t\t\t<\/div>\n\t\t\t\t\t\t\t\t\n<style>\n#image_1857525521 {\n  width: 100%;\n}\n<\/style>\n\t<\/div>\n\t\n\t<div id=\"gap-855400777\" class=\"gap-element clearfix\" style=\"display:block; height:auto;\">\n\t\t\n<style>\n#gap-855400777 {\n  padding-top: 100px;\n}\n<\/style>\n\t<\/div>\n\t\n<p>I prezzi sono comprensivi di. IVA e franco fabbrica Pregresso<\/p>\n","protected":false},"excerpt":{"rendered":"<p>Lettino riscaldato SPA di lusso con mosaico di vetro SICIS per aree benessere esclusive e paesaggi sauna privati. I fianchi sono realizzati in microcemento fine di colore antracite. Relax dalla forma perfetta in un lettino di lusso.<\/p>\n","protected":false},"featured_media":20792,"template":"","meta":[],"product_brand":[],"product_cat":[4960,4797],"product_tag":[4993,4968,4967,4965,4981,4985,4989,4964,3979,4975,4972,4987,4970,4971,4969,4978,4979,4983,4961,4973,4976,4980,4977,4966,4963,4974,4962],"class_list":{"0":"post-29816","1":"product","2":"type-product","3":"status-publish","4":"has-post-thumbnail","6":"product_cat-lettini-riscaldati-della-spa","7":"product_cat-offerte-compravendite","8":"product_tag-accessori-per-aree-benessere","9":"product_tag-chaise-lounge-a-infrarossi","10":"product_tag-divano-dellhotel","11":"product_tag-divano-riscaldante-piastrellato","12":"product_tag-idee-spa","13":"product_tag-lettini-spa-per-hotel","14":"product_tag-lettini-wellness-per-la-sauna","15":"product_tag-lettino-a-infrarossi-piastrellato","16":"product_tag-lettino-benessere","17":"product_tag-lettino-di-lusso-it","18":"product_tag-lettino-di-lusso","19":"product_tag-lettino-di-riscaldamento-per-strutture-spa","20":"product_tag-lettino-per-architetti","21":"product_tag-lettino-per-larea-benessere","22":"product_tag-lettino-relax-a-infrarossi","23":"product_tag-lettino-sicis","24":"product_tag-lettino-soleum","25":"product_tag-lettino-spa","26":"product_tag-lettino-spa-di-design","27":"product_tag-lettino-spa-di-lusso","28":"product_tag-microcemento","29":"product_tag-progettista-spa","30":"product_tag-rivestimento-in-microcemento","31":"product_tag-rivestimento-in-oro","32":"product_tag-rivestimento-in-vero-metallo","33":"product_tag-spa-di-lusso","34":"product_tag-vero-metallo","36":"first","37":"instock","38":"sale","39":"taxable","40":"shipping-taxable","41":"purchasable","42":"product-type-simple"},"_links":{"self":[{"href":"https:\/\/www.soleum.de\/it\/wp-json\/wp\/v2\/product\/29816","targetHints":{"allow":["GET"]}}],"collection":[{"href":"https:\/\/www.soleum.de\/it\/wp-json\/wp\/v2\/product"}],"about":[{"href":"https:\/\/www.soleum.de\/it\/wp-json\/wp\/v2\/types\/product"}],"wp:featuredmedia":[{"embeddable":true,"href":"https:\/\/www.soleum.de\/it\/wp-json\/wp\/v2\/media\/20792"}],"wp:attachment":[{"href":"https:\/\/www.soleum.de\/it\/wp-json\/wp\/v2\/media?parent=29816"}],"wp:term":[{"taxonomy":"product_brand","embeddable":true,"href":"https:\/\/www.soleum.de\/it\/wp-json\/wp\/v2\/product_brand?post=29816"},{"taxonomy":"product_cat","embeddable":true,"href":"https:\/\/www.soleum.de\/it\/wp-json\/wp\/v2\/product_cat?post=29816"},{"taxonomy":"product_tag","embeddable":true,"href":"https:\/\/www.soleum.de\/it\/wp-json\/wp\/v2\/product_tag?post=29816"}],"curies":[{"name":"wp","href":"https:\/\/api.w.org\/{rel}","templated":true}]}}