{"id":29937,"date":"2017-12-16T15:16:43","date_gmt":"2017-12-16T14:16:43","guid":{"rendered":"https:\/\/www.soleum.de\/shop\/senza-categoria\/ricambio-per-cilindro-a-vapore\/"},"modified":"2024-02-23T17:05:00","modified_gmt":"2024-02-23T16:05:00","slug":"ricambio-per-cilindro-a-vapore","status":"publish","type":"product","link":"https:\/\/www.soleum.de\/it\/shop\/parti-di-ricambio\/ricambio-per-cilindro-a-vapore\/","title":{"rendered":"Ricambio per cilindro a vapore"},"content":{"rendered":"<h1>Ricambio per cilindro vapore a bassa o media conducibilit\u00e0<\/h1>\n<h2>per i generatori di vapore SOL-Steam SOL-005, SOL-008, SOL-010, SOL-015, SOL-018<\/h2>\n<div><span style=\"font-size: 120%;\">Ricambio per cilindro a vapore per bassa conducibilit\u00e0 dell&#8217;acqua: <strong>75-350 \u00b5S\/cm<\/strong><\/span><\/div>\n<div>\n<div><span style=\"font-size: 120%;\">Ricambio per cilindro vapore per conducibilit\u00e0 media dell&#8217;acqua: <strong>350-1250 \u00b5S\/cm (cilindro standard)<\/strong><\/span><\/div>\n<\/div>\n\t<div id=\"gap-1678718337\" class=\"gap-element clearfix\" style=\"display:block; height:auto;\">\n\t\t\n<style>\n#gap-1678718337 {\n  padding-top: 30px;\n}\n<\/style>\n\t<\/div>\n\t\n<div>Il prezzo include gi\u00e0 il set di elettrodi!<\/div>\n\t<div id=\"gap-987423060\" class=\"gap-element clearfix\" style=\"display:block; height:auto;\">\n\t\t\n<style>\n#gap-987423060 {\n  padding-top: 30px;\n}\n<\/style>\n\t<\/div>\n\t\n<div>Nel video seguente si pu\u00f2 vedere che lo scambio di un cilindro di vapore \u00e8 molto semplice:<\/div>\n<p><iframe loading=\"lazy\" src=\"https:\/\/www.youtube.com\/embed\/kRphlMnuBQY?rel=0\" width=\"560\" height=\"315\" frameborder=\"0\" allowfullscreen=\"allowfullscreen\"><\/iframe><\/p>\n<div>\n<h2>Qualit\u00e0 dell&#8217;acqua e durata del cilindro di vapore<\/h2>\n<p>La relazione tra la durezza dell&#8217;acqua e la durata delle bombole non \u00e8 lineare e non pu\u00f2 essere calcolata. La durezza dell&#8217;acqua, \u00b0dH = gradi di durezza tedesca, si riferisce solo alla percentuale di calcare disciolto (calcio e ioni) nell&#8217;acqua. La conducibilit\u00e0 \u00e8 determinata dalla quantit\u00e0 di sali e metalli disciolti. La composizione delle acque e i rapporti tra le sostanze disciolte sono molto diversi tra loro, tanto che a tutt&#8217;oggi nessuno sa dire con esattezza perch\u00e9 gli umidificatori a elettrodi possano funzionare pi\u00f9 a lungo con un&#8217;acqua piuttosto che con un&#8217;altra, sebbene entrambe abbiano &#8220;buone qualit\u00e0 di acqua potabile&#8221;. I seguenti valori sono stati determinati da un&#8217;autorit\u00e0 idrica statale attraverso analisi dell&#8217;acqua, per cui le ore di funzionamento si riferiscono solo alla durezza! Non si tiene conto delle sostanze disciolte, come minerali, sali e metalli, e della conducibilit\u00e0 elettrica.<\/p>\n<p><img loading=\"lazy\" decoding=\"async\" class=\"aligncenter size-full wp-image-7752\" src=\"https:\/\/www.soleum.de\/wp-content\/uploads\/2017\/12\/dampfzylinder_wasserhaerte.jpg\" alt=\"Tabella di durezza dell'acqua dei cilindri a vapore\" width=\"676\" height=\"227\" srcset=\"https:\/\/www.soleum.de\/wp-content\/uploads\/2017\/12\/dampfzylinder_wasserhaerte.jpg 676w, https:\/\/www.soleum.de\/wp-content\/uploads\/2017\/12\/dampfzylinder_wasserhaerte-510x171.jpg 510w\" sizes=\"auto, (max-width: 676px) 100vw, 676px\" \/><\/p>\n<p>Un sistema di addolcimento adeguato pu\u00f2 aumentare la durata dei cilindri. Negli scambiatori di ioni, i componenti della durezza (calcare) vengono scambiati con il sodio (sale). L&#8217;acqua addolcita ha meno calcare, ma pi\u00f9 sali = maggiore conducibilit\u00e0 = maggiore aggressivit\u00e0.<\/p>\n<p>L&#8217;acqua con meno di 75\u00b5S\/cm e pi\u00f9 di 1500\u00b5S\/cm non \u00e8 adatta agli umidificatori a elettrodi!<\/p>\n<\/div>\n\t<div id=\"gap-1429169506\" class=\"gap-element clearfix\" style=\"display:block; height:auto;\">\n\t\t\n<style>\n#gap-1429169506 {\n  padding-top: 30px;\n}\n<\/style>\n\t<\/div>\n\t\n","protected":false},"excerpt":{"rendered":"<p>Nuovo cilindro di ricambio per il generatore di vapore a elettrodi SOL-Steam<\/p>\n<p>SELEZIONARE IL DISPOSITIVO E LA CONDUTTIVIT\u00c0 DESIDERATA NEL CAMPO DI SELEZIONE SOTTOSTANTE!<\/p>\n","protected":false},"featured_media":15227,"template":"","meta":[],"product_brand":[],"product_cat":[5309],"product_tag":[5314,5055,5315,5312,5310,5311,5313],"class_list":{"0":"post-29937","1":"product","2":"type-product","3":"status-publish","4":"has-post-thumbnail","6":"product_cat-parti-di-ricambio","7":"product_tag-bassa-conduttivita","8":"product_tag-cilindro-a-vapore","9":"product_tag-conduttivita-media","10":"product_tag-pezzo-di-ricambio-generatore-di-vapore","11":"product_tag-ricambio","12":"product_tag-ricambio-it","13":"product_tag-ricambio-serbatoio-vapore","14":"product_shipping_class-paket-5-10kg-it","16":"first","17":"instock","18":"taxable","19":"shipping-taxable","20":"purchasable","21":"product-type-variable"},"_links":{"self":[{"href":"https:\/\/www.soleum.de\/it\/wp-json\/wp\/v2\/product\/29937","targetHints":{"allow":["GET"]}}],"collection":[{"href":"https:\/\/www.soleum.de\/it\/wp-json\/wp\/v2\/product"}],"about":[{"href":"https:\/\/www.soleum.de\/it\/wp-json\/wp\/v2\/types\/product"}],"wp:featuredmedia":[{"embeddable":true,"href":"https:\/\/www.soleum.de\/it\/wp-json\/wp\/v2\/media\/15227"}],"wp:attachment":[{"href":"https:\/\/www.soleum.de\/it\/wp-json\/wp\/v2\/media?parent=29937"}],"wp:term":[{"taxonomy":"product_brand","embeddable":true,"href":"https:\/\/www.soleum.de\/it\/wp-json\/wp\/v2\/product_brand?post=29937"},{"taxonomy":"product_cat","embeddable":true,"href":"https:\/\/www.soleum.de\/it\/wp-json\/wp\/v2\/product_cat?post=29937"},{"taxonomy":"product_tag","embeddable":true,"href":"https:\/\/www.soleum.de\/it\/wp-json\/wp\/v2\/product_tag?post=29937"}],"curies":[{"name":"wp","href":"https:\/\/api.w.org\/{rel}","templated":true}]}}