{"id":29982,"date":"2023-08-23T11:54:18","date_gmt":"2023-08-23T09:54:18","guid":{"rendered":"https:\/\/www.soleum.de\/shop\/senza-categoria\/vendita-divano-riscaldante-articolo-singolo\/"},"modified":"2024-02-23T17:11:14","modified_gmt":"2024-02-23T16:11:14","slug":"waermeliege-abverkauf-einzelstueck","status":"publish","type":"product","link":"https:\/\/www.soleum.de\/it\/shop\/offerte-compravendite\/waermeliege-abverkauf-einzelstueck\/","title":{"rendered":"Vendita divano riscaldante articolo singolo"},"content":{"rendered":"<p>Vendita divano riscaldante, ROH senza piastrelle, pezzo singolo<\/p>\n<p>Dimensioni: Lunghezza 215 cm. Larghezza 90 cm<\/p>\n<p>gi\u00e0 rivestito con tappetino riscaldante. Il tubo di protezione del sensore \u00e8 gi\u00e0 installato.<\/p>\n<p>Prezzi al netto della scuola materna, pi\u00f9 IVA. Spese di spedizione e imballaggio EUR 80,&#8211; (non applicabile ai collezionisti)<\/p>\n","protected":false},"excerpt":{"rendered":"<p>Vendita divano riscaldante, ROH senza piastrelle, pezzo singolo Dimensioni: Lunghezza 215 cm. Larghezza 90 cm gi\u00e0 rivestito con tappetino riscaldante. Il tubo di protezione del sensore \u00e8 gi\u00e0 installato. Prezzi al netto della scuola materna, pi\u00f9 IVA. Spese di spedizione e imballaggio EUR 80,&#8211; (non applicabile ai collezionisti)<\/p>\n","protected":false},"featured_media":21121,"template":"","meta":[],"product_brand":[],"product_cat":[4797],"product_tag":[5446,3975,5452,5454,4983,5453,5451,5450,5448],"class_list":{"0":"post-29982","1":"product","2":"type-product","3":"status-publish","4":"has-post-thumbnail","6":"product_cat-offerte-compravendite","7":"product_tag-affare","8":"product_tag-lettino-a-infrarossi","9":"product_tag-lettino-di-riscaldamento-per-farsi","10":"product_tag-lettino-riscaldante-per-zona-asciutta","11":"product_tag-lettino-spa","12":"product_tag-lettino-termico-per-bagno-turco","13":"product_tag-pezzi-singoli","14":"product_tag-vendita","15":"product_tag-vendita-poltrone","17":"first","18":"instock","19":"sale","20":"taxable","21":"shipping-taxable","22":"purchasable","23":"product-type-simple"},"_links":{"self":[{"href":"https:\/\/www.soleum.de\/it\/wp-json\/wp\/v2\/product\/29982","targetHints":{"allow":["GET"]}}],"collection":[{"href":"https:\/\/www.soleum.de\/it\/wp-json\/wp\/v2\/product"}],"about":[{"href":"https:\/\/www.soleum.de\/it\/wp-json\/wp\/v2\/types\/product"}],"wp:featuredmedia":[{"embeddable":true,"href":"https:\/\/www.soleum.de\/it\/wp-json\/wp\/v2\/media\/21121"}],"wp:attachment":[{"href":"https:\/\/www.soleum.de\/it\/wp-json\/wp\/v2\/media?parent=29982"}],"wp:term":[{"taxonomy":"product_brand","embeddable":true,"href":"https:\/\/www.soleum.de\/it\/wp-json\/wp\/v2\/product_brand?post=29982"},{"taxonomy":"product_cat","embeddable":true,"href":"https:\/\/www.soleum.de\/it\/wp-json\/wp\/v2\/product_cat?post=29982"},{"taxonomy":"product_tag","embeddable":true,"href":"https:\/\/www.soleum.de\/it\/wp-json\/wp\/v2\/product_tag?post=29982"}],"curies":[{"name":"wp","href":"https:\/\/api.w.org\/{rel}","templated":true}]}}