{"id":32325,"date":"2024-09-06T07:40:51","date_gmt":"2024-09-06T05:40:51","guid":{"rendered":"https:\/\/www.soleum.de\/?post_type=product&#038;p=32325"},"modified":"2024-09-06T07:53:34","modified_gmt":"2024-09-06T05:53:34","slug":"lettino-riscaldato-lovt-in-look-cemento-kopie","status":"publish","type":"product","link":"https:\/\/www.soleum.de\/it\/shop\/offerte-compravendite\/lettino-riscaldato-lovt-in-look-cemento-kopie\/","title":{"rendered":"Lettino riscaldato LOVT in look cemento (Kopie)"},"content":{"rendered":"\t<div class=\"img has-hover x md-x lg-x y md-y lg-y\" id=\"image_398253696\">\n\t\t<a class=\"\" href=\"https:\/\/www.soleum.de\/hu\/featured_item\/melegito-spa-nyugagy\/\" target=\"_blank\" rel=\"noopener\" >\t\t\t\t\t\t<div class=\"img-inner dark\" >\n\t\t\t<img loading=\"lazy\" decoding=\"async\" width=\"1400\" height=\"770\" src=\"https:\/\/www.soleum.de\/wp-content\/uploads\/2023\/09\/Waermeliege-LOVT_in_Betonoptik-1.jpg\" class=\"attachment-original size-original\" alt=\"\" srcset=\"https:\/\/www.soleum.de\/wp-content\/uploads\/2023\/09\/Waermeliege-LOVT_in_Betonoptik-1.jpg 1400w, https:\/\/www.soleum.de\/wp-content\/uploads\/2023\/09\/Waermeliege-LOVT_in_Betonoptik-1-727x400.jpg 727w, https:\/\/www.soleum.de\/wp-content\/uploads\/2023\/09\/Waermeliege-LOVT_in_Betonoptik-1-768x422.jpg 768w, https:\/\/www.soleum.de\/wp-content\/uploads\/2023\/09\/Waermeliege-LOVT_in_Betonoptik-1-510x281.jpg 510w\" sizes=\"auto, (max-width: 1400px) 100vw, 1400px\" \/>\t\t\t\t\t\t\n\t\t\t\t\t<\/div>\n\t\t\t\t\t\t<\/a>\t\t\n<style>\n#image_398253696 {\n  width: 100%;\n}\n<\/style>\n\t<\/div>\n\t\n<div class=\"wpb_text_column wpb_content_element \">\n<div class=\"wpb_wrapper\">\n<h1 class=\"entry-title\">Lettino riscaldato LOVT in look cemento<\/h1>\n<blockquote><p>Si tratta di un <strong>divano da esposizione<\/strong> e quindi lo vendiamo con uno sconto corrispondente &#8211; ma il divano \u00e8 assolutamente come nuovo. Se l&#8217;articolo viene spedito senza un&#8217;ispezione preventiva, non pu\u00f2 essere sostituito o restituito. Il lettino viene spedito in una scatola di legno appositamente realizzata.<\/p><\/blockquote>\n<h2>Lettino SPA per hotel, aree benessere e saune private<\/h2>\n<p>Il delicato calore radiante attraverso la piastrella ha un effetto benefico unico per il nostro benessere. Relax dalla forma perfetta in un lettino di lusso. Design senza tempo, forma ergonomica, durata facile da curare: questi lettini riscaldati sono vere e proprie opere d&#8217;arte che si integrano perfettamente in un&#8217;oasi termale privata o in un&#8217;area SPA di un hotel di lusso.<\/p>\n<p>Con il <a href=\"https:\/\/www.soleum.de\/it\/featured_item\/lettino-riscaldante-spa\/\">lettino in cemento LOVT<\/a> poniamo degli accenti e vediamo questo esclusivo mobile come un complemento dell&#8217;architettura contemporanea.<\/p>\n<\/div>\n<\/div>\n\t<div class=\"box has-hover   has-hover box-text-bottom\" >\n\n\t\t<div class=\"box-image\" >\n\t\t\t\t\t\t<div class=\"\" >\n\t\t\t\t<img loading=\"lazy\" decoding=\"async\" width=\"765\" height=\"379\" src=\"https:\/\/www.soleum.de\/wp-content\/uploads\/2023\/08\/Infrarot-Waermeliegen-Soleum-Design22.jpg\" class=\"attachment- size-\" alt=\"\" srcset=\"https:\/\/www.soleum.de\/wp-content\/uploads\/2023\/08\/Infrarot-Waermeliegen-Soleum-Design22.jpg 765w, https:\/\/www.soleum.de\/wp-content\/uploads\/2023\/08\/Infrarot-Waermeliegen-Soleum-Design22-510x253.jpg 510w\" sizes=\"auto, (max-width: 765px) 100vw, 765px\" \/>\t\t\t\t\t\t\t\t\t\t\t<\/div>\n\t\t\t\t\t<\/div>\n\n\t\t<div class=\"box-text text-center\" >\n\t\t\t<div class=\"box-text-inner\">\n\t\t\t\t\n<h3 class=\"fusion-responsive-typography-calculated\" data-fontsize=\"24\" data-lineheight=\"30px\">TEXTURE EFFETTO CEMENTO FATTE A MANO<\/h3>\n<p>Il microcemento, rivestito a mano, conferisce al lettino un aspetto di cemento. A seconda del fabbricante e del modello, si ottengono strutture individuali.<\/p>\n\t\t\t<\/div>\n\t\t<\/div>\n\t<\/div>\n\t\n<div class=\"wpb_text_column wpb_content_element \">\n<div class=\"wpb_wrapper\">\n<p>Con illuminazione a LED intorno alla base e un rivestimento in microcemento fatto a mano in GRIGIO BETONIO<\/p>\n<\/div>\n<div class=\"fusion-layout-column fusion_builder_column fusion-builder-column-1 fusion_builder_column_1_2 1_2 fusion-flex-column\">\n<div class=\"fusion-column-wrapper fusion-column-has-shadow fusion-flex-justify-content-flex-start fusion-content-layout-column\">\n<div class=\"fusion-text fusion-text-7\">\n<h3 class=\"fusion-responsive-typography-calculated\" data-fontsize=\"24\" data-lineheight=\"30px\">Dati tecnici:<\/h3>\n<ul>\n<li>Potenza: 459W, 230V (110V su ordinazione)<\/li>\n<li>La temperatura \u00e8 liberamente regolabile, da ~30-45\u00b0C (normalmente circa 37-39\u00b0C).<\/li>\n<li>Il divano viene consegnato pronto per essere collegato. &#8220;Plug &amp; Play<\/li>\n<li>Con illuminazione a LED sotto il lettino in bianco caldo.<\/li>\n<li>Microcemento architettonico di colore GRIGIO (sono possibili numerosi altri colori!)<\/li>\n<\/ul>\n<\/div>\n<\/div>\n<\/div>\n<div class=\"wpb_wrapper\">\n<p>Dimensioni: Lunghezza <strong>204 cm<\/strong>, larghezza <strong>76 cm<\/strong>, altezza <strong>83 cm<\/strong>, altezza seduta <strong>~40 cm<\/strong><br \/>\nPeso: solo <strong>70 kg<\/strong><\/p>\n<\/div>\n<\/div>\n<div class=\"text-center\"><div class=\"is-divider divider clearfix\" style=\"max-width:754px;background-color:rgb(2, 0, 104);\"><\/div><\/div>\n\t<div class=\"img has-hover x md-x lg-x y md-y lg-y\" id=\"image_1917526257\">\n\t\t\t\t\t\t\t\t<div class=\"img-inner dark\" style=\"margin:0px 0px 0px 0px;\">\n\t\t\t<img loading=\"lazy\" decoding=\"async\" width=\"600\" height=\"276\" src=\"https:\/\/www.soleum.de\/wp-content\/uploads\/2023\/08\/Kontur-Waermeliege-1.jpg\" class=\"attachment-large size-large\" alt=\"\" srcset=\"https:\/\/www.soleum.de\/wp-content\/uploads\/2023\/08\/Kontur-Waermeliege-1.jpg 600w, https:\/\/www.soleum.de\/wp-content\/uploads\/2023\/08\/Kontur-Waermeliege-1-510x235.jpg 510w\" sizes=\"auto, (max-width: 600px) 100vw, 600px\" \/>\t\t\t\t\t\t\n\t\t\t\t\t<\/div>\n\t\t\t\t\t\t\t\t\n<style>\n#image_1917526257 {\n  width: 49%;\n}\n<\/style>\n\t<\/div>\n\t\n<div class=\"text-center\"><div class=\"is-divider divider clearfix\" style=\"max-width:754px;background-color:rgb(2, 0, 104);\"><\/div><\/div>\n<h2>Rivestimento in microcemento fatto a mano<\/h2>\n<p>Il microcemento \u00e8 un sistema bicomponente di polimeri e cemento. \u00c8 possibile scegliere la superficie in diversi colori.<\/p>\n<p>Il microcemento viene applicato a mano. Per questo motivo, il cliente deve accettare il fatto che nella lavorazione di un materiale plastico possono verificarsi lievi irregolarit\u00e0 e difetti minimi. Il microcemento \u00e8 un prodotto artigianale unico nel suo genere.<br \/>\nfabbricati e non prodotti in serie. Le differenze nelle sfumature e\/o nella concentrazione dei colori devono essere viste come elementi preziosi dell&#8217;opera, non come difetti.<br \/>\nLe superfici in microcemento esposte a carichi affilati o appuntiti (sedie, mobili, tacchi alti, ecc.) possono subire buchi o graffi. Sebbene la superficie in microcemento abbia un&#8217;eccellente resistenza, hanno caratteristiche simili ai pavimenti in legno e devono essere trattati di conseguenza.<\/p>\n<p>Sul rivestimento in microcemento possono formarsi dei graffi. Pi\u00f9 la superficie \u00e8 liscia e uniforme, pi\u00f9 \u00e8 probabile che presenti graffi dovuti all&#8217;uso. Questi problemi<br \/>\ne i deficit possono essere facilmente aggirati con la scelta del colore e di una finitura incoerente e non uniforme, ma anche con una cura adeguata e corretta.<\/p>\n<p>Anche se il trattamento con un sigillante protegge il pavimento dalla rapida penetrazione di fuoriuscite accidentali, occorre comunque ricordare che tutti i liquidi,<br \/>\nin particolare, i liquidi comunemente usati in casa, come vino, olio, aceto o caff\u00e8, devono essere rimossi da tutte le superfici il pi\u00f9 rapidamente possibile, in modo che non possano penetrare in nessun caso.<\/p>\n<p><strong>CURA<\/strong><br \/>\nRaccomandazioni e suggerimenti per mantenere pulita e bella la superficie del microcemento:<br \/>\n&#8211; La pulizia del bordo in microcemento \u00e8 semplice: basta passare un panno umido con un po&#8217; di detergente neutro e senza schiuma.<br \/>\n&#8211; Si consiglia di trattare regolarmente la superficie con prodotti protettivi a base di cere autolucidanti in acqua (come Ideal Cera).  <strong>Prodotti per la cura a base di sapone, acidi, ammoniaca, cloro o altre sostanze.<\/strong><br \/>\n<strong>Per il trattamento sono assolutamente vietati gli agenti<\/strong> corrosivi <strong>a base di<\/strong> sostanze chimiche. Utilizzare solo prodotti per la cura non aggressivi e a pH neutro.<\/p>\n\t<div id=\"gap-727024864\" class=\"gap-element clearfix\" style=\"display:block; height:auto;\">\n\t\t\n<style>\n#gap-727024864 {\n  padding-top: 100px;\n}\n<\/style>\n\t<\/div>\n\t\n<p>I prezzi sono comprensivi di. IVA e franco fabbrica Pregresso<\/p>\n\t\n  \n    <div class=\"row large-columns-3 medium-columns- small-columns-2 row-small\" >\n  \n\t     <div class=\"product-small col has-hover product type-product post-29844 status-publish first instock product_cat-offerte-compravendite product_tag-acqua-di-fuoco product_tag-design-spa product_tag-fuoco-a-ultrasuoni product_tag-fuoco-a-ultrasuoni-3d has-post-thumbnail sale taxable shipping-taxable purchasable product-type-simple\">\n\t<div class=\"col-inner\">\n\t\n<div class=\"badge-container absolute left top z-1\">\n<div class=\"callout badge badge-circle\"><div class=\"badge-inner secondary on-sale\"><span class=\"onsale\">In offerta!<\/span><\/div><\/div>\n<\/div>\n\t<div class=\"product-small box \">\n\t\t<div class=\"box-image\">\n\t\t\t<div class=\"image-fade_in_back\">\n\t\t\t\t<a href=\"https:\/\/www.soleum.de\/it\/shop\/offerte-compravendite\/cassetta-installazione-con-3d-ultrasuoni-fuoco\/\">\n\t\t\t\t\t<img loading=\"lazy\" decoding=\"async\" width=\"247\" height=\"300\" src=\"https:\/\/www.soleum.de\/wp-content\/uploads\/2023\/09\/Feuerbox_soleum-247x300.jpg\" class=\"attachment-woocommerce_thumbnail size-woocommerce_thumbnail\" alt=\"Fuoco a ultrasuoni 3D\" \/><img loading=\"lazy\" decoding=\"async\" width=\"247\" height=\"300\" src=\"https:\/\/www.soleum.de\/wp-content\/uploads\/2023\/08\/Infrarot-Waermeliegen-Soleum-Design13-247x300.jpg\" class=\"show-on-hover absolute fill hide-for-small back-image\" alt=\"Lettino riscaldato a infrarossi con fuoco 3D\" aria-hidden=\"true\" \/>\t\t\t\t<\/a>\n\t\t\t<\/div>\n\t\t\t<div class=\"image-tools is-small top right show-on-hover\">\n\t\t\t\t\t\t\t<\/div>\n\t\t\t<div class=\"image-tools is-small hide-for-small bottom left show-on-hover\">\n\t\t\t\t\t\t\t<\/div>\n\t\t\t<div class=\"image-tools grid-tools text-center hide-for-small bottom hover-slide-in show-on-hover\">\n\t\t\t\t<a href=\"#quick-view\" class=\"quick-view\" role=\"button\" data-prod=\"29844\" aria-haspopup=\"dialog\" aria-expanded=\"false\" data-flatsome-role-button>Anteprima<\/a>\t\t\t<\/div>\n\t\t\t\t\t<\/div>\n\n\t\t<div class=\"box-text box-text-products\">\n\t\t\t<div class=\"title-wrapper\">\t\t<p class=\"category uppercase is-smaller no-text-overflow product-cat op-8\">\n\t\t\tOFFERTE-COMPRAVENDITE\t\t<\/p>\n\t<p class=\"name product-title woocommerce-loop-product__title\"><a href=\"https:\/\/www.soleum.de\/it\/shop\/offerte-compravendite\/cassetta-installazione-con-3d-ultrasuoni-fuoco\/\" class=\"woocommerce-LoopProduct-link woocommerce-loop-product__link\">Cassetta antincendio, cassetta da incasso con fuoco a ultrasuoni 3D<\/a><\/p><\/div><div class=\"price-wrapper\">\n\t<span class=\"price\"><del aria-hidden=\"true\"><span class=\"woocommerce-Price-amount amount\"><bdi>3.630,00&nbsp;<span class=\"woocommerce-Price-currencySymbol\">&euro;<\/span><\/bdi><\/span><\/del> <span class=\"screen-reader-text\">Il prezzo originale era: 3.630,00&nbsp;&euro;.<\/span><ins aria-hidden=\"true\"><span class=\"woocommerce-Price-amount amount\"><bdi>2.400,00&nbsp;<span class=\"woocommerce-Price-currencySymbol\">&euro;<\/span><\/bdi><\/span><\/ins><span class=\"screen-reader-text\">Il prezzo attuale \u00e8: 2.400,00&nbsp;&euro;.<\/span> <small class=\"woocommerce-price-suffix\">inkl. MWSt.<\/small><\/span>\n<\/div>\t\t<\/div>\n\t<\/div>\n\t\t<\/div>\n<\/div><div class=\"product-small col has-hover product type-product post-29842 status-publish instock product_cat-lettini-riscaldati-della-spa product_cat-offerte-compravendite product_tag-accessori-per-aree-benessere product_tag-chaise-lounge-a-infrarossi product_tag-divano-dellhotel product_tag-idee-spa product_tag-lettini-spa-per-hotel product_tag-lettini-wellness-per-la-sauna product_tag-lettino-a-infrarossi-piastrellato product_tag-lettino-benessere product_tag-lettino-di-lusso product_tag-lettino-di-lusso-it product_tag-lettino-di-riscaldamento-per-strutture-spa product_tag-lettino-in-cemento product_tag-lettino-in-look-cemento product_tag-lettino-per-architetti product_tag-lettino-per-calcestruzzo-a-infrarossi product_tag-lettino-per-larea-benessere product_tag-lettino-relax-a-infrarossi product_tag-lettino-riscaldato-lovt-in-look-cemento product_tag-lettino-soleum product_tag-lettino-spa product_tag-lettino-spa-di-design product_tag-lettino-spa-di-lusso product_tag-microcemento product_tag-progettista-spa product_tag-rivestimento-in-microcemento product_tag-spa-di-lusso has-post-thumbnail sale sold-individually taxable shipping-taxable purchasable product-type-simple\">\n\t<div class=\"col-inner\">\n\t\n<div class=\"badge-container absolute left top z-1\">\n<div class=\"callout badge badge-circle\"><div class=\"badge-inner secondary on-sale\"><span class=\"onsale\">In offerta!<\/span><\/div><\/div>\n<\/div>\n\t<div class=\"product-small box \">\n\t\t<div class=\"box-image\">\n\t\t\t<div class=\"image-fade_in_back\">\n\t\t\t\t<a href=\"https:\/\/www.soleum.de\/it\/shop\/lettini-riscaldati-della-spa\/lettino-riscaldato-lovt-in-look-cemento\/\">\n\t\t\t\t\t<img loading=\"lazy\" decoding=\"async\" width=\"247\" height=\"300\" src=\"https:\/\/www.soleum.de\/wp-content\/uploads\/2023\/09\/Waermeliege-LOVT_in_Betonoptik-247x300.jpg\" class=\"attachment-woocommerce_thumbnail size-woocommerce_thumbnail\" alt=\"Lettino riscaldato LOVT in look cemento\" \/><img loading=\"lazy\" decoding=\"async\" width=\"247\" height=\"300\" src=\"https:\/\/www.soleum.de\/wp-content\/uploads\/2023\/08\/Infrarot-Waermeliegen-Soleum-Design22-247x300.jpg\" class=\"show-on-hover absolute fill hide-for-small back-image\" alt=\"Alternative view of Lettino riscaldato LOVT in look cemento\" aria-hidden=\"true\" \/>\t\t\t\t<\/a>\n\t\t\t<\/div>\n\t\t\t<div class=\"image-tools is-small top right show-on-hover\">\n\t\t\t\t\t\t\t<\/div>\n\t\t\t<div class=\"image-tools is-small hide-for-small bottom left show-on-hover\">\n\t\t\t\t\t\t\t<\/div>\n\t\t\t<div class=\"image-tools grid-tools text-center hide-for-small bottom hover-slide-in show-on-hover\">\n\t\t\t\t<a href=\"#quick-view\" class=\"quick-view\" role=\"button\" data-prod=\"29842\" aria-haspopup=\"dialog\" aria-expanded=\"false\" data-flatsome-role-button>Anteprima<\/a>\t\t\t<\/div>\n\t\t\t\t\t<\/div>\n\n\t\t<div class=\"box-text box-text-products\">\n\t\t\t<div class=\"title-wrapper\">\t\t<p class=\"category uppercase is-smaller no-text-overflow product-cat op-8\">\n\t\t\tLettini riscaldati della SPA\t\t<\/p>\n\t<p class=\"name product-title woocommerce-loop-product__title\"><a href=\"https:\/\/www.soleum.de\/it\/shop\/lettini-riscaldati-della-spa\/lettino-riscaldato-lovt-in-look-cemento\/\" class=\"woocommerce-LoopProduct-link woocommerce-loop-product__link\">Lettino riscaldato LOVT in look cemento<\/a><\/p><\/div><div class=\"price-wrapper\">\n\t<span class=\"price\"><del aria-hidden=\"true\"><span class=\"woocommerce-Price-amount amount\"><bdi>9.288,00&nbsp;<span class=\"woocommerce-Price-currencySymbol\">&euro;<\/span><\/bdi><\/span><\/del> <span class=\"screen-reader-text\">Il prezzo originale era: 9.288,00&nbsp;&euro;.<\/span><ins aria-hidden=\"true\"><span class=\"woocommerce-Price-amount amount\"><bdi>5.900,00&nbsp;<span class=\"woocommerce-Price-currencySymbol\">&euro;<\/span><\/bdi><\/span><\/ins><span class=\"screen-reader-text\">Il prezzo attuale \u00e8: 5.900,00&nbsp;&euro;.<\/span> <small class=\"woocommerce-price-suffix\">inkl. MWSt.<\/small><\/span>\n<\/div>\t\t<\/div>\n\t<\/div>\n\t\t<\/div>\n<\/div><\/div>\n","protected":false},"excerpt":{"rendered":"<p>Lettino riscaldante LOVT in look cemento con soli 70 kg- Il lettino in cemento LOVT crea accenti e vediamo questo esclusivo pezzo di arredamento come un complemento all&#8217;architettura contemporanea.<\/p>\n","protected":false},"featured_media":20715,"template":"","meta":[],"product_brand":[],"product_cat":[4797],"product_tag":[4993,4968,4967,4981,4985,4989,4964,3979,4972,4975,4987,4970,4971,4969,4979,4983,4961,4973,4980,4974],"class_list":{"0":"post-32325","1":"product","2":"type-product","3":"status-publish","4":"has-post-thumbnail","6":"product_cat-offerte-compravendite","7":"product_tag-accessori-per-aree-benessere","8":"product_tag-chaise-lounge-a-infrarossi","9":"product_tag-divano-dellhotel","10":"product_tag-idee-spa","11":"product_tag-lettini-spa-per-hotel","12":"product_tag-lettini-wellness-per-la-sauna","13":"product_tag-lettino-a-infrarossi-piastrellato","14":"product_tag-lettino-benessere","15":"product_tag-lettino-di-lusso","16":"product_tag-lettino-di-lusso-it","17":"product_tag-lettino-di-riscaldamento-per-strutture-spa","18":"product_tag-lettino-per-architetti","19":"product_tag-lettino-per-larea-benessere","20":"product_tag-lettino-relax-a-infrarossi","21":"product_tag-lettino-soleum","22":"product_tag-lettino-spa","23":"product_tag-lettino-spa-di-design","24":"product_tag-lettino-spa-di-lusso","25":"product_tag-progettista-spa","26":"product_tag-spa-di-lusso","27":"product_shipping_class-merci-ingombranti","29":"last","30":"instock","31":"sale","32":"sold-individually","33":"taxable","34":"shipping-taxable","35":"purchasable","36":"product-type-simple"},"_links":{"self":[{"href":"https:\/\/www.soleum.de\/it\/wp-json\/wp\/v2\/product\/32325","targetHints":{"allow":["GET"]}}],"collection":[{"href":"https:\/\/www.soleum.de\/it\/wp-json\/wp\/v2\/product"}],"about":[{"href":"https:\/\/www.soleum.de\/it\/wp-json\/wp\/v2\/types\/product"}],"wp:featuredmedia":[{"embeddable":true,"href":"https:\/\/www.soleum.de\/it\/wp-json\/wp\/v2\/media\/20715"}],"wp:attachment":[{"href":"https:\/\/www.soleum.de\/it\/wp-json\/wp\/v2\/media?parent=32325"}],"wp:term":[{"taxonomy":"product_brand","embeddable":true,"href":"https:\/\/www.soleum.de\/it\/wp-json\/wp\/v2\/product_brand?post=32325"},{"taxonomy":"product_cat","embeddable":true,"href":"https:\/\/www.soleum.de\/it\/wp-json\/wp\/v2\/product_cat?post=32325"},{"taxonomy":"product_tag","embeddable":true,"href":"https:\/\/www.soleum.de\/it\/wp-json\/wp\/v2\/product_tag?post=32325"}],"curies":[{"name":"wp","href":"https:\/\/api.w.org\/{rel}","templated":true}]}}